{"id":90832,"date":"2019-07-11T13:59:46","date_gmt":"2019-07-11T13:59:46","guid":{"rendered":"https:\/\/www.3p-gmbh.de\/produkt\/compresor-de-presion-y-vacio-ehrler-beck-dvt-3-80\/"},"modified":"2019-07-11T13:59:46","modified_gmt":"2019-07-11T13:59:46","slug":"compresor-de-presion-y-vacio","status":"publish","type":"product","link":"https:\/\/www.3p-gmbh.de\/es\/produkt\/compresor-de-presion-y-vacio\/","title":{"rendered":"Compresor de presi\u00f3n y vac\u00edo Ehrler &amp; Beck DVT 3.80"},"content":{"rendered":"<p>&#8211; Caudal 80 metros c\u00fabicos\/h<br \/>\n&#8211; 6 Bar<br \/>\n&#8211; 4 KW<\/p>\n","protected":false},"excerpt":{"rendered":"<p>&#8211; Caudal 80 metros c\u00fabicos\/h &#8211; 6 Bar &#8211; 4 KW<\/p>\n","protected":false},"featured_media":70381,"template":"","meta":[],"product_brand":[],"product_cat":[2929],"product_tag":[],"class_list":{"0":"post-90832","1":"product","2":"type-product","3":"status-publish","4":"has-post-thumbnail","6":"product_cat-compresores-y-bombas-de-vacio","7":"pa_baujahr-198","8":"pa_hersteller-ehrler-beck","9":"pa_typ-dvt-3-80","11":"first","12":"instock","13":"sold-individually","14":"taxable","15":"shipping-taxable","16":"purchasable","17":"product-type-simple"},"jetpack_sharing_enabled":true,"_links":{"self":[{"href":"https:\/\/www.3p-gmbh.de\/es\/wp-json\/wp\/v2\/product\/90832","targetHints":{"allow":["GET"]}}],"collection":[{"href":"https:\/\/www.3p-gmbh.de\/es\/wp-json\/wp\/v2\/product"}],"about":[{"href":"https:\/\/www.3p-gmbh.de\/es\/wp-json\/wp\/v2\/types\/product"}],"wp:featuredmedia":[{"embeddable":true,"href":"https:\/\/www.3p-gmbh.de\/es\/wp-json\/wp\/v2\/media\/70381"}],"wp:attachment":[{"href":"https:\/\/www.3p-gmbh.de\/es\/wp-json\/wp\/v2\/media?parent=90832"}],"wp:term":[{"taxonomy":"product_brand","embeddable":true,"href":"https:\/\/www.3p-gmbh.de\/es\/wp-json\/wp\/v2\/product_brand?post=90832"},{"taxonomy":"product_cat","embeddable":true,"href":"https:\/\/www.3p-gmbh.de\/es\/wp-json\/wp\/v2\/product_cat?post=90832"},{"taxonomy":"product_tag","embeddable":true,"href":"https:\/\/www.3p-gmbh.de\/es\/wp-json\/wp\/v2\/product_tag?post=90832"}],"curies":[{"name":"wp","href":"https:\/\/api.w.org\/{rel}","templated":true}]}}