{"id":90822,"date":"2019-07-11T13:59:46","date_gmt":"2019-07-11T13:59:46","guid":{"rendered":"https:\/\/www.3p-gmbh.de\/produkt\/carretilla-retractil-electrica-jungheinrich-etv-214-ac\/"},"modified":"2019-07-11T13:59:46","modified_gmt":"2019-07-11T13:59:46","slug":"carretilla-retractil-electrica","status":"publish","type":"product","link":"https:\/\/www.3p-gmbh.de\/es\/produkt\/carretilla-retractil-electrica\/","title":{"rendered":"Carretilla retr\u00e1ctil el\u00e9ctrica Jungheinrich ETV 214 AC"},"content":{"rendered":"<p>Horas de funcionamiento: 8248<br \/>\nm\u00e1x. Altura de elevaci\u00f3n 5300 mm<br \/>\nDesplazamiento lateral con hidr\u00e1ulica auxiliar ZH 1, capacidad de carga<br \/>\nCapacidad de elevaci\u00f3n 1400 kg<br \/>\nLongitud de horquilla 115 cm con extensiones de horquilla enchufables<br \/>\nDirecci\u00f3n el\u00e9ctrica de 180<br \/>\nsolo Palanca de control piloto para accionamiento hidr\u00e1ulico<br \/>\nBater\u00eda 48 V 560 Ah con Aquamatik, cargador 48V 70 A<br \/>\nPeso propio aprox. 3500 kg<\/p>\n","protected":false},"excerpt":{"rendered":"<p>Horas de funcionamiento: 8248 m\u00e1x. Altura de elevaci\u00f3n 5300 mm Desplazamiento lateral con hidr\u00e1ulica auxiliar ZH 1, capacidad de carga Capacidad de elevaci\u00f3n 1400 kg Longitud de horquilla 115 cm con extensiones de horquilla enchufables Direcci\u00f3n el\u00e9ctrica de 180 solo Palanca de control piloto para accionamiento hidr\u00e1ulico Bater\u00eda 48 V 560 Ah con Aquamatik, cargador [&hellip;]<\/p>\n","protected":false},"featured_media":70351,"template":"","meta":[],"product_brand":[],"product_cat":[2858],"product_tag":[],"class_list":{"0":"post-90822","1":"product","2":"type-product","3":"status-publish","4":"has-post-thumbnail","6":"product_cat-carretillas-industriales","7":"pa_baujahr-153","8":"pa_hersteller-jungheinrich","9":"pa_typ-etv-214-ac","11":"first","12":"instock","13":"sold-individually","14":"taxable","15":"shipping-taxable","16":"purchasable","17":"product-type-simple"},"jetpack_sharing_enabled":true,"_links":{"self":[{"href":"https:\/\/www.3p-gmbh.de\/es\/wp-json\/wp\/v2\/product\/90822","targetHints":{"allow":["GET"]}}],"collection":[{"href":"https:\/\/www.3p-gmbh.de\/es\/wp-json\/wp\/v2\/product"}],"about":[{"href":"https:\/\/www.3p-gmbh.de\/es\/wp-json\/wp\/v2\/types\/product"}],"wp:featuredmedia":[{"embeddable":true,"href":"https:\/\/www.3p-gmbh.de\/es\/wp-json\/wp\/v2\/media\/70351"}],"wp:attachment":[{"href":"https:\/\/www.3p-gmbh.de\/es\/wp-json\/wp\/v2\/media?parent=90822"}],"wp:term":[{"taxonomy":"product_brand","embeddable":true,"href":"https:\/\/www.3p-gmbh.de\/es\/wp-json\/wp\/v2\/product_brand?post=90822"},{"taxonomy":"product_cat","embeddable":true,"href":"https:\/\/www.3p-gmbh.de\/es\/wp-json\/wp\/v2\/product_cat?post=90822"},{"taxonomy":"product_tag","embeddable":true,"href":"https:\/\/www.3p-gmbh.de\/es\/wp-json\/wp\/v2\/product_tag?post=90822"}],"curies":[{"name":"wp","href":"https:\/\/api.w.org\/{rel}","templated":true}]}}