{"id":90816,"date":"2019-09-27T10:43:08","date_gmt":"2019-09-27T10:43:08","guid":{"rendered":"https:\/\/www.3p-gmbh.de\/produkt\/sistema-uv-ctp-xpose-230-de-luescher\/"},"modified":"2019-09-27T10:43:08","modified_gmt":"2019-09-27T10:43:08","slug":"sistema-luescher-expose-230-uv-ctp","status":"publish","type":"product","link":"https:\/\/www.3p-gmbh.de\/es\/produkt\/sistema-luescher-expose-230-uv-ctp\/","title":{"rendered":"Sistema UV CtP XPose 230 de L\u00fcscher"},"content":{"rendered":"<ul>\n<li>L\u00fcscher XPose 230 UV + PHS y TiFF Shooter incl. Hardware inform\u00e1tico para planchas offset y planchas flexogr\u00e1ficas de lavado al agua<\/li>\n<li>Diodos UV de 405 nm para planchas de impresi\u00f3n offset convencionales y pel\u00edculas diazo, as\u00ed como planchas de lacado de Mac Dermid (las pantallas rotativas de Gallus, Kocher + Beck y Stork tambi\u00e9n se pueden exponer con UV de 405 nm sin problemas<\/li>\n<li>Los diodos l\u00e1ser de 375 nm se utilizan para la exposici\u00f3n directa de planchas de impresi\u00f3n flexogr\u00e1fica lavables en agua o planchas de impresi\u00f3n tipogr\u00e1fica convencionales sin capa LAMS.<\/li>\n<li>32 diodos l\u00e1ser de 375 nm para planchas flexogr\u00e1ficas lavables con agua<\/li>\n<li>16 diodos l\u00e1ser de 405 nm<\/li>\n<li>Punz\u00f3n en l\u00ednea para Bacher 2000 Autoplate 780 mm y 425 m<\/li>\n<li>contador de placas: 58.736 platos<\/li>\n<li>Tiempo l\u00e1ser: 4.030 horas<\/li>\n<li>revoluciones sliprint: 30894729<\/li>\n<li>Sistema de manipulaci\u00f3n de placas PHS 230 de L\u00fcscher con cinco almacenes de placas (tambi\u00e9n puede omitirse a petici\u00f3n)<\/li>\n<li>Mesa de transporte Glunz &amp; Jensen IP 66<\/li>\n<li>Procesadora de planchas offset AGFA Elantrix DX 85 con dos rodillos de cepillo, a\u00f1o de fabricaci\u00f3n 2017.<\/li>\n<\/ul>\n","protected":false},"excerpt":{"rendered":"<p>L\u00fcscher XPose 230 UV + PHS y TiFF Shooter incl. Hardware inform\u00e1tico para planchas offset y planchas flexogr\u00e1ficas de lavado al agua Diodos UV de 405 nm para planchas de impresi\u00f3n offset convencionales y pel\u00edculas diazo, as\u00ed como planchas de lacado de Mac Dermid (las pantallas rotativas de Gallus, Kocher + Beck y Stork tambi\u00e9n [&hellip;]<\/p>\n","protected":false},"featured_media":71560,"template":"","meta":[],"product_brand":[],"product_cat":[2870],"product_tag":[],"class_list":{"0":"post-90816","1":"product","2":"type-product","3":"status-publish","4":"has-post-thumbnail","6":"product_cat-sistemas-de-ordenador-a-placa","7":"pa_baujahr-137","8":"pa_hersteller-luescher-ag","9":"pa_typ-xpose-230-uv","11":"first","12":"instock","13":"taxable","14":"shipping-taxable","15":"purchasable","16":"product-type-simple"},"jetpack_sharing_enabled":true,"_links":{"self":[{"href":"https:\/\/www.3p-gmbh.de\/es\/wp-json\/wp\/v2\/product\/90816","targetHints":{"allow":["GET"]}}],"collection":[{"href":"https:\/\/www.3p-gmbh.de\/es\/wp-json\/wp\/v2\/product"}],"about":[{"href":"https:\/\/www.3p-gmbh.de\/es\/wp-json\/wp\/v2\/types\/product"}],"wp:featuredmedia":[{"embeddable":true,"href":"https:\/\/www.3p-gmbh.de\/es\/wp-json\/wp\/v2\/media\/71560"}],"wp:attachment":[{"href":"https:\/\/www.3p-gmbh.de\/es\/wp-json\/wp\/v2\/media?parent=90816"}],"wp:term":[{"taxonomy":"product_brand","embeddable":true,"href":"https:\/\/www.3p-gmbh.de\/es\/wp-json\/wp\/v2\/product_brand?post=90816"},{"taxonomy":"product_cat","embeddable":true,"href":"https:\/\/www.3p-gmbh.de\/es\/wp-json\/wp\/v2\/product_cat?post=90816"},{"taxonomy":"product_tag","embeddable":true,"href":"https:\/\/www.3p-gmbh.de\/es\/wp-json\/wp\/v2\/product_tag?post=90816"}],"curies":[{"name":"wp","href":"https:\/\/api.w.org\/{rel}","templated":true}]}}