{"id":90809,"date":"2019-10-11T09:54:03","date_gmt":"2019-10-11T09:54:03","guid":{"rendered":"https:\/\/www.3p-gmbh.de\/produkt\/insertadora-de-tiras-vacuumatic-cuti-2\/"},"modified":"2019-10-11T09:54:03","modified_gmt":"2019-10-11T09:54:03","slug":"vacuumatic-cuti-2-strip-insertion-set","status":"publish","type":"product","link":"https:\/\/www.3p-gmbh.de\/es\/produkt\/vacuumatic-cuti-2-strip-insertion-set\/","title":{"rendered":"Insertadora de tiras Vacuumatic Cuti 2"},"content":{"rendered":"<ul>\n<li>imprimir &#8211; contar &#8211; subdividir<\/li>\n<li>con conexi\u00f3n el\u00e9ctrica a la imprenta<\/li>\n<li>Introducci\u00f3n sencilla de la cantidad de recuento deseada mediante teclado y pantalla<\/li>\n<li>con conducto de 600 mm de longitud<\/li>\n<li>Inserto regulable en altura hasta 150 cm<\/li>\n<li>Longitud de la tira ajustable de 10 a 20 cm aprox.<\/li>\n<li>recuento de 6 a 9999 hojas<\/li>\n<li>Velocidad de recuento de hasta 25.000 Bg.\/h<\/li>\n<li>electr. Conexi\u00f3n 230 V<\/li>\n<\/ul>\n","protected":false},"excerpt":{"rendered":"<p>imprimir &#8211; contar &#8211; subdividir con conexi\u00f3n el\u00e9ctrica a la imprenta Introducci\u00f3n sencilla de la cantidad de recuento deseada mediante teclado y pantalla con conducto de 600 mm de longitud Inserto regulable en altura hasta 150 cm Longitud de la tira ajustable de 10 a 20 cm aprox. recuento de 6 a 9999 hojas Velocidad [&hellip;]<\/p>\n","protected":false},"featured_media":71668,"template":"","meta":[],"product_brand":[],"product_cat":[3005],"product_tag":[],"class_list":{"0":"post-90809","1":"product","2":"type-product","3":"status-publish","4":"has-post-thumbnail","6":"product_cat-maquinas-contadoras-de-papel","7":"pa_bezeichnung_typ-cuti-2","8":"pa_hersteller-vacumatic","10":"first","11":"instock","12":"taxable","13":"shipping-taxable","14":"purchasable","15":"product-type-simple"},"jetpack_sharing_enabled":true,"_links":{"self":[{"href":"https:\/\/www.3p-gmbh.de\/es\/wp-json\/wp\/v2\/product\/90809","targetHints":{"allow":["GET"]}}],"collection":[{"href":"https:\/\/www.3p-gmbh.de\/es\/wp-json\/wp\/v2\/product"}],"about":[{"href":"https:\/\/www.3p-gmbh.de\/es\/wp-json\/wp\/v2\/types\/product"}],"wp:featuredmedia":[{"embeddable":true,"href":"https:\/\/www.3p-gmbh.de\/es\/wp-json\/wp\/v2\/media\/71668"}],"wp:attachment":[{"href":"https:\/\/www.3p-gmbh.de\/es\/wp-json\/wp\/v2\/media?parent=90809"}],"wp:term":[{"taxonomy":"product_brand","embeddable":true,"href":"https:\/\/www.3p-gmbh.de\/es\/wp-json\/wp\/v2\/product_brand?post=90809"},{"taxonomy":"product_cat","embeddable":true,"href":"https:\/\/www.3p-gmbh.de\/es\/wp-json\/wp\/v2\/product_cat?post=90809"},{"taxonomy":"product_tag","embeddable":true,"href":"https:\/\/www.3p-gmbh.de\/es\/wp-json\/wp\/v2\/product_tag?post=90809"}],"curies":[{"name":"wp","href":"https:\/\/api.w.org\/{rel}","templated":true}]}}