{"id":90804,"date":"2019-10-14T10:20:16","date_gmt":"2019-10-14T10:20:16","guid":{"rendered":"https:\/\/www.3p-gmbh.de\/produkt\/cabezales-de-perforacion-indexables-de-acero-heidelberg\/"},"modified":"2019-10-14T10:20:16","modified_gmt":"2019-10-14T10:20:16","slug":"cabezales-perforadores-heidelberg-steel-tact","status":"publish","type":"product","link":"https:\/\/www.3p-gmbh.de\/es\/produkt\/cabezales-perforadores-heidelberg-steel-tact\/","title":{"rendered":"Cabezales de perforaci\u00f3n indexables de acero Heidelberg"},"content":{"rendered":"<p>Cabezales de perforaci\u00f3n indexables de accionamiento neum\u00e1tico<\/p>\n","protected":false},"excerpt":{"rendered":"<p>Cabezales de perforaci\u00f3n indexables de accionamiento neum\u00e1tico<\/p>\n","protected":false},"featured_media":71701,"template":"","meta":[],"product_brand":[],"product_cat":[2885],"product_tag":[],"class_list":{"0":"post-90804","1":"product","2":"type-product","3":"status-publish","4":"has-post-thumbnail","6":"product_cat-accesorios-para-plegadoras","7":"pa_bezeichnung_typ-taktperforationskoepfe","8":"pa_hersteller-heidelberg-stahl","10":"first","11":"instock","12":"taxable","13":"shipping-taxable","14":"purchasable","15":"product-type-simple"},"jetpack_sharing_enabled":true,"_links":{"self":[{"href":"https:\/\/www.3p-gmbh.de\/es\/wp-json\/wp\/v2\/product\/90804","targetHints":{"allow":["GET"]}}],"collection":[{"href":"https:\/\/www.3p-gmbh.de\/es\/wp-json\/wp\/v2\/product"}],"about":[{"href":"https:\/\/www.3p-gmbh.de\/es\/wp-json\/wp\/v2\/types\/product"}],"wp:featuredmedia":[{"embeddable":true,"href":"https:\/\/www.3p-gmbh.de\/es\/wp-json\/wp\/v2\/media\/71701"}],"wp:attachment":[{"href":"https:\/\/www.3p-gmbh.de\/es\/wp-json\/wp\/v2\/media?parent=90804"}],"wp:term":[{"taxonomy":"product_brand","embeddable":true,"href":"https:\/\/www.3p-gmbh.de\/es\/wp-json\/wp\/v2\/product_brand?post=90804"},{"taxonomy":"product_cat","embeddable":true,"href":"https:\/\/www.3p-gmbh.de\/es\/wp-json\/wp\/v2\/product_cat?post=90804"},{"taxonomy":"product_tag","embeddable":true,"href":"https:\/\/www.3p-gmbh.de\/es\/wp-json\/wp\/v2\/product_tag?post=90804"}],"curies":[{"name":"wp","href":"https:\/\/api.w.org\/{rel}","templated":true}]}}