{"id":90803,"date":"2019-10-14T10:12:13","date_gmt":"2019-10-14T10:12:13","guid":{"rendered":"https:\/\/www.3p-gmbh.de\/produkt\/cerradora-electrica-renz-ecl-360\/"},"modified":"2019-10-14T10:12:13","modified_gmt":"2019-10-14T10:12:13","slug":"renz-ecl-360-maquina-de-cierre-electrico","status":"publish","type":"product","link":"https:\/\/www.3p-gmbh.de\/es\/produkt\/renz-ecl-360-maquina-de-cierre-electrico\/","title":{"rendered":"Cerradora el\u00e9ctrica Renz ECL 360"},"content":{"rendered":"<ul>\n<li>para encuadernaciones de peine de alambre<\/li>\n<li>Anchura de trabajo de hasta 360 mm<\/li>\n<li>Dispositivo de seguridad contra lesiones<\/li>\n<li>Di\u00e1metros a procesar: 3\/16&#8243; &#8211; 1 1\/2&#8243;<\/li>\n<li>No es necesario cambiar de herramienta<\/li>\n<li>Rendimiento de cierre mec\u00e1nico: 2.000 ciclos\/h*.<\/li>\n<li>Conexi\u00f3n: 230\/ 50 Hz<\/li>\n<li>Peso: 38 kg<\/li>\n<\/ul>\n<p>El rendimiento real de la encuadernaci\u00f3n depende de varios factores, siendo los m\u00e1s importantes: Encuadernaci\u00f3n en bloque o en calendario (2 elementos de alambre + percha) y la habilidad del operario. Su ventaja: al utilizar un dispositivo de cierre el\u00e9ctrico, se garantiza un resultado de cierre constante y perfecto en todo momento. Adem\u00e1s, tiene las dos manos disponibles para fijar el material de encuadernaci\u00f3n con una cerradora de la serie ECL (el mecanismo de cierre se acciona mediante un interruptor de pedal), lo que facilita mucho el manejo.<\/p>\n","protected":false},"excerpt":{"rendered":"<p>para encuadernaciones de peine de alambre Anchura de trabajo de hasta 360 mm Dispositivo de seguridad contra lesiones Di\u00e1metros a procesar: 3\/16&#8243; &#8211; 1 1\/2&#8243; No es necesario cambiar de herramienta Rendimiento de cierre mec\u00e1nico: 2.000 ciclos\/h*. Conexi\u00f3n: 230\/ 50 Hz Peso: 38 kg El rendimiento real de la encuadernaci\u00f3n depende de varios factores, siendo [&hellip;]<\/p>\n","protected":false},"featured_media":71698,"template":"","meta":[],"product_brand":[],"product_cat":[2873],"product_tag":[],"class_list":{"0":"post-90803","1":"product","2":"type-product","3":"status-publish","4":"has-post-thumbnail","6":"product_cat-otros-tratamientos-posteriores","7":"pa_bezeichnung_typ-ecl-360","8":"pa_hersteller-chr-renz-heubach","10":"first","11":"instock","12":"taxable","13":"shipping-taxable","14":"purchasable","15":"product-type-simple"},"jetpack_sharing_enabled":true,"_links":{"self":[{"href":"https:\/\/www.3p-gmbh.de\/es\/wp-json\/wp\/v2\/product\/90803","targetHints":{"allow":["GET"]}}],"collection":[{"href":"https:\/\/www.3p-gmbh.de\/es\/wp-json\/wp\/v2\/product"}],"about":[{"href":"https:\/\/www.3p-gmbh.de\/es\/wp-json\/wp\/v2\/types\/product"}],"wp:featuredmedia":[{"embeddable":true,"href":"https:\/\/www.3p-gmbh.de\/es\/wp-json\/wp\/v2\/media\/71698"}],"wp:attachment":[{"href":"https:\/\/www.3p-gmbh.de\/es\/wp-json\/wp\/v2\/media?parent=90803"}],"wp:term":[{"taxonomy":"product_brand","embeddable":true,"href":"https:\/\/www.3p-gmbh.de\/es\/wp-json\/wp\/v2\/product_brand?post=90803"},{"taxonomy":"product_cat","embeddable":true,"href":"https:\/\/www.3p-gmbh.de\/es\/wp-json\/wp\/v2\/product_cat?post=90803"},{"taxonomy":"product_tag","embeddable":true,"href":"https:\/\/www.3p-gmbh.de\/es\/wp-json\/wp\/v2\/product_tag?post=90803"}],"curies":[{"name":"wp","href":"https:\/\/api.w.org\/{rel}","templated":true}]}}