{"id":90801,"date":"2019-10-11T10:09:31","date_gmt":"2019-10-11T10:09:31","guid":{"rendered":"https:\/\/www.3p-gmbh.de\/produkt\/punzonadora-electrica-wire-o-renz-dtp-340\/"},"modified":"2019-10-11T10:09:31","modified_gmt":"2019-10-11T10:09:31","slug":"renz-dtp-340-perforadora-electrica-de-hilos","status":"publish","type":"product","link":"https:\/\/www.3p-gmbh.de\/es\/produkt\/renz-dtp-340-perforadora-electrica-de-hilos\/","title":{"rendered":"Punzonadora el\u00e9ctrica Wire-O Renz DTP 340"},"content":{"rendered":"<ul>\n<li>para punzonado de calendarios con una herramienta de punzonado de paso 3:1, agujero redondo de 4 mm<\/li>\n<li>Potente sistema de perforaci\u00f3n para perforar papel de hasta 340 mm de ancho de trabajo<\/li>\n<li>Con interruptor de pedal y alimentaci\u00f3n de papel vertical<\/li>\n<li>Capacidad de perforaci\u00f3n de hasta 35 hojas (seg\u00fan la herramienta)<\/li>\n<li>Aplicable universalmente gracias a las herramientas r\u00e1pidamente intercambiables<\/li>\n<li>Anchura de trabajo: 340 mm (hasta 680 mm gracias al eje de punzonado abierto lateralmente, con dos pasadas de punzonado)<\/li>\n<li>Espesor de punzonado: m\u00e1x. 3,5 mm<\/li>\n<li>herramientas intercambiables<\/li>\n<li>Cambio r\u00e1pido de formato gracias a los punzones desembragables<\/li>\n<li>distancia entre bordes ajustable<\/li>\n<\/ul>\n","protected":false},"excerpt":{"rendered":"<p>para punzonado de calendarios con una herramienta de punzonado de paso 3:1, agujero redondo de 4 mm Potente sistema de perforaci\u00f3n para perforar papel de hasta 340 mm de ancho de trabajo Con interruptor de pedal y alimentaci\u00f3n de papel vertical Capacidad de perforaci\u00f3n de hasta 35 hojas (seg\u00fan la herramienta) Aplicable universalmente gracias a [&hellip;]<\/p>\n","protected":false},"featured_media":71695,"template":"","meta":[],"product_brand":[],"product_cat":[2910],"product_tag":[],"class_list":{"0":"post-90801","1":"product","2":"type-product","3":"status-publish","4":"has-post-thumbnail","6":"product_cat-perforacion","7":"pa_bezeichnung_typ-dtp-340","8":"pa_hersteller-chr-renz-heubach","10":"first","11":"instock","12":"taxable","13":"shipping-taxable","14":"purchasable","15":"product-type-simple"},"jetpack_sharing_enabled":true,"_links":{"self":[{"href":"https:\/\/www.3p-gmbh.de\/es\/wp-json\/wp\/v2\/product\/90801","targetHints":{"allow":["GET"]}}],"collection":[{"href":"https:\/\/www.3p-gmbh.de\/es\/wp-json\/wp\/v2\/product"}],"about":[{"href":"https:\/\/www.3p-gmbh.de\/es\/wp-json\/wp\/v2\/types\/product"}],"wp:featuredmedia":[{"embeddable":true,"href":"https:\/\/www.3p-gmbh.de\/es\/wp-json\/wp\/v2\/media\/71695"}],"wp:attachment":[{"href":"https:\/\/www.3p-gmbh.de\/es\/wp-json\/wp\/v2\/media?parent=90801"}],"wp:term":[{"taxonomy":"product_brand","embeddable":true,"href":"https:\/\/www.3p-gmbh.de\/es\/wp-json\/wp\/v2\/product_brand?post=90801"},{"taxonomy":"product_cat","embeddable":true,"href":"https:\/\/www.3p-gmbh.de\/es\/wp-json\/wp\/v2\/product_cat?post=90801"},{"taxonomy":"product_tag","embeddable":true,"href":"https:\/\/www.3p-gmbh.de\/es\/wp-json\/wp\/v2\/product_tag?post=90801"}],"curies":[{"name":"wp","href":"https:\/\/api.w.org\/{rel}","templated":true}]}}