{"id":90789,"date":"2019-10-14T13:47:30","date_gmt":"2019-10-14T13:47:30","guid":{"rendered":"https:\/\/www.3p-gmbh.de\/produkt\/maquina-ranuradora-y-perforadora-bickel-30-50\/"},"modified":"2019-10-14T13:47:30","modified_gmt":"2019-10-14T13:47:30","slug":"maquina-de-ranurar-y-perforar-bickel-30-50","status":"publish","type":"product","link":"https:\/\/www.3p-gmbh.de\/es\/produkt\/maquina-de-ranurar-y-perforar-bickel-30-50\/","title":{"rendered":"M\u00e1quina ranuradora y perforadora Bickel 30-50"},"content":{"rendered":"<p>La m\u00e1quina, con una anchura de trabajo de 50 cm, se utiliza para trabajos econ\u00f3micos de perforaci\u00f3n o ranurado. El proceso de punzonado se realiza mediante un embrague accionado por el pie y controlado el\u00e9ctricamente. Esto deja ambas manos libres para aplicar y alinear los arcos.<\/p>\n","protected":false},"excerpt":{"rendered":"<p>La m\u00e1quina, con una anchura de trabajo de 50 cm, se utiliza para trabajos econ\u00f3micos de perforaci\u00f3n o ranurado. El proceso de punzonado se realiza mediante un embrague accionado por el pie y controlado el\u00e9ctricamente. Esto deja ambas manos libres para aplicar y alinear los arcos.<\/p>\n","protected":false},"featured_media":71830,"template":"","meta":[],"product_brand":[],"product_cat":[2959],"product_tag":[],"class_list":{"0":"post-90789","1":"product","2":"type-product","3":"status-publish","4":"has-post-thumbnail","6":"product_cat-maquinas-ranuradoras-y-perforadoras","7":"pa_bezeichnung_typ-bickel-30-50","8":"pa_hersteller-bickel","10":"first","11":"instock","12":"taxable","13":"shipping-taxable","14":"purchasable","15":"product-type-simple"},"jetpack_sharing_enabled":true,"_links":{"self":[{"href":"https:\/\/www.3p-gmbh.de\/es\/wp-json\/wp\/v2\/product\/90789","targetHints":{"allow":["GET"]}}],"collection":[{"href":"https:\/\/www.3p-gmbh.de\/es\/wp-json\/wp\/v2\/product"}],"about":[{"href":"https:\/\/www.3p-gmbh.de\/es\/wp-json\/wp\/v2\/types\/product"}],"wp:featuredmedia":[{"embeddable":true,"href":"https:\/\/www.3p-gmbh.de\/es\/wp-json\/wp\/v2\/media\/71830"}],"wp:attachment":[{"href":"https:\/\/www.3p-gmbh.de\/es\/wp-json\/wp\/v2\/media?parent=90789"}],"wp:term":[{"taxonomy":"product_brand","embeddable":true,"href":"https:\/\/www.3p-gmbh.de\/es\/wp-json\/wp\/v2\/product_brand?post=90789"},{"taxonomy":"product_cat","embeddable":true,"href":"https:\/\/www.3p-gmbh.de\/es\/wp-json\/wp\/v2\/product_cat?post=90789"},{"taxonomy":"product_tag","embeddable":true,"href":"https:\/\/www.3p-gmbh.de\/es\/wp-json\/wp\/v2\/product_tag?post=90789"}],"curies":[{"name":"wp","href":"https:\/\/api.w.org\/{rel}","templated":true}]}}