{"id":90782,"date":"2019-10-15T13:35:41","date_gmt":"2019-10-15T13:35:41","guid":{"rendered":"https:\/\/www.3p-gmbh.de\/produkt\/anilladora-ultrasonica-ats-tanner-us-2000-a\/"},"modified":"2019-10-15T13:35:41","modified_gmt":"2019-10-15T13:35:41","slug":"ats-tanner-us-2000-a-ultra-sonic-banding-machine","status":"publish","type":"product","link":"https:\/\/www.3p-gmbh.de\/es\/produkt\/ats-tanner-us-2000-a-ultra-sonic-banding-machine\/","title":{"rendered":"Anilladora ultras\u00f3nica ATS Tanner US-2000 A"},"content":{"rendered":"<p>El arco de la gu\u00eda de cinta con chapa y pl\u00e1stico de dise\u00f1o hacen que la US-2000 AB sea robusta y r\u00e1pida.<br \/>\nLa tensi\u00f3n regulable de la cinta garantiza un anillado suave.<\/p>\n<ul>\n<li>Sin cambio de papel a cinta de pel\u00edcula<\/li>\n<li>Sin tiempo de calentamiento, listo para usar inmediatamente<\/li>\n<li>sin olor<\/li>\n<li>Control por ordenador y pantalla LED detallada<\/li>\n<li>Dispensador para rollos jumbo<\/li>\n<li>Menos mantenimiento: no es necesario quemar la pel\u00edcula ni sustituir los elementos calefactores<\/li>\n<li>Funcionamiento ergon\u00f3mico (posibilidad de trabajar sentado)<\/li>\n<li>Vigilancia de bandas<\/li>\n<li>Tensi\u00f3n s\u00faper suave<\/li>\n<li>Producci\u00f3n de hasta 35 bandas por minuto<\/li>\n<li>Ancho de banda 30<\/li>\n<li>El\u00e9ctrico 230 V, 50\/60 Hz, 1 PH<\/li>\n<li>Medidas del arco (ancho x alto) 360 x 180\/260\/360 mm<\/li>\n<\/ul>\n<p>Material utilizado:<\/p>\n<ul>\n<li>Pel\u00edcula de bandas<\/li>\n<li>Papel para bandas<\/li>\n<li>Material de enfajado impreso<\/li>\n<\/ul>\n","protected":false},"excerpt":{"rendered":"<p>El arco de la gu\u00eda de cinta con chapa y pl\u00e1stico de dise\u00f1o hacen que la US-2000 AB sea robusta y r\u00e1pida. La tensi\u00f3n regulable de la cinta garantiza un anillado suave. Sin cambio de papel a cinta de pel\u00edcula Sin tiempo de calentamiento, listo para usar inmediatamente sin olor Control por ordenador y pantalla [&hellip;]<\/p>\n","protected":false},"featured_media":94473,"template":"","meta":[],"product_brand":[],"product_cat":[2862],"product_tag":[],"class_list":{"0":"post-90782","1":"product","2":"type-product","3":"status-publish","4":"has-post-thumbnail","6":"product_cat-maquinas-perladoras","7":"pa_bezeichnung_typ-ats-us-2000-a","8":"pa_hersteller-ats-tanner","10":"first","11":"instock","12":"taxable","13":"shipping-taxable","14":"purchasable","15":"product-type-simple"},"jetpack_sharing_enabled":true,"_links":{"self":[{"href":"https:\/\/www.3p-gmbh.de\/es\/wp-json\/wp\/v2\/product\/90782","targetHints":{"allow":["GET"]}}],"collection":[{"href":"https:\/\/www.3p-gmbh.de\/es\/wp-json\/wp\/v2\/product"}],"about":[{"href":"https:\/\/www.3p-gmbh.de\/es\/wp-json\/wp\/v2\/types\/product"}],"wp:featuredmedia":[{"embeddable":true,"href":"https:\/\/www.3p-gmbh.de\/es\/wp-json\/wp\/v2\/media\/94473"}],"wp:attachment":[{"href":"https:\/\/www.3p-gmbh.de\/es\/wp-json\/wp\/v2\/media?parent=90782"}],"wp:term":[{"taxonomy":"product_brand","embeddable":true,"href":"https:\/\/www.3p-gmbh.de\/es\/wp-json\/wp\/v2\/product_brand?post=90782"},{"taxonomy":"product_cat","embeddable":true,"href":"https:\/\/www.3p-gmbh.de\/es\/wp-json\/wp\/v2\/product_cat?post=90782"},{"taxonomy":"product_tag","embeddable":true,"href":"https:\/\/www.3p-gmbh.de\/es\/wp-json\/wp\/v2\/product_tag?post=90782"}],"curies":[{"name":"wp","href":"https:\/\/api.w.org\/{rel}","templated":true}]}}