{"id":90759,"date":"2019-10-24T07:38:35","date_gmt":"2019-10-24T07:38:35","guid":{"rendered":"https:\/\/www.3p-gmbh.de\/produkt\/secador-de-vacio-zirbus-vta-200\/"},"modified":"2019-10-24T07:38:35","modified_gmt":"2019-10-24T07:38:35","slug":"secador-de-vacio-zirbus-vta-200","status":"publish","type":"product","link":"https:\/\/www.3p-gmbh.de\/es\/produkt\/secador-de-vacio-zirbus-vta-200\/","title":{"rendered":"Secador de vac\u00edo Zirbus VTA 200"},"content":{"rendered":"<p>para uso en laboratorio y producci\u00f3n<\/p>\n<p>C\u00e1mara de secado redonda<br \/>\nSistemas de dos c\u00e1maras con v\u00e1lvula de separaci\u00f3n<br \/>\nPuerta plegable<br \/>\nMaterial Acero inoxidable 316TI, 316L<br \/>\nCondensadores disolventes<br \/>\nLimpieza autom\u00e1tica CIP<br \/>\nVisualizaci\u00f3n de procesos<br \/>\nBandejas de productos<br \/>\nVersi\u00f3n de protecci\u00f3n Ex<br \/>\nDise\u00f1o conforme a las GMP<br \/>\nDocumentaci\u00f3n \/ Cualificaci\u00f3n<\/p>\n<p>de yr. 2015<br \/>\nEl precio de compra por unidad fue de 40.000 euros m\u00e1s IVA. IVA<br \/>\nComprado para deshumidificar papel<br \/>\nes decir, las unidades de deslizamiento con transporte de rodillos pueden retirarse<\/p>\n","protected":false},"excerpt":{"rendered":"<p>para uso en laboratorio y producci\u00f3n C\u00e1mara de secado redonda Sistemas de dos c\u00e1maras con v\u00e1lvula de separaci\u00f3n Puerta plegable Material Acero inoxidable 316TI, 316L Condensadores disolventes Limpieza autom\u00e1tica CIP Visualizaci\u00f3n de procesos Bandejas de productos Versi\u00f3n de protecci\u00f3n Ex Dise\u00f1o conforme a las GMP Documentaci\u00f3n \/ Cualificaci\u00f3n de yr. 2015 El precio de compra [&hellip;]<\/p>\n","protected":false},"featured_media":71962,"template":"","meta":[],"product_brand":[],"product_cat":[2946],"product_tag":[],"class_list":{"0":"post-90759","1":"product","2":"type-product","3":"status-publish","4":"has-post-thumbnail","6":"product_cat-otra-maquinaria-y-equipos","7":"pa_hersteller-zirbus","8":"pa_typ-vta-200","10":"first","11":"instock","12":"taxable","13":"shipping-taxable","14":"purchasable","15":"product-type-simple"},"jetpack_sharing_enabled":true,"_links":{"self":[{"href":"https:\/\/www.3p-gmbh.de\/es\/wp-json\/wp\/v2\/product\/90759","targetHints":{"allow":["GET"]}}],"collection":[{"href":"https:\/\/www.3p-gmbh.de\/es\/wp-json\/wp\/v2\/product"}],"about":[{"href":"https:\/\/www.3p-gmbh.de\/es\/wp-json\/wp\/v2\/types\/product"}],"wp:featuredmedia":[{"embeddable":true,"href":"https:\/\/www.3p-gmbh.de\/es\/wp-json\/wp\/v2\/media\/71962"}],"wp:attachment":[{"href":"https:\/\/www.3p-gmbh.de\/es\/wp-json\/wp\/v2\/media?parent=90759"}],"wp:term":[{"taxonomy":"product_brand","embeddable":true,"href":"https:\/\/www.3p-gmbh.de\/es\/wp-json\/wp\/v2\/product_brand?post=90759"},{"taxonomy":"product_cat","embeddable":true,"href":"https:\/\/www.3p-gmbh.de\/es\/wp-json\/wp\/v2\/product_cat?post=90759"},{"taxonomy":"product_tag","embeddable":true,"href":"https:\/\/www.3p-gmbh.de\/es\/wp-json\/wp\/v2\/product_tag?post=90759"}],"curies":[{"name":"wp","href":"https:\/\/api.w.org\/{rel}","templated":true}]}}