{"id":90747,"date":"2019-10-24T14:42:03","date_gmt":"2019-10-24T14:42:03","guid":{"rendered":"https:\/\/www.3p-gmbh.de\/produkt\/combinacion-de-plegadoras-guk-para-trabajos-de-mailing\/"},"modified":"2019-10-24T14:42:03","modified_gmt":"2019-10-24T14:42:03","slug":"guk-folding-machine-combination-for-mailing-work","status":"publish","type":"product","link":"https:\/\/www.3p-gmbh.de\/es\/produkt\/guk-folding-machine-combination-for-mailing-work\/","title":{"rendered":"Combinaci\u00f3n de plegadoras GUK para trabajos de mailing"},"content":{"rendered":"<p>Esta combinaci\u00f3n de plegadora altamente flexible para trabajos de mailing de bajo kilometraje consta de:<\/p>\n<ul>\n<li>1. alimentador de aire por succi\u00f3n de pila plana GUK OEM B\u00e4uerle tipo FL 50-2<\/li>\n<li>Alimentador individual con autocontrol y cabezal separador controlado neum\u00e1ticamente con separador de bordes de salida, lo que permite una separaci\u00f3n exacta de las hojas incluso con el mayor rendimiento<\/li>\n<li>Contador de preselecci\u00f3n MCS<\/li>\n<\/ul>\n<p>&nbsp;<\/p>\n<ul>\n<li>1. Unidad m\u00f3vil de plegado de cuatro compartimentos con ajuste hidr\u00e1ulico continuo de la altura GUK FA 50 \/ 4 HT<\/li>\n<li>con mesa de alineaci\u00f3n larga<\/li>\n<li>Tope de regla como segunda unidad de plegado<\/li>\n<\/ul>\n<p>&nbsp;<\/p>\n<ul>\n<li>expositor m\u00f3vil GUK S-520<\/li>\n<\/ul>\n","protected":false},"excerpt":{"rendered":"<p>Esta combinaci\u00f3n de plegadora altamente flexible para trabajos de mailing de bajo kilometraje consta de: 1. alimentador de aire por succi\u00f3n de pila plana GUK OEM B\u00e4uerle tipo FL 50-2 Alimentador individual con autocontrol y cabezal separador controlado neum\u00e1ticamente con separador de bordes de salida, lo que permite una separaci\u00f3n exacta de las hojas incluso [&hellip;]<\/p>\n","protected":false},"featured_media":72037,"template":"","meta":[],"product_brand":[],"product_cat":[2982],"product_tag":[],"class_list":{"0":"post-90747","1":"product","2":"type-product","3":"status-publish","4":"has-post-thumbnail","6":"product_cat-plegadoras","7":"pa_bezeichnung_typ-falzmaschinenkombination-fuer-mailingarbeiten","8":"pa_hersteller-guk","10":"first","11":"instock","12":"taxable","13":"shipping-taxable","14":"purchasable","15":"product-type-simple"},"jetpack_sharing_enabled":true,"_links":{"self":[{"href":"https:\/\/www.3p-gmbh.de\/es\/wp-json\/wp\/v2\/product\/90747","targetHints":{"allow":["GET"]}}],"collection":[{"href":"https:\/\/www.3p-gmbh.de\/es\/wp-json\/wp\/v2\/product"}],"about":[{"href":"https:\/\/www.3p-gmbh.de\/es\/wp-json\/wp\/v2\/types\/product"}],"wp:featuredmedia":[{"embeddable":true,"href":"https:\/\/www.3p-gmbh.de\/es\/wp-json\/wp\/v2\/media\/72037"}],"wp:attachment":[{"href":"https:\/\/www.3p-gmbh.de\/es\/wp-json\/wp\/v2\/media?parent=90747"}],"wp:term":[{"taxonomy":"product_brand","embeddable":true,"href":"https:\/\/www.3p-gmbh.de\/es\/wp-json\/wp\/v2\/product_brand?post=90747"},{"taxonomy":"product_cat","embeddable":true,"href":"https:\/\/www.3p-gmbh.de\/es\/wp-json\/wp\/v2\/product_cat?post=90747"},{"taxonomy":"product_tag","embeddable":true,"href":"https:\/\/www.3p-gmbh.de\/es\/wp-json\/wp\/v2\/product_tag?post=90747"}],"curies":[{"name":"wp","href":"https:\/\/api.w.org\/{rel}","templated":true}]}}