{"id":90740,"date":"2019-10-24T14:23:58","date_gmt":"2019-10-24T14:23:58","guid":{"rendered":"https:\/\/www.3p-gmbh.de\/produkt\/enfajadora-ats-tanner-us-2000-trs-l\/"},"modified":"2019-10-24T14:23:58","modified_gmt":"2019-10-24T14:23:58","slug":"ats-tanner-us-2000-trs-l-banding-machine","status":"publish","type":"product","link":"https:\/\/www.3p-gmbh.de\/es\/produkt\/ats-tanner-us-2000-trs-l-banding-machine\/","title":{"rendered":"Enfajadora ATS Tanner US 2000 TRS-L"},"content":{"rendered":"<p>Esta enfajadora autom\u00e1tica en l\u00ednea dispone de sujeci\u00f3n neum\u00e1tica del producto y centrado. La cinta transportadora extralarga toma las pilas de productos (simples o dobles) de la m\u00e1quina previa y las transporta hasta la parada de productos. Antes del enfajado, las pilas se prensan y se alinean por los cuatro lados. Los productos se transportan mediante cinta transportadora a la US-2000 TRS-L, donde la pila se centra por todos los lados, se prensa y se enfaja en 1 \u00f3 2 bandas.<\/p>\n","protected":false},"excerpt":{"rendered":"<p>Esta enfajadora autom\u00e1tica en l\u00ednea dispone de sujeci\u00f3n neum\u00e1tica del producto y centrado. La cinta transportadora extralarga toma las pilas de productos (simples o dobles) de la m\u00e1quina previa y las transporta hasta la parada de productos. Antes del enfajado, las pilas se prensan y se alinean por los cuatro lados. Los productos se transportan [&hellip;]<\/p>\n","protected":false},"featured_media":72022,"template":"","meta":[],"product_brand":[],"product_cat":[2862],"product_tag":[],"class_list":{"0":"post-90740","1":"product","2":"type-product","3":"status-publish","4":"has-post-thumbnail","6":"product_cat-maquinas-perladoras","7":"pa_bezeichnung_typ-us-2000-trs-l","8":"pa_hersteller-ats-tanner","10":"first","11":"instock","12":"taxable","13":"shipping-taxable","14":"purchasable","15":"product-type-simple"},"jetpack_sharing_enabled":true,"_links":{"self":[{"href":"https:\/\/www.3p-gmbh.de\/es\/wp-json\/wp\/v2\/product\/90740","targetHints":{"allow":["GET"]}}],"collection":[{"href":"https:\/\/www.3p-gmbh.de\/es\/wp-json\/wp\/v2\/product"}],"about":[{"href":"https:\/\/www.3p-gmbh.de\/es\/wp-json\/wp\/v2\/types\/product"}],"wp:featuredmedia":[{"embeddable":true,"href":"https:\/\/www.3p-gmbh.de\/es\/wp-json\/wp\/v2\/media\/72022"}],"wp:attachment":[{"href":"https:\/\/www.3p-gmbh.de\/es\/wp-json\/wp\/v2\/media?parent=90740"}],"wp:term":[{"taxonomy":"product_brand","embeddable":true,"href":"https:\/\/www.3p-gmbh.de\/es\/wp-json\/wp\/v2\/product_brand?post=90740"},{"taxonomy":"product_cat","embeddable":true,"href":"https:\/\/www.3p-gmbh.de\/es\/wp-json\/wp\/v2\/product_cat?post=90740"},{"taxonomy":"product_tag","embeddable":true,"href":"https:\/\/www.3p-gmbh.de\/es\/wp-json\/wp\/v2\/product_tag?post=90740"}],"curies":[{"name":"wp","href":"https:\/\/api.w.org\/{rel}","templated":true}]}}