{"id":90733,"date":"2019-10-24T15:18:37","date_gmt":"2019-10-24T15:18:37","guid":{"rendered":"https:\/\/www.3p-gmbh.de\/produkt\/muller-martini-printroll-p-doble-desenrollado\/"},"modified":"2019-10-24T15:18:37","modified_gmt":"2019-10-24T15:18:37","slug":"mueller-martini-printroll-p-doble-unroll","status":"publish","type":"product","link":"https:\/\/www.3p-gmbh.de\/es\/produkt\/mueller-martini-printroll-p-doble-unroll\/","title":{"rendered":"Muller Martini PrintRoll P Doble Desenrollado"},"content":{"rendered":"<p>Este desbobinador doble de M\u00fcller Martini para PrintRoll P Tipo 0350.0427 del a\u00f1o de fabricaci\u00f3n 2001 (sin portabobinas ni m\u00f3dulos de alimentaci\u00f3n para los alimentadores) se utiliza para la conexi\u00f3n a engrapadoras M\u00fcller Martini de las series Prima, Tempo y Primera, la \u00faltima que se integr\u00f3 electr\u00f3nicamente en el lado del software fue una Primera A 140 del a\u00f1o de fabricaci\u00f3n 2014.<\/p>\n","protected":false},"excerpt":{"rendered":"<p>Este desbobinador doble de M\u00fcller Martini para PrintRoll P Tipo 0350.0427 del a\u00f1o de fabricaci\u00f3n 2001 (sin portabobinas ni m\u00f3dulos de alimentaci\u00f3n para los alimentadores) se utiliza para la conexi\u00f3n a engrapadoras M\u00fcller Martini de las series Prima, Tempo y Primera, la \u00faltima que se integr\u00f3 electr\u00f3nicamente en el lado del software fue una Primera [&hellip;]<\/p>\n","protected":false},"featured_media":72118,"template":"","meta":[],"product_brand":[],"product_cat":[2905],"product_tag":[],"class_list":{"0":"post-90733","1":"product","2":"type-product","3":"status-publish","4":"has-post-thumbnail","6":"product_cat-engrapadora","7":"pa_bezeichnung_typ-printroll-p","8":"pa_hersteller-mueller-martini","10":"first","11":"instock","12":"taxable","13":"shipping-taxable","14":"purchasable","15":"product-type-simple"},"jetpack_sharing_enabled":true,"_links":{"self":[{"href":"https:\/\/www.3p-gmbh.de\/es\/wp-json\/wp\/v2\/product\/90733","targetHints":{"allow":["GET"]}}],"collection":[{"href":"https:\/\/www.3p-gmbh.de\/es\/wp-json\/wp\/v2\/product"}],"about":[{"href":"https:\/\/www.3p-gmbh.de\/es\/wp-json\/wp\/v2\/types\/product"}],"wp:featuredmedia":[{"embeddable":true,"href":"https:\/\/www.3p-gmbh.de\/es\/wp-json\/wp\/v2\/media\/72118"}],"wp:attachment":[{"href":"https:\/\/www.3p-gmbh.de\/es\/wp-json\/wp\/v2\/media?parent=90733"}],"wp:term":[{"taxonomy":"product_brand","embeddable":true,"href":"https:\/\/www.3p-gmbh.de\/es\/wp-json\/wp\/v2\/product_brand?post=90733"},{"taxonomy":"product_cat","embeddable":true,"href":"https:\/\/www.3p-gmbh.de\/es\/wp-json\/wp\/v2\/product_cat?post=90733"},{"taxonomy":"product_tag","embeddable":true,"href":"https:\/\/www.3p-gmbh.de\/es\/wp-json\/wp\/v2\/product_tag?post=90733"}],"curies":[{"name":"wp","href":"https:\/\/api.w.org\/{rel}","templated":true}]}}