{"id":90728,"date":"2019-10-28T12:02:38","date_gmt":"2019-10-28T12:02:38","guid":{"rendered":"https:\/\/www.3p-gmbh.de\/produkt\/herzog-heymann-modelo-kl-112-8-4-fbs\/"},"modified":"2019-10-28T12:02:38","modified_gmt":"2019-10-28T12:02:38","slug":"herzog-heymann-model-kl-112-8-4-fbs","status":"publish","type":"product","link":"https:\/\/www.3p-gmbh.de\/es\/produkt\/herzog-heymann-model-kl-112-8-4-fbs\/","title":{"rendered":"Herzog &amp; Heymann Modelo KL 112-8-4-FBS"},"content":{"rendered":"<p>Microdobladora A3, especial para insertos de envases<\/p>\n<p>Formato m\u00e1x. 35 x 50 cm<br \/>\nFormato min. 5 x 7 cm<br \/>\nLongitud m\u00ednima del galce 18 mm<\/p>\n<p>Esta plegadora de corte KL 112 de Herzog + Heymann est\u00e1 dise\u00f1ada para procesar productos peque\u00f1os y muy peque\u00f1os.<br \/>\nGracias al di\u00e1metro del rodillo de plegado de 26 mm, se puede conseguir una longitud de plegado m\u00ednima de 18 mm.<\/p>\n<p>La m\u00e1quina es extremadamente flexible y puede procesar productos para la industria farmac\u00e9utica (encartes o sobres), manuales de instrucciones y productos encolados o cosidos, por ejemplo.<\/p>\n<p>Equipamiento:<br \/>\n&#8211; Alimentador por succi\u00f3n FBS con compresor y separador de aire<br \/>\n&#8211; Contador total o por lotes<br \/>\n&#8211; primera estaci\u00f3n con 8 bolsas de 35 cm de anchura de entrada, ejes de corte descendentes (para ranurar y perforar), cap\u00f3 de protecci\u00f3n ac\u00fastica<br \/>\n&#8211; segunda estaci\u00f3n con 4 bolsas de 35 cm de anchura de entrada, ejes de corte descendentes (para ranurar y perforar), cap\u00f3 de protecci\u00f3n ac\u00fastica<br \/>\n&#8211; mesa de transferencia de cinta montable H&amp;H 177<br \/>\n&#8211; Expositor de pie de peque\u00f1o formato 177<\/p>\n","protected":false},"excerpt":{"rendered":"<p>Microdobladora A3, especial para insertos de envases Formato m\u00e1x. 35 x 50 cm Formato min. 5 x 7 cm Longitud m\u00ednima del galce 18 mm Esta plegadora de corte KL 112 de Herzog + Heymann est\u00e1 dise\u00f1ada para procesar productos peque\u00f1os y muy peque\u00f1os. Gracias al di\u00e1metro del rodillo de plegado de 26 mm, se [&hellip;]<\/p>\n","protected":false},"featured_media":72124,"template":"","meta":[],"product_brand":[],"product_cat":[2982],"product_tag":[],"class_list":{"0":"post-90728","1":"product","2":"type-product","3":"status-publish","4":"has-post-thumbnail","6":"product_cat-plegadoras","7":"pa_hersteller-herzog-heymann","8":"pa_typ-kl-112-8-4-fbs","10":"first","11":"instock","12":"taxable","13":"shipping-taxable","14":"purchasable","15":"product-type-simple"},"jetpack_sharing_enabled":true,"_links":{"self":[{"href":"https:\/\/www.3p-gmbh.de\/es\/wp-json\/wp\/v2\/product\/90728","targetHints":{"allow":["GET"]}}],"collection":[{"href":"https:\/\/www.3p-gmbh.de\/es\/wp-json\/wp\/v2\/product"}],"about":[{"href":"https:\/\/www.3p-gmbh.de\/es\/wp-json\/wp\/v2\/types\/product"}],"wp:featuredmedia":[{"embeddable":true,"href":"https:\/\/www.3p-gmbh.de\/es\/wp-json\/wp\/v2\/media\/72124"}],"wp:attachment":[{"href":"https:\/\/www.3p-gmbh.de\/es\/wp-json\/wp\/v2\/media?parent=90728"}],"wp:term":[{"taxonomy":"product_brand","embeddable":true,"href":"https:\/\/www.3p-gmbh.de\/es\/wp-json\/wp\/v2\/product_brand?post=90728"},{"taxonomy":"product_cat","embeddable":true,"href":"https:\/\/www.3p-gmbh.de\/es\/wp-json\/wp\/v2\/product_cat?post=90728"},{"taxonomy":"product_tag","embeddable":true,"href":"https:\/\/www.3p-gmbh.de\/es\/wp-json\/wp\/v2\/product_tag?post=90728"}],"curies":[{"name":"wp","href":"https:\/\/api.w.org\/{rel}","templated":true}]}}