{"id":90726,"date":"2019-10-28T14:47:34","date_gmt":"2019-10-28T14:47:34","guid":{"rendered":"https:\/\/www.3p-gmbh.de\/produkt\/elevador-apilable-polar-lw-1200-6\/"},"modified":"2019-10-28T14:47:34","modified_gmt":"2019-10-28T14:47:34","slug":"polar-stapellift-lw-1200-6","status":"publish","type":"product","link":"https:\/\/www.3p-gmbh.de\/es\/produkt\/polar-stapellift-lw-1200-6\/","title":{"rendered":"Elevador apilable Polar LW 1200-6"},"content":{"rendered":"<p>A\u00f1o de fabricaci\u00f3n 2010 o 2013<br \/>\nFormato 1050&#215;1480 cm<br \/>\nCapacidad de transporte de hasta 1200 kg<\/p>\n<p>Cuando se cargan cortadoras de alta velocidad, los elevadores apilables POLAR LW garantizan una mayor ergonom\u00eda y un trabajo f\u00e1cil a una altura de trabajo c\u00f3moda.<br \/>\nVentajas para el cliente:<br \/>\nLa productividad de la guillotina aumenta hasta un 10%, ya que la altura de trabajo permanece constante durante la carga y descarga.<br \/>\nLa curva de potencia del operador permanece constante.<\/p>\n","protected":false},"excerpt":{"rendered":"<p>A\u00f1o de fabricaci\u00f3n 2010 o 2013 Formato 1050&#215;1480 cm Capacidad de transporte de hasta 1200 kg Cuando se cargan cortadoras de alta velocidad, los elevadores apilables POLAR LW garantizan una mayor ergonom\u00eda y un trabajo f\u00e1cil a una altura de trabajo c\u00f3moda. Ventajas para el cliente: La productividad de la guillotina aumenta hasta un 10%, [&hellip;]<\/p>\n","protected":false},"featured_media":72136,"template":"","meta":[],"product_brand":[],"product_cat":[2975],"product_tag":[],"class_list":{"0":"post-90726","1":"product","2":"type-product","3":"status-publish","4":"has-post-thumbnail","6":"product_cat-elevadores-y-apiladores","7":"pa_hersteller-polar-mohr","8":"pa_typ-lw-1200-6","10":"first","11":"instock","12":"taxable","13":"shipping-taxable","14":"purchasable","15":"product-type-simple"},"jetpack_sharing_enabled":true,"_links":{"self":[{"href":"https:\/\/www.3p-gmbh.de\/es\/wp-json\/wp\/v2\/product\/90726","targetHints":{"allow":["GET"]}}],"collection":[{"href":"https:\/\/www.3p-gmbh.de\/es\/wp-json\/wp\/v2\/product"}],"about":[{"href":"https:\/\/www.3p-gmbh.de\/es\/wp-json\/wp\/v2\/types\/product"}],"wp:featuredmedia":[{"embeddable":true,"href":"https:\/\/www.3p-gmbh.de\/es\/wp-json\/wp\/v2\/media\/72136"}],"wp:attachment":[{"href":"https:\/\/www.3p-gmbh.de\/es\/wp-json\/wp\/v2\/media?parent=90726"}],"wp:term":[{"taxonomy":"product_brand","embeddable":true,"href":"https:\/\/www.3p-gmbh.de\/es\/wp-json\/wp\/v2\/product_brand?post=90726"},{"taxonomy":"product_cat","embeddable":true,"href":"https:\/\/www.3p-gmbh.de\/es\/wp-json\/wp\/v2\/product_cat?post=90726"},{"taxonomy":"product_tag","embeddable":true,"href":"https:\/\/www.3p-gmbh.de\/es\/wp-json\/wp\/v2\/product_tag?post=90726"}],"curies":[{"name":"wp","href":"https:\/\/api.w.org\/{rel}","templated":true}]}}