{"id":90720,"date":"2019-10-29T08:13:14","date_gmt":"2019-10-29T08:13:14","guid":{"rendered":"https:\/\/www.3p-gmbh.de\/produkt\/alimentador-universal-hugo-beck-hb-350\/"},"modified":"2019-10-29T08:13:14","modified_gmt":"2019-10-29T08:13:14","slug":"hugo-beck-universal-inversor-hb-355","status":"publish","type":"product","link":"https:\/\/www.3p-gmbh.de\/es\/produkt\/hugo-beck-universal-inversor-hb-355\/","title":{"rendered":"Alimentador universal Hugo Beck HB 350"},"content":{"rendered":"<p>M\u00f3vil y regulable en altura<\/p>\n<p>Ofrece la posibilidad de dispensar de forma totalmente autom\u00e1tica productos principales o guarniciones.<br \/>\nPor ejemplo, revistas o cat\u00e1logos con una longitud de 148 &#8211; 420 mm,<br \/>\nse puede alimentar una anchura de 105 &#8211; 315 mm y una altura de 2 &#8211; 60 mm.<br \/>\nLa capacidad de este alimentador universal alcanza los 18.000 ciclos por hora.<\/p>\n","protected":false},"excerpt":{"rendered":"<p>M\u00f3vil y regulable en altura Ofrece la posibilidad de dispensar de forma totalmente autom\u00e1tica productos principales o guarniciones. Por ejemplo, revistas o cat\u00e1logos con una longitud de 148 &#8211; 420 mm, se puede alimentar una anchura de 105 &#8211; 315 mm y una altura de 2 &#8211; 60 mm. La capacidad de este alimentador universal [&hellip;]<\/p>\n","protected":false},"featured_media":72310,"template":"","meta":[],"product_brand":[],"product_cat":[3022],"product_tag":[],"class_list":{"0":"post-90720","1":"product","2":"type-product","3":"status-publish","4":"has-post-thumbnail","6":"product_cat-inversores","7":"pa_hersteller-hugo-beck","8":"pa_typ-hb-350","10":"first","11":"instock","12":"taxable","13":"shipping-taxable","14":"purchasable","15":"product-type-simple"},"jetpack_sharing_enabled":true,"_links":{"self":[{"href":"https:\/\/www.3p-gmbh.de\/es\/wp-json\/wp\/v2\/product\/90720","targetHints":{"allow":["GET"]}}],"collection":[{"href":"https:\/\/www.3p-gmbh.de\/es\/wp-json\/wp\/v2\/product"}],"about":[{"href":"https:\/\/www.3p-gmbh.de\/es\/wp-json\/wp\/v2\/types\/product"}],"wp:featuredmedia":[{"embeddable":true,"href":"https:\/\/www.3p-gmbh.de\/es\/wp-json\/wp\/v2\/media\/72310"}],"wp:attachment":[{"href":"https:\/\/www.3p-gmbh.de\/es\/wp-json\/wp\/v2\/media?parent=90720"}],"wp:term":[{"taxonomy":"product_brand","embeddable":true,"href":"https:\/\/www.3p-gmbh.de\/es\/wp-json\/wp\/v2\/product_brand?post=90720"},{"taxonomy":"product_cat","embeddable":true,"href":"https:\/\/www.3p-gmbh.de\/es\/wp-json\/wp\/v2\/product_cat?post=90720"},{"taxonomy":"product_tag","embeddable":true,"href":"https:\/\/www.3p-gmbh.de\/es\/wp-json\/wp\/v2\/product_tag?post=90720"}],"curies":[{"name":"wp","href":"https:\/\/api.w.org\/{rel}","templated":true}]}}