{"id":90712,"date":"2019-10-29T10:59:50","date_gmt":"2019-10-29T10:59:50","guid":{"rendered":"https:\/\/www.3p-gmbh.de\/produkt\/escaner-plano-creoscitex-eversmart-supreme\/"},"modified":"2019-10-29T10:59:50","modified_gmt":"2019-10-29T10:59:50","slug":"creoscitex-eversmart-supreme-flatbed-scanner","status":"publish","type":"product","link":"https:\/\/www.3p-gmbh.de\/es\/produkt\/creoscitex-eversmart-supreme-flatbed-scanner\/","title":{"rendered":"Esc\u00e1ner plano CreoScitex Eversmart Supreme"},"content":{"rendered":"<ul>\n<li>Resoluci\u00f3n 5.600 ppp<\/li>\n<li>resoluci\u00f3n \u00f3ptica 14.000 ppp<\/li>\n<li>Densidad 4,3<\/li>\n<li>Tecnolog\u00eda SOOM (escanea una vez, imprime muchas)<\/li>\n<li>Tecnolog\u00eda XY-Stitch<\/li>\n<li>m\u00e1x. Formato de escaneado 305&#215;432 mm<\/li>\n<li>Profundidad de color 48 bits<\/li>\n<li>con el software Eversmart Scan Solution (Mac OS X)<\/li>\n<li>Conexi\u00f3n mediante adaptador FireWire<\/li>\n<\/ul>\n","protected":false},"excerpt":{"rendered":"<p>Resoluci\u00f3n 5.600 ppp resoluci\u00f3n \u00f3ptica 14.000 ppp Densidad 4,3 Tecnolog\u00eda SOOM (escanea una vez, imprime muchas) Tecnolog\u00eda XY-Stitch m\u00e1x. Formato de escaneado 305&#215;432 mm Profundidad de color 48 bits con el software Eversmart Scan Solution (Mac OS X) Conexi\u00f3n mediante adaptador FireWire<\/p>\n","protected":false},"featured_media":72334,"template":"","meta":[],"product_brand":[],"product_cat":[3095],"product_tag":[],"class_list":{"0":"post-90712","1":"product","2":"type-product","3":"status-publish","4":"has-post-thumbnail","6":"product_cat-escaner-plano","7":"pa_bezeichnung_typ-eversmart-supreme","8":"pa_hersteller-creo-scitex","10":"first","11":"instock","12":"taxable","13":"shipping-taxable","14":"purchasable","15":"product-type-simple"},"jetpack_sharing_enabled":true,"_links":{"self":[{"href":"https:\/\/www.3p-gmbh.de\/es\/wp-json\/wp\/v2\/product\/90712","targetHints":{"allow":["GET"]}}],"collection":[{"href":"https:\/\/www.3p-gmbh.de\/es\/wp-json\/wp\/v2\/product"}],"about":[{"href":"https:\/\/www.3p-gmbh.de\/es\/wp-json\/wp\/v2\/types\/product"}],"wp:featuredmedia":[{"embeddable":true,"href":"https:\/\/www.3p-gmbh.de\/es\/wp-json\/wp\/v2\/media\/72334"}],"wp:attachment":[{"href":"https:\/\/www.3p-gmbh.de\/es\/wp-json\/wp\/v2\/media?parent=90712"}],"wp:term":[{"taxonomy":"product_brand","embeddable":true,"href":"https:\/\/www.3p-gmbh.de\/es\/wp-json\/wp\/v2\/product_brand?post=90712"},{"taxonomy":"product_cat","embeddable":true,"href":"https:\/\/www.3p-gmbh.de\/es\/wp-json\/wp\/v2\/product_cat?post=90712"},{"taxonomy":"product_tag","embeddable":true,"href":"https:\/\/www.3p-gmbh.de\/es\/wp-json\/wp\/v2\/product_tag?post=90712"}],"curies":[{"name":"wp","href":"https:\/\/api.w.org\/{rel}","templated":true}]}}