{"id":90710,"date":"2019-10-29T12:07:48","date_gmt":"2019-10-29T12:07:48","guid":{"rendered":"https:\/\/www.3p-gmbh.de\/produkt\/jogger-automatico-baumann-bsb-3\/"},"modified":"2019-10-29T12:07:48","modified_gmt":"2019-10-29T12:07:48","slug":"encofradora-automatica-baumann-bsb-3","status":"publish","type":"product","link":"https:\/\/www.3p-gmbh.de\/es\/produkt\/encofradora-automatica-baumann-bsb-3\/","title":{"rendered":"Jogger autom\u00e1tico Baumann BSB 3"},"content":{"rendered":"<p>El agitador consta de un bastidor de base estable en el que el movimiento de la mesa (arriba\/abajo) se gu\u00eda de forma estable con 2 columnas (no se utilizan cuerdas). La mesa de agitaci\u00f3n se desplaza motorizada hasta una posici\u00f3n inclinada y hasta la altura de trabajo.<\/p>\n<p>Caracter\u00edsticas<br \/>\n&#8211; Mesa vibratoria como mesa de aire con superficie de acero inoxidable<br \/>\n-Tope lateral manual<br \/>\n-Solapa lateral izquierda<br \/>\n-intensidad de agitaci\u00f3n regulable<\/p>\n","protected":false},"excerpt":{"rendered":"<p>El agitador consta de un bastidor de base estable en el que el movimiento de la mesa (arriba\/abajo) se gu\u00eda de forma estable con 2 columnas (no se utilizan cuerdas). La mesa de agitaci\u00f3n se desplaza motorizada hasta una posici\u00f3n inclinada y hasta la altura de trabajo. Caracter\u00edsticas &#8211; Mesa vibratoria como mesa de aire [&hellip;]<\/p>\n","protected":false},"featured_media":72403,"template":"","meta":[],"product_brand":[],"product_cat":[3070],"product_tag":[],"class_list":{"0":"post-90710","1":"product","2":"type-product","3":"status-publish","4":"has-post-thumbnail","6":"product_cat-mesas-vibratorias-es","7":"pa_hersteller-baumann","8":"pa_typ-bsb-3","10":"first","11":"instock","12":"taxable","13":"shipping-taxable","14":"purchasable","15":"product-type-simple"},"jetpack_sharing_enabled":true,"_links":{"self":[{"href":"https:\/\/www.3p-gmbh.de\/es\/wp-json\/wp\/v2\/product\/90710","targetHints":{"allow":["GET"]}}],"collection":[{"href":"https:\/\/www.3p-gmbh.de\/es\/wp-json\/wp\/v2\/product"}],"about":[{"href":"https:\/\/www.3p-gmbh.de\/es\/wp-json\/wp\/v2\/types\/product"}],"wp:featuredmedia":[{"embeddable":true,"href":"https:\/\/www.3p-gmbh.de\/es\/wp-json\/wp\/v2\/media\/72403"}],"wp:attachment":[{"href":"https:\/\/www.3p-gmbh.de\/es\/wp-json\/wp\/v2\/media?parent=90710"}],"wp:term":[{"taxonomy":"product_brand","embeddable":true,"href":"https:\/\/www.3p-gmbh.de\/es\/wp-json\/wp\/v2\/product_brand?post=90710"},{"taxonomy":"product_cat","embeddable":true,"href":"https:\/\/www.3p-gmbh.de\/es\/wp-json\/wp\/v2\/product_cat?post=90710"},{"taxonomy":"product_tag","embeddable":true,"href":"https:\/\/www.3p-gmbh.de\/es\/wp-json\/wp\/v2\/product_tag?post=90710"}],"curies":[{"name":"wp","href":"https:\/\/api.w.org\/{rel}","templated":true}]}}