{"id":90704,"date":"2019-11-01T09:33:53","date_gmt":"2019-11-01T09:33:53","guid":{"rendered":"https:\/\/www.3p-gmbh.de\/produkt\/maquina-offset-monocolor-man-roland-practica-pr-00-con-unidad-de-impresion-para-numeracion\/"},"modified":"2019-11-01T09:33:53","modified_gmt":"2019-11-01T09:33:53","slug":"maquina-de-impresion-offset-monocolor-man-roland-practica-pr-00-con-impresora-para-numeracion","status":"publish","type":"product","link":"https:\/\/www.3p-gmbh.de\/es\/produkt\/maquina-de-impresion-offset-monocolor-man-roland-practica-pr-00-con-impresora-para-numeracion\/","title":{"rendered":"M\u00e1quina offset monocolor MAN Roland Practica PR 00 con unidad de impresi\u00f3n para numeraci\u00f3n"},"content":{"rendered":"<ul>\n<li>M\u00e1quina offset monocolor MAN Roland Practica PR 00 con unidad de impresi\u00f3n para numeraci\u00f3n<\/li>\n<li>Formato 360 x 520 mm<\/li>\n<li>Alimentador de cobertizo Mabeg con mesa de cintas<\/li>\n<li>Sistema de amortiguaci\u00f3n Molton<\/li>\n<\/ul>\n<p>&nbsp;<\/p>\n<ul>\n<li>Dispositivo de numeraci\u00f3n compuesto por<br \/>\n1 caja de pintura<br \/>\n1 Eje numerador<br \/>\n4 anillos de asiento<br \/>\n4 brazos de conmutaci\u00f3n<br \/>\n9 Unidades de numeraci\u00f3n<\/li>\n<\/ul>\n<p>&nbsp;<\/p>\n<ul>\n<li>Dimensiones L 1,45 m, A 1,38 m, altura 1,69 m<\/li>\n<li>Conexi\u00f3n: 400 Volt 50-60 Hz 6,2 kWatt<\/li>\n<li>Peso 1780 kg<\/li>\n<\/ul>\n<p>&nbsp;<\/p>\n<ul>\n<li>incl. Accesorios est\u00e1ndar + herramientas<\/li>\n<\/ul>\n","protected":false},"excerpt":{"rendered":"<p>M\u00e1quina offset monocolor MAN Roland Practica PR 00 con unidad de impresi\u00f3n para numeraci\u00f3n Formato 360 x 520 mm Alimentador de cobertizo Mabeg con mesa de cintas Sistema de amortiguaci\u00f3n Molton &nbsp; Dispositivo de numeraci\u00f3n compuesto por 1 caja de pintura 1 Eje numerador 4 anillos de asiento 4 brazos de conmutaci\u00f3n 9 Unidades de [&hellip;]<\/p>\n","protected":false},"featured_media":72610,"template":"","meta":[],"product_brand":[],"product_cat":[3106],"product_tag":[],"class_list":{"0":"post-90704","1":"product","2":"type-product","3":"status-publish","4":"has-post-thumbnail","6":"product_cat-offset-de-hoja-1-color","7":"pa_hersteller-man-roland","8":"pa_hersteller-man-roland-edelmann","9":"pa_typ-practica-00","11":"first","12":"instock","13":"taxable","14":"shipping-taxable","15":"purchasable","16":"product-type-simple"},"jetpack_sharing_enabled":true,"_links":{"self":[{"href":"https:\/\/www.3p-gmbh.de\/es\/wp-json\/wp\/v2\/product\/90704","targetHints":{"allow":["GET"]}}],"collection":[{"href":"https:\/\/www.3p-gmbh.de\/es\/wp-json\/wp\/v2\/product"}],"about":[{"href":"https:\/\/www.3p-gmbh.de\/es\/wp-json\/wp\/v2\/types\/product"}],"wp:featuredmedia":[{"embeddable":true,"href":"https:\/\/www.3p-gmbh.de\/es\/wp-json\/wp\/v2\/media\/72610"}],"wp:attachment":[{"href":"https:\/\/www.3p-gmbh.de\/es\/wp-json\/wp\/v2\/media?parent=90704"}],"wp:term":[{"taxonomy":"product_brand","embeddable":true,"href":"https:\/\/www.3p-gmbh.de\/es\/wp-json\/wp\/v2\/product_brand?post=90704"},{"taxonomy":"product_cat","embeddable":true,"href":"https:\/\/www.3p-gmbh.de\/es\/wp-json\/wp\/v2\/product_cat?post=90704"},{"taxonomy":"product_tag","embeddable":true,"href":"https:\/\/www.3p-gmbh.de\/es\/wp-json\/wp\/v2\/product_tag?post=90704"}],"curies":[{"name":"wp","href":"https:\/\/api.w.org\/{rel}","templated":true}]}}