{"id":90696,"date":"2019-11-01T10:07:46","date_gmt":"2019-11-01T10:07:46","guid":{"rendered":"https:\/\/www.3p-gmbh.de\/produkt\/fomm-modelo-fbr-65-redondeadora-de-lomos\/"},"modified":"2019-11-01T10:07:46","modified_gmt":"2019-11-01T10:07:46","slug":"brm-book-round-back-machine-fomm-model-fbr-65","status":"publish","type":"product","link":"https:\/\/www.3p-gmbh.de\/es\/produkt\/brm-book-round-back-machine-fomm-model-fbr-65\/","title":{"rendered":"FOMM modelo FBR 65 redondeadora de lomos"},"content":{"rendered":"<p><strong>FOMM modelo FBR 65 redondeadora de lomos<\/strong><br \/>\n<strong>taller-revisado<\/strong><\/p>\n<p>permite redondear con rapidez y forma bloques de libro cosidos con hilo y perfectamente encuadernados.<br \/>\nEl ajuste r\u00e1pido de cualquier grosor de libro mediante volante manual hace que la m\u00e1quina resulte econ\u00f3mica incluso para tiradas cortas y muy cortas.<br \/>\nAnchura de inserci\u00f3n 65 cm<\/p>\n","protected":false},"excerpt":{"rendered":"<p>FOMM modelo FBR 65 redondeadora de lomos taller-revisado permite redondear con rapidez y forma bloques de libro cosidos con hilo y perfectamente encuadernados. El ajuste r\u00e1pido de cualquier grosor de libro mediante volante manual hace que la m\u00e1quina resulte econ\u00f3mica incluso para tiradas cortas y muy cortas. Anchura de inserci\u00f3n 65 cm<\/p>\n","protected":false},"featured_media":72661,"template":"","meta":[],"product_brand":[],"product_cat":[2894],"product_tag":[],"class_list":{"0":"post-90696","1":"product","2":"type-product","3":"status-publish","4":"has-post-thumbnail","6":"product_cat-surtido-encuadernacion","7":"pa_hersteller-fomm","8":"pa_typ-fbr-65","10":"first","11":"instock","12":"taxable","13":"shipping-taxable","14":"purchasable","15":"product-type-simple"},"jetpack_sharing_enabled":true,"_links":{"self":[{"href":"https:\/\/www.3p-gmbh.de\/es\/wp-json\/wp\/v2\/product\/90696","targetHints":{"allow":["GET"]}}],"collection":[{"href":"https:\/\/www.3p-gmbh.de\/es\/wp-json\/wp\/v2\/product"}],"about":[{"href":"https:\/\/www.3p-gmbh.de\/es\/wp-json\/wp\/v2\/types\/product"}],"wp:featuredmedia":[{"embeddable":true,"href":"https:\/\/www.3p-gmbh.de\/es\/wp-json\/wp\/v2\/media\/72661"}],"wp:attachment":[{"href":"https:\/\/www.3p-gmbh.de\/es\/wp-json\/wp\/v2\/media?parent=90696"}],"wp:term":[{"taxonomy":"product_brand","embeddable":true,"href":"https:\/\/www.3p-gmbh.de\/es\/wp-json\/wp\/v2\/product_brand?post=90696"},{"taxonomy":"product_cat","embeddable":true,"href":"https:\/\/www.3p-gmbh.de\/es\/wp-json\/wp\/v2\/product_cat?post=90696"},{"taxonomy":"product_tag","embeddable":true,"href":"https:\/\/www.3p-gmbh.de\/es\/wp-json\/wp\/v2\/product_tag?post=90696"}],"curies":[{"name":"wp","href":"https:\/\/api.w.org\/{rel}","templated":true}]}}