{"id":90690,"date":"2019-11-01T10:23:29","date_gmt":"2019-11-01T10:23:29","guid":{"rendered":"https:\/\/www.3p-gmbh.de\/produkt\/plato-de-encuadernacion-de-tapa-dura-fastbind-h530\/"},"modified":"2019-11-01T10:23:29","modified_gmt":"2019-11-01T10:23:29","slug":"fastbind-h530-placa-de-encuadernacion-de-tapa-dura","status":"publish","type":"product","link":"https:\/\/www.3p-gmbh.de\/es\/produkt\/fastbind-h530-placa-de-encuadernacion-de-tapa-dura\/","title":{"rendered":"Plato de encuadernaci\u00f3n de tapa dura FASTBIND H530"},"content":{"rendered":"<p>Le da la oportunidad de imprimir sus propios libros bajo demanda.<br \/>\npara fabricar. El m\u00e9todo patentado del FASTBIND H 530 ayuda a<br \/>\nLos componentes individuales de la tapa dura se muestran en el correcto<br \/>\npara fijar la posici\u00f3n. Puede utilizar cualquier formato entre DIN A6 y<br \/>\nDIN A4 + proceso. Tambi\u00e9n tiene la opci\u00f3n de<br \/>\nProducir carpetas de sobres<\/p>\n","protected":false},"excerpt":{"rendered":"<p>Le da la oportunidad de imprimir sus propios libros bajo demanda. para fabricar. El m\u00e9todo patentado del FASTBIND H 530 ayuda a Los componentes individuales de la tapa dura se muestran en el correcto para fijar la posici\u00f3n. Puede utilizar cualquier formato entre DIN A6 y DIN A4 + proceso. Tambi\u00e9n tiene la opci\u00f3n de [&hellip;]<\/p>\n","protected":false},"featured_media":72682,"template":"","meta":[],"product_brand":[],"product_cat":[2894],"product_tag":[],"class_list":{"0":"post-90690","1":"product","2":"type-product","3":"status-publish","4":"has-post-thumbnail","6":"product_cat-surtido-encuadernacion","7":"pa_hersteller-fastbind","8":"pa_typ-h-530","10":"first","11":"instock","12":"taxable","13":"shipping-taxable","14":"purchasable","15":"product-type-simple"},"jetpack_sharing_enabled":true,"_links":{"self":[{"href":"https:\/\/www.3p-gmbh.de\/es\/wp-json\/wp\/v2\/product\/90690","targetHints":{"allow":["GET"]}}],"collection":[{"href":"https:\/\/www.3p-gmbh.de\/es\/wp-json\/wp\/v2\/product"}],"about":[{"href":"https:\/\/www.3p-gmbh.de\/es\/wp-json\/wp\/v2\/types\/product"}],"wp:featuredmedia":[{"embeddable":true,"href":"https:\/\/www.3p-gmbh.de\/es\/wp-json\/wp\/v2\/media\/72682"}],"wp:attachment":[{"href":"https:\/\/www.3p-gmbh.de\/es\/wp-json\/wp\/v2\/media?parent=90690"}],"wp:term":[{"taxonomy":"product_brand","embeddable":true,"href":"https:\/\/www.3p-gmbh.de\/es\/wp-json\/wp\/v2\/product_brand?post=90690"},{"taxonomy":"product_cat","embeddable":true,"href":"https:\/\/www.3p-gmbh.de\/es\/wp-json\/wp\/v2\/product_cat?post=90690"},{"taxonomy":"product_tag","embeddable":true,"href":"https:\/\/www.3p-gmbh.de\/es\/wp-json\/wp\/v2\/product_tag?post=90690"}],"curies":[{"name":"wp","href":"https:\/\/api.w.org\/{rel}","templated":true}]}}