{"id":90688,"date":"2019-11-01T10:19:18","date_gmt":"2019-11-01T10:19:18","guid":{"rendered":"https:\/\/www.3p-gmbh.de\/produkt\/encuadernadora-fastbind-elite\/"},"modified":"2019-11-01T10:19:18","modified_gmt":"2019-11-01T10:19:18","slug":"fastbind-elite-binding-machine-2","status":"publish","type":"product","link":"https:\/\/www.3p-gmbh.de\/es\/produkt\/fastbind-elite-binding-machine-2\/","title":{"rendered":"Encuadernadora Fastbind Elite"},"content":{"rendered":"<p>Produce libros de tapa dura y blanda, as\u00ed como cubiertas de gestor, almohadillas arrancables y encuadernaciones en tiras (encuadernaciones en tiras) de forma r\u00e1pida y sencilla.<br \/>\nIdeal para la industria de servicios en el sector de la impresi\u00f3n digital, para imprentas y copister\u00edas, editores, encuadernadores y fot\u00f3grafos.<br \/>\nEl resultado es siempre una \u00abencuadernaci\u00f3n perfecta\u00bb: profesional, rentable y duradera.<\/p>\n<p>Sistema de desbaste &#8211; PGO<br \/>\nLa Fastbind Elite cuenta con el exclusivo sistema de Apertura de Grano de Papel (PGO).<br \/>\nA diferencia de otros sistemas de desbaste de la columna vertebral que la arrastran y generan mucho polvo y ruido, el PGO abre la columna de forma muy silenciosa,<br \/>\nsin polvo de papel y garantiza la m\u00e1xima durabilidad incluso con papeles dif\u00edciles de copiar en color y de impresi\u00f3n de im\u00e1genes.<\/p>\n<p>El usuario puede controlar las pasadas de PGO necesarias para lograr una uni\u00f3n estable y duradera.<\/p>\n<p>Todas las aplicaciones se realizan en una sola operaci\u00f3n, sin tiempos de cambio o ajuste de la encuadernadora.<br \/>\nTodos los formatos y formatos intermedios hasta DIN A4 y un ancho de lomo de hasta 4 cm pueden encuadernarse de forma perfecta, duradera y profesional.<br \/>\nEl ciclo de encuadernaci\u00f3n es de s\u00f3lo 20 segundos. (180 piezas\/h).<\/p>\n","protected":false},"excerpt":{"rendered":"<p>Produce libros de tapa dura y blanda, as\u00ed como cubiertas de gestor, almohadillas arrancables y encuadernaciones en tiras (encuadernaciones en tiras) de forma r\u00e1pida y sencilla. Ideal para la industria de servicios en el sector de la impresi\u00f3n digital, para imprentas y copister\u00edas, editores, encuadernadores y fot\u00f3grafos. El resultado es siempre una \u00abencuadernaci\u00f3n perfecta\u00bb: profesional, [&hellip;]<\/p>\n","protected":false},"featured_media":72670,"template":"","meta":[],"product_brand":[],"product_cat":[2894],"product_tag":[],"class_list":{"0":"post-90688","1":"product","2":"type-product","3":"status-publish","4":"has-post-thumbnail","6":"product_cat-surtido-encuadernacion","7":"pa_hersteller-fastbind","8":"pa_typ-elite","10":"first","11":"instock","12":"taxable","13":"shipping-taxable","14":"purchasable","15":"product-type-simple"},"jetpack_sharing_enabled":true,"_links":{"self":[{"href":"https:\/\/www.3p-gmbh.de\/es\/wp-json\/wp\/v2\/product\/90688","targetHints":{"allow":["GET"]}}],"collection":[{"href":"https:\/\/www.3p-gmbh.de\/es\/wp-json\/wp\/v2\/product"}],"about":[{"href":"https:\/\/www.3p-gmbh.de\/es\/wp-json\/wp\/v2\/types\/product"}],"wp:featuredmedia":[{"embeddable":true,"href":"https:\/\/www.3p-gmbh.de\/es\/wp-json\/wp\/v2\/media\/72670"}],"wp:attachment":[{"href":"https:\/\/www.3p-gmbh.de\/es\/wp-json\/wp\/v2\/media?parent=90688"}],"wp:term":[{"taxonomy":"product_brand","embeddable":true,"href":"https:\/\/www.3p-gmbh.de\/es\/wp-json\/wp\/v2\/product_brand?post=90688"},{"taxonomy":"product_cat","embeddable":true,"href":"https:\/\/www.3p-gmbh.de\/es\/wp-json\/wp\/v2\/product_cat?post=90688"},{"taxonomy":"product_tag","embeddable":true,"href":"https:\/\/www.3p-gmbh.de\/es\/wp-json\/wp\/v2\/product_tag?post=90688"}],"curies":[{"name":"wp","href":"https:\/\/api.w.org\/{rel}","templated":true}]}}