{"id":90674,"date":"2019-11-01T11:13:47","date_gmt":"2019-11-01T11:13:47","guid":{"rendered":"https:\/\/www.3p-gmbh.de\/produkt\/maquina-neumatica-de-doble-resolucion-de-pendientes\/"},"modified":"2019-11-01T11:13:47","modified_gmt":"2019-11-01T11:13:47","slug":"neumatico-operativo-doble-oem-maquina-colgante-con-distancia-fija-de-280mm","status":"publish","type":"product","link":"https:\/\/www.3p-gmbh.de\/es\/produkt\/neumatico-operativo-doble-oem-maquina-colgante-con-distancia-fija-de-280mm\/","title":{"rendered":"M\u00e1quina neum\u00e1tica de doble resoluci\u00f3n de pendientes"},"content":{"rendered":"<p><strong>M\u00e1quina de doble disoluci\u00f3n de funcionamiento neum\u00e1tico Hang<\/strong><br \/>\nPerfora el orificio y el ojete en una sola operaci\u00f3n (el ojete perfora el orificio) El soporte de material con topes traseros y laterales ajustables sin escalonamientos garantiza un posicionamiento exacto<br \/>\nactualmente equipada con ojales autoperforantes de hasta 20 hojas con papel de 80 g\/m2 o material de hasta 3 mm de grosor<\/p>\n<ul>\n<li>Accionamiento por pedal con alimentaci\u00f3n autom\u00e1tica de ojetes<\/li>\n<li>Puede utilizarse para papel, cart\u00f3n, pl\u00e1sticos, etc.<\/li>\n<li>Ideal para contratos, certificados y etiquetas<\/li>\n<li>2 cabezales con distancia fija de 280mm para limar agujeros de 5,5mm de di\u00e1metro interior<\/li>\n<li>Aire comprimido in situ<\/li>\n<\/ul>\n<p>V\u00eddeo de demostraci\u00f3n en <a href=\"https:\/\/youtu.be\/XWkClxxjkyo\" target=\"_blank\" rel=\"noopener noreferrer\">https:\/\/youtu.be\/XWkClxxjkyo<\/a><\/p>\n","protected":false},"excerpt":{"rendered":"<p>M\u00e1quina de doble disoluci\u00f3n de funcionamiento neum\u00e1tico Hang Perfora el orificio y el ojete en una sola operaci\u00f3n (el ojete perfora el orificio) El soporte de material con topes traseros y laterales ajustables sin escalonamientos garantiza un posicionamiento exacto actualmente equipada con ojales autoperforantes de hasta 20 hojas con papel de 80 g\/m2 o material [&hellip;]<\/p>\n","protected":false},"featured_media":78493,"template":"","meta":[],"product_brand":[],"product_cat":[3058],"product_tag":[],"class_list":{"0":"post-90674","1":"product","2":"type-product","3":"status-publish","4":"has-post-thumbnail","6":"product_cat-engrasadoras","7":"pa_hersteller-constantin-hang","9":"first","10":"instock","11":"taxable","12":"shipping-taxable","13":"purchasable","14":"product-type-simple"},"jetpack_sharing_enabled":true,"_links":{"self":[{"href":"https:\/\/www.3p-gmbh.de\/es\/wp-json\/wp\/v2\/product\/90674","targetHints":{"allow":["GET"]}}],"collection":[{"href":"https:\/\/www.3p-gmbh.de\/es\/wp-json\/wp\/v2\/product"}],"about":[{"href":"https:\/\/www.3p-gmbh.de\/es\/wp-json\/wp\/v2\/types\/product"}],"wp:featuredmedia":[{"embeddable":true,"href":"https:\/\/www.3p-gmbh.de\/es\/wp-json\/wp\/v2\/media\/78493"}],"wp:attachment":[{"href":"https:\/\/www.3p-gmbh.de\/es\/wp-json\/wp\/v2\/media?parent=90674"}],"wp:term":[{"taxonomy":"product_brand","embeddable":true,"href":"https:\/\/www.3p-gmbh.de\/es\/wp-json\/wp\/v2\/product_brand?post=90674"},{"taxonomy":"product_cat","embeddable":true,"href":"https:\/\/www.3p-gmbh.de\/es\/wp-json\/wp\/v2\/product_cat?post=90674"},{"taxonomy":"product_tag","embeddable":true,"href":"https:\/\/www.3p-gmbh.de\/es\/wp-json\/wp\/v2\/product_tag?post=90674"}],"curies":[{"name":"wp","href":"https:\/\/api.w.org\/{rel}","templated":true}]}}