{"id":90670,"date":"2019-11-01T12:57:38","date_gmt":"2019-11-01T12:57:38","guid":{"rendered":"https:\/\/www.3p-gmbh.de\/produkt\/ernst-nagel-sp-plus-square-press\/"},"modified":"2019-11-01T12:57:38","modified_gmt":"2019-11-01T12:57:38","slug":"back-finishing-with-nails-sp-plus-square-press","status":"publish","type":"product","link":"https:\/\/www.3p-gmbh.de\/es\/produkt\/back-finishing-with-nails-sp-plus-square-press\/","title":{"rendered":"Ernst NAGEL SP PLUS SQUARE PRESS"},"content":{"rendered":"<p>ACABADO DE FOLLETOS &#8211; con valor a\u00f1adido.<\/p>\n<p>Nagel SP Plus Square Press: El lomo del cuadernillo ya cosido adquiere el aspecto mediante prensado<br \/>\nuna encuadernaci\u00f3n adhesiva de alta calidad.<br \/>\nSu ventaja: el lomo del folleto puede imprimirse. Apilado, almacenamiento<br \/>\ny el embalaje es m\u00e1s f\u00e1cil y ocupa menos espacio, los folletos ya no se abren.<\/p>\n<p>La SP Plus es muy flexible en su uso:<br \/>\nM\u00f3vil fuera de l\u00ednea en el departamento de acabado<br \/>\nhasta 30 hojas (80 gr\/m2) por cuadernillo para formatos de hasta 350 mm x 250 mm.<br \/>\nCon una sola pasada, la SP Plus Offline puede alcanzar hasta 1.200 por hora.<\/p>\n","protected":false},"excerpt":{"rendered":"<p>ACABADO DE FOLLETOS &#8211; con valor a\u00f1adido. Nagel SP Plus Square Press: El lomo del cuadernillo ya cosido adquiere el aspecto mediante prensado una encuadernaci\u00f3n adhesiva de alta calidad. Su ventaja: el lomo del folleto puede imprimirse. Apilado, almacenamiento y el embalaje es m\u00e1s f\u00e1cil y ocupa menos espacio, los folletos ya no se abren. [&hellip;]<\/p>\n","protected":false},"featured_media":72793,"template":"","meta":[],"product_brand":[],"product_cat":[2894],"product_tag":[],"class_list":{"0":"post-90670","1":"product","2":"type-product","3":"status-publish","4":"has-post-thumbnail","6":"product_cat-surtido-encuadernacion","7":"pa_hersteller-ernst-nagel","8":"pa_typ-sp-plus-square-press","10":"first","11":"instock","12":"taxable","13":"shipping-taxable","14":"purchasable","15":"product-type-simple"},"jetpack_sharing_enabled":true,"_links":{"self":[{"href":"https:\/\/www.3p-gmbh.de\/es\/wp-json\/wp\/v2\/product\/90670","targetHints":{"allow":["GET"]}}],"collection":[{"href":"https:\/\/www.3p-gmbh.de\/es\/wp-json\/wp\/v2\/product"}],"about":[{"href":"https:\/\/www.3p-gmbh.de\/es\/wp-json\/wp\/v2\/types\/product"}],"wp:featuredmedia":[{"embeddable":true,"href":"https:\/\/www.3p-gmbh.de\/es\/wp-json\/wp\/v2\/media\/72793"}],"wp:attachment":[{"href":"https:\/\/www.3p-gmbh.de\/es\/wp-json\/wp\/v2\/media?parent=90670"}],"wp:term":[{"taxonomy":"product_brand","embeddable":true,"href":"https:\/\/www.3p-gmbh.de\/es\/wp-json\/wp\/v2\/product_brand?post=90670"},{"taxonomy":"product_cat","embeddable":true,"href":"https:\/\/www.3p-gmbh.de\/es\/wp-json\/wp\/v2\/product_cat?post=90670"},{"taxonomy":"product_tag","embeddable":true,"href":"https:\/\/www.3p-gmbh.de\/es\/wp-json\/wp\/v2\/product_tag?post=90670"}],"curies":[{"name":"wp","href":"https:\/\/api.w.org\/{rel}","templated":true}]}}