{"id":90656,"date":"2019-11-01T13:39:30","date_gmt":"2019-11-01T13:39:30","guid":{"rendered":"https:\/\/www.3p-gmbh.de\/produkt\/grapadora-doble-ernst-nagel-rinak-duo\/"},"modified":"2019-11-01T13:39:30","modified_gmt":"2019-11-01T13:39:30","slug":"grapadora-doble-ernst-nail-rinak-duo","status":"publish","type":"product","link":"https:\/\/www.3p-gmbh.de\/es\/produkt\/grapadora-doble-ernst-nail-rinak-duo\/","title":{"rendered":"Grapadora doble Ernst Nagel Rinak Duo"},"content":{"rendered":"<p>para cosido en bloque y a caballete de hasta 4 mm<br \/>\nEstado como nuevo<\/p>\n<p>Dos pinzas en una sola operaci\u00f3n<br \/>\nPara todos los usuarios que deseen grapar documentos en una sola operaci\u00f3n con dos grapas,<br \/>\nla grapadora el\u00e9ctrica NAGEL RINAK DUO es especialmente adecuada.<br \/>\nConsta de dos cosedoras individuales RINAK, que se acoplan el\u00e9ctricamente y pueden ajustarse a distancias variables.<br \/>\nEl funcionamiento es extremadamente c\u00f3modo y sencillo.<br \/>\nLo mismo se aplica al grapado con grapas de anilla para producir folletos que se van a archivar en carpetas.<\/p>\n<p>grapadora el\u00e9ctrica de doble cabezal con distancia de grapado ajustable<br \/>\npara cosido en bloque y a caballete para la confecci\u00f3n de folletos<\/p>\n<p>Grapado en bloque: hasta 4 mm aprox. 40 hojas (papel de 80 g)<br \/>\nFolletos: hasta 3 mm aprox. 30 hojas (papel de 80 g)<br \/>\nGrapas: 26\/6, 26\/8S, Ri 26\/6<br \/>\nLa mesa de alimentaci\u00f3n se puede convertir para coser en bloque o a caballete con una simple inclinaci\u00f3n<br \/>\nResistencia al impacto del cabezal de cosido ajustable<br \/>\nTope lateral ajustable<br \/>\nM\u00e1quina de sobremesa para fijar a la mesa<br \/>\nCapacidad del cargador de grapas: 210 unidades<br \/>\nProfundidad de inserci\u00f3n: 30 mm (para cosido en bloque)<br \/>\nConexi\u00f3n: 230 V \/ 50 Hz<br \/>\nDimensiones: W540 x D370 x H360 mm<br \/>\nPeso (neto): 16 kg<\/p>\n","protected":false},"excerpt":{"rendered":"<p>para cosido en bloque y a caballete de hasta 4 mm Estado como nuevo Dos pinzas en una sola operaci\u00f3n Para todos los usuarios que deseen grapar documentos en una sola operaci\u00f3n con dos grapas, la grapadora el\u00e9ctrica NAGEL RINAK DUO es especialmente adecuada. Consta de dos cosedoras individuales RINAK, que se acoplan el\u00e9ctricamente y [&hellip;]<\/p>\n","protected":false},"featured_media":72856,"template":"","meta":[],"product_brand":[],"product_cat":[2990],"product_tag":[],"class_list":{"0":"post-90656","1":"product","2":"type-product","3":"status-publish","4":"has-post-thumbnail","6":"product_cat-grapadoras","7":"pa_hersteller-ernst-nagel","8":"pa_typ-rinak-duo","10":"first","11":"instock","12":"taxable","13":"shipping-taxable","14":"purchasable","15":"product-type-simple"},"jetpack_sharing_enabled":true,"_links":{"self":[{"href":"https:\/\/www.3p-gmbh.de\/es\/wp-json\/wp\/v2\/product\/90656","targetHints":{"allow":["GET"]}}],"collection":[{"href":"https:\/\/www.3p-gmbh.de\/es\/wp-json\/wp\/v2\/product"}],"about":[{"href":"https:\/\/www.3p-gmbh.de\/es\/wp-json\/wp\/v2\/types\/product"}],"wp:featuredmedia":[{"embeddable":true,"href":"https:\/\/www.3p-gmbh.de\/es\/wp-json\/wp\/v2\/media\/72856"}],"wp:attachment":[{"href":"https:\/\/www.3p-gmbh.de\/es\/wp-json\/wp\/v2\/media?parent=90656"}],"wp:term":[{"taxonomy":"product_brand","embeddable":true,"href":"https:\/\/www.3p-gmbh.de\/es\/wp-json\/wp\/v2\/product_brand?post=90656"},{"taxonomy":"product_cat","embeddable":true,"href":"https:\/\/www.3p-gmbh.de\/es\/wp-json\/wp\/v2\/product_cat?post=90656"},{"taxonomy":"product_tag","embeddable":true,"href":"https:\/\/www.3p-gmbh.de\/es\/wp-json\/wp\/v2\/product_tag?post=90656"}],"curies":[{"name":"wp","href":"https:\/\/api.w.org\/{rel}","templated":true}]}}