{"id":90647,"date":"2019-11-01T13:48:31","date_gmt":"2019-11-01T13:48:31","guid":{"rendered":"https:\/\/www.3p-gmbh.de\/produkt\/nagel-recolectora-s8-con-vibrador-entrega-escalonada\/"},"modified":"2019-11-01T13:48:31","modified_gmt":"2019-11-01T13:48:31","slug":"ensamblar-maquina-clavo-s8-con-dispositivo-ruettler-offset","status":"publish","type":"product","link":"https:\/\/www.3p-gmbh.de\/es\/produkt\/ensamblar-maquina-clavo-s8-con-dispositivo-ruettler-offset\/","title":{"rendered":"NAGEL Recolectora S8 con vibrador entrega escalonada"},"content":{"rendered":"<p>8 estaciones con cinta de aspiraci\u00f3n con aire aspirado\/soplado<br \/>\nGramaje del papel: de 45 a 240 g\/m2 aprox.<br \/>\nAltura de apilado de la estaci\u00f3n de la hoja de cubierta m\u00e1x.: 130 mm<br \/>\nAltura de apilado estaci\u00f3n 2-7 m\u00e1x.: 65 mm<br \/>\nTama\u00f1o m\u00e1ximo del papel: 364 x 520 mm<br \/>\nTama\u00f1o de papel m\u00edn.: 120 x 160 mm<br \/>\n-contador\/contador de preselecci\u00f3n<br \/>\n-Funci\u00f3n divisora<br \/>\n-detecci\u00f3n de doble hoja<br \/>\n-detecci\u00f3n de hojas falsas<br \/>\n-Detecci\u00f3n de la longitud de la hoja<br \/>\n-Estaci\u00f3n vac\u00eda<br \/>\n-Detecci\u00f3n de atasco de papel<\/p>\n","protected":false},"excerpt":{"rendered":"<p>8 estaciones con cinta de aspiraci\u00f3n con aire aspirado\/soplado Gramaje del papel: de 45 a 240 g\/m2 aprox. Altura de apilado de la estaci\u00f3n de la hoja de cubierta m\u00e1x.: 130 mm Altura de apilado estaci\u00f3n 2-7 m\u00e1x.: 65 mm Tama\u00f1o m\u00e1ximo del papel: 364 x 520 mm Tama\u00f1o de papel m\u00edn.: 120 x 160 [&hellip;]<\/p>\n","protected":false},"featured_media":72880,"template":"","meta":[],"product_brand":[],"product_cat":[3044],"product_tag":[],"class_list":{"0":"post-90647","1":"product","2":"type-product","3":"status-publish","4":"has-post-thumbnail","6":"product_cat-maquinas-recolectoras","7":"pa_hersteller-ernst-nagel","8":"pa_typ-s8","10":"first","11":"instock","12":"taxable","13":"shipping-taxable","14":"purchasable","15":"product-type-simple"},"jetpack_sharing_enabled":true,"_links":{"self":[{"href":"https:\/\/www.3p-gmbh.de\/es\/wp-json\/wp\/v2\/product\/90647","targetHints":{"allow":["GET"]}}],"collection":[{"href":"https:\/\/www.3p-gmbh.de\/es\/wp-json\/wp\/v2\/product"}],"about":[{"href":"https:\/\/www.3p-gmbh.de\/es\/wp-json\/wp\/v2\/types\/product"}],"wp:featuredmedia":[{"embeddable":true,"href":"https:\/\/www.3p-gmbh.de\/es\/wp-json\/wp\/v2\/media\/72880"}],"wp:attachment":[{"href":"https:\/\/www.3p-gmbh.de\/es\/wp-json\/wp\/v2\/media?parent=90647"}],"wp:term":[{"taxonomy":"product_brand","embeddable":true,"href":"https:\/\/www.3p-gmbh.de\/es\/wp-json\/wp\/v2\/product_brand?post=90647"},{"taxonomy":"product_cat","embeddable":true,"href":"https:\/\/www.3p-gmbh.de\/es\/wp-json\/wp\/v2\/product_cat?post=90647"},{"taxonomy":"product_tag","embeddable":true,"href":"https:\/\/www.3p-gmbh.de\/es\/wp-json\/wp\/v2\/product_tag?post=90647"}],"curies":[{"name":"wp","href":"https:\/\/api.w.org\/{rel}","templated":true}]}}