{"id":90644,"date":"2019-11-04T08:00:51","date_gmt":"2019-11-04T08:00:51","guid":{"rendered":"https:\/\/www.3p-gmbh.de\/produkt\/mathias-baeuerle-prestige-foldnet-52-4-4-fsa-am-52-hebilla-placa-plegable\/"},"modified":"2019-11-04T08:00:51","modified_gmt":"2019-11-04T08:00:51","slug":"hebilla-placa-carpeta-mathias-baeuerle-prestige-foldnet-52-4-4-fsa-am-52","status":"publish","type":"product","link":"https:\/\/www.3p-gmbh.de\/es\/produkt\/hebilla-placa-carpeta-mathias-baeuerle-prestige-foldnet-52-4-4-fsa-am-52\/","title":{"rendered":"Mathias B\u00e4uerle Prestige FoldNet 52-4-4-FSA-AM 52 hebilla placa plegable"},"content":{"rendered":"<p>Ajuste totalmente autom\u00e1tico<\/p>\n<p>1\u00aa unidad de plegado con 4 bolsillos y eje de corte descendente, mesa de sobrealimentaci\u00f3n,<br \/>\ncon 42,9 millones de pliegues<\/p>\n<p>2. unidad de plegado con 4 bolsas y eje de corte descendente<br \/>\naprox. 15 millones de pliegues<\/p>\n<p>La configuraci\u00f3n autom\u00e1tica controla el ajuste de la m\u00e1quina desde el alimentador hasta la salida.<br \/>\nBas\u00e1ndose en el formato plano especificado, el tipo de plegado seleccionado y el grosor del papel medido a trav\u00e9s de un sensor de grosor del papel, el sistema de control por ordenador calcula<br \/>\nla posici\u00f3n de los distintos elementos de ajuste y se hace cargo de su ajuste.<br \/>\nEl control inteligente de la m\u00e1quina y el manejo mediante pantalla t\u00e1ctil facilitan el plegado.<br \/>\nEl panel central t\u00e1ctil es la interfaz de usuario interactiva.<br \/>\nTodos los ajustes importantes se realizan desde aqu\u00ed.<br \/>\nLas intervenciones manuales se reducen al m\u00ednimo.<br \/>\nLa gu\u00eda del usuario se explica por s\u00ed misma.<br \/>\nSiempre puede ver qu\u00e9 men\u00fa est\u00e1 activo y qu\u00e9 opciones siguen disponibles.<br \/>\nEl prestigeFOLD permite la integraci\u00f3n en una red operativa a trav\u00e9s de una interfaz.<br \/>\nDe este modo, es posible la transmisi\u00f3n de datos a la m\u00e1quina mediante un archivo JDF o la adquisici\u00f3n de datos de producci\u00f3n.<\/p>\n<p>Ajuste autom\u00e1tico para:<br \/>\n* Alimentador<br \/>\n* todas las placas de hebilla<br \/>\n* Desv\u00edos curvos<br \/>\n* Reglas<br \/>\n* Rodillos<br \/>\n* Gastos<br \/>\n* 20 tipos de pliegues almacenados permanentemente<br \/>\n* Otros tipos de pliegue programables libremente<br \/>\n* 200 posiciones de memoria para trabajos repetidos<br \/>\n* Compatible con CIP4<br \/>\n* Unidades plegables con 4 \u00f3 6 bolsillos<br \/>\n* Ampliable hasta 3 carpetas de placas de hebilla<br \/>\n* Puede combinarse con la unidad m\u00f3vil de plegado de espadas<\/p>\n<p>m\u00e1x. Tama\u00f1o de la hoja 52 x 85 cm<br \/>\nmin. Tama\u00f1o de la hoja 10 x 12 cm<br \/>\nmin. Longitud del pliegue 3,5 cm<br \/>\nAltura de apilado del alimentador 66 cm<br \/>\nVelocidad m\u00e1x. 220 m\/min<\/p>\n<p>Expositor m\u00f3vil de cobertizo largo regulable en altura<\/p>\n","protected":false},"excerpt":{"rendered":"<p>Ajuste totalmente autom\u00e1tico 1\u00aa unidad de plegado con 4 bolsillos y eje de corte descendente, mesa de sobrealimentaci\u00f3n, con 42,9 millones de pliegues 2. unidad de plegado con 4 bolsas y eje de corte descendente aprox. 15 millones de pliegues La configuraci\u00f3n autom\u00e1tica controla el ajuste de la m\u00e1quina desde el alimentador hasta la salida. [&hellip;]<\/p>\n","protected":false},"featured_media":73003,"template":"","meta":[],"product_brand":[],"product_cat":[2982],"product_tag":[],"class_list":{"0":"post-90644","1":"product","2":"type-product","3":"status-publish","4":"has-post-thumbnail","6":"product_cat-plegadoras","7":"pa_hersteller-mathias-baeuerle","8":"pa_typ-foldnet-52-4-4-fsa-am-52","10":"first","11":"instock","12":"taxable","13":"shipping-taxable","14":"purchasable","15":"product-type-simple"},"jetpack_sharing_enabled":true,"_links":{"self":[{"href":"https:\/\/www.3p-gmbh.de\/es\/wp-json\/wp\/v2\/product\/90644","targetHints":{"allow":["GET"]}}],"collection":[{"href":"https:\/\/www.3p-gmbh.de\/es\/wp-json\/wp\/v2\/product"}],"about":[{"href":"https:\/\/www.3p-gmbh.de\/es\/wp-json\/wp\/v2\/types\/product"}],"wp:featuredmedia":[{"embeddable":true,"href":"https:\/\/www.3p-gmbh.de\/es\/wp-json\/wp\/v2\/media\/73003"}],"wp:attachment":[{"href":"https:\/\/www.3p-gmbh.de\/es\/wp-json\/wp\/v2\/media?parent=90644"}],"wp:term":[{"taxonomy":"product_brand","embeddable":true,"href":"https:\/\/www.3p-gmbh.de\/es\/wp-json\/wp\/v2\/product_brand?post=90644"},{"taxonomy":"product_cat","embeddable":true,"href":"https:\/\/www.3p-gmbh.de\/es\/wp-json\/wp\/v2\/product_cat?post=90644"},{"taxonomy":"product_tag","embeddable":true,"href":"https:\/\/www.3p-gmbh.de\/es\/wp-json\/wp\/v2\/product_tag?post=90644"}],"curies":[{"name":"wp","href":"https:\/\/api.w.org\/{rel}","templated":true}]}}