{"id":90643,"date":"2019-11-01T13:44:18","date_gmt":"2019-11-01T13:44:18","guid":{"rendered":"https:\/\/www.3p-gmbh.de\/produkt\/plegadora-y-cosedora-por-capas-nagel-foldnak-2-con-entrega-en-corriente\/"},"modified":"2019-11-01T13:44:18","modified_gmt":"2019-11-01T13:44:18","slug":"plegadora-y-grapadora-de-capas-plegadora-de-unas-2-con-bisturi-boom","status":"publish","type":"product","link":"https:\/\/www.3p-gmbh.de\/es\/produkt\/plegadora-y-grapadora-de-capas-plegadora-de-unas-2-con-bisturi-boom\/","title":{"rendered":"Plegadora y cosedora por capas Nagel Foldnak 2 con entrega en corriente"},"content":{"rendered":"<p>para crear folletos de hasta 100 p\u00e1ginas en una sola operaci\u00f3n.<\/p>\n<p>Formato de alimentaci\u00f3n de papel de DIN A5 a DIN A 3-sobretama\u00f1o<br \/>\n&#8211; con 2 cabezales de grapado (ampliables a 4)<br \/>\n&#8211; Bastidor inferior regulable en altura<\/p>\n<p>Longitud aprox. 120 cm, anchura aprox. 65 cm, altura aprox. 140 cm, peso aprox. 100 kg<br \/>\nConexi\u00f3n 220 voltios<\/p>\n","protected":false},"excerpt":{"rendered":"<p>para crear folletos de hasta 100 p\u00e1ginas en una sola operaci\u00f3n. Formato de alimentaci\u00f3n de papel de DIN A5 a DIN A 3-sobretama\u00f1o &#8211; con 2 cabezales de grapado (ampliables a 4) &#8211; Bastidor inferior regulable en altura Longitud aprox. 120 cm, anchura aprox. 65 cm, altura aprox. 140 cm, peso aprox. 100 kg Conexi\u00f3n [&hellip;]<\/p>\n","protected":false},"featured_media":72868,"template":"","meta":[],"product_brand":[],"product_cat":[2982],"product_tag":[],"class_list":{"0":"post-90643","1":"product","2":"type-product","3":"status-publish","4":"has-post-thumbnail","6":"product_cat-plegadoras","7":"pa_hersteller-ernst-nagel","8":"pa_typ-foldnak-2","10":"first","11":"instock","12":"taxable","13":"shipping-taxable","14":"purchasable","15":"product-type-simple"},"jetpack_sharing_enabled":true,"_links":{"self":[{"href":"https:\/\/www.3p-gmbh.de\/es\/wp-json\/wp\/v2\/product\/90643","targetHints":{"allow":["GET"]}}],"collection":[{"href":"https:\/\/www.3p-gmbh.de\/es\/wp-json\/wp\/v2\/product"}],"about":[{"href":"https:\/\/www.3p-gmbh.de\/es\/wp-json\/wp\/v2\/types\/product"}],"wp:featuredmedia":[{"embeddable":true,"href":"https:\/\/www.3p-gmbh.de\/es\/wp-json\/wp\/v2\/media\/72868"}],"wp:attachment":[{"href":"https:\/\/www.3p-gmbh.de\/es\/wp-json\/wp\/v2\/media?parent=90643"}],"wp:term":[{"taxonomy":"product_brand","embeddable":true,"href":"https:\/\/www.3p-gmbh.de\/es\/wp-json\/wp\/v2\/product_brand?post=90643"},{"taxonomy":"product_cat","embeddable":true,"href":"https:\/\/www.3p-gmbh.de\/es\/wp-json\/wp\/v2\/product_cat?post=90643"},{"taxonomy":"product_tag","embeddable":true,"href":"https:\/\/www.3p-gmbh.de\/es\/wp-json\/wp\/v2\/product_tag?post=90643"}],"curies":[{"name":"wp","href":"https:\/\/api.w.org\/{rel}","templated":true}]}}