{"id":90630,"date":"2019-11-04T09:34:46","date_gmt":"2019-11-04T09:34:46","guid":{"rendered":"https:\/\/www.3p-gmbh.de\/produkt\/stahlfolder-plegadora-de-chapa-con-hebilla-t-52-2-4-4-f-t-sa\/"},"modified":"2019-11-04T09:34:46","modified_gmt":"2019-11-04T09:34:46","slug":"carpeta-de-bolsillo-carpeta-de-acero-t-52-2-4-4-f-t-sa","status":"publish","type":"product","link":"https:\/\/www.3p-gmbh.de\/es\/produkt\/carpeta-de-bolsillo-carpeta-de-acero-t-52-2-4-4-f-t-sa\/","title":{"rendered":"STAHLFolder plegadora de chapa con hebilla T 52.2-4-4-F-T SA"},"content":{"rendered":"<p>Alimentador de pilas planas F 52.2 con Tremat<br \/>\nControl con contador integrado y accionamiento por inversor<br \/>\nFW I 4 bolsas de 52 cm con dispositivo de insonorizaci\u00f3n<br \/>\nFW II 4 bolsas de 52 cm con dispositivo de insonorizaci\u00f3n<\/p>\n<p>entrega de cobertizos m\u00f3viles SAK 56.S2<\/p>\n<p>Unidad de cola fr\u00eda Planatol con unidad de control<\/p>\n<p>Los rodillos plegables se engomaron de nuevo en 2015<\/p>\n","protected":false},"excerpt":{"rendered":"<p>Alimentador de pilas planas F 52.2 con Tremat Control con contador integrado y accionamiento por inversor FW I 4 bolsas de 52 cm con dispositivo de insonorizaci\u00f3n FW II 4 bolsas de 52 cm con dispositivo de insonorizaci\u00f3n entrega de cobertizos m\u00f3viles SAK 56.S2 Unidad de cola fr\u00eda Planatol con unidad de control Los rodillos [&hellip;]<\/p>\n","protected":false},"featured_media":73123,"template":"","meta":[],"product_brand":[],"product_cat":[2982],"product_tag":[],"class_list":{"0":"post-90630","1":"product","2":"type-product","3":"status-publish","4":"has-post-thumbnail","6":"product_cat-plegadoras","7":"pa_hersteller-heidelberg-stahlfolder","8":"pa_typ-t-52-2-4-4-f-t-sa","10":"first","11":"instock","12":"taxable","13":"shipping-taxable","14":"purchasable","15":"product-type-simple"},"jetpack_sharing_enabled":true,"_links":{"self":[{"href":"https:\/\/www.3p-gmbh.de\/es\/wp-json\/wp\/v2\/product\/90630","targetHints":{"allow":["GET"]}}],"collection":[{"href":"https:\/\/www.3p-gmbh.de\/es\/wp-json\/wp\/v2\/product"}],"about":[{"href":"https:\/\/www.3p-gmbh.de\/es\/wp-json\/wp\/v2\/types\/product"}],"wp:featuredmedia":[{"embeddable":true,"href":"https:\/\/www.3p-gmbh.de\/es\/wp-json\/wp\/v2\/media\/73123"}],"wp:attachment":[{"href":"https:\/\/www.3p-gmbh.de\/es\/wp-json\/wp\/v2\/media?parent=90630"}],"wp:term":[{"taxonomy":"product_brand","embeddable":true,"href":"https:\/\/www.3p-gmbh.de\/es\/wp-json\/wp\/v2\/product_brand?post=90630"},{"taxonomy":"product_cat","embeddable":true,"href":"https:\/\/www.3p-gmbh.de\/es\/wp-json\/wp\/v2\/product_cat?post=90630"},{"taxonomy":"product_tag","embeddable":true,"href":"https:\/\/www.3p-gmbh.de\/es\/wp-json\/wp\/v2\/product_tag?post=90630"}],"curies":[{"name":"wp","href":"https:\/\/api.w.org\/{rel}","templated":true}]}}