{"id":90624,"date":"2019-11-04T09:44:16","date_gmt":"2019-11-04T09:44:16","guid":{"rendered":"https:\/\/www.3p-gmbh.de\/produkt\/placa-de-poligrafo-modelo-7203-01\/"},"modified":"2019-11-04T09:44:16","modified_gmt":"2019-11-04T09:44:16","slug":"polygraph-copplate-modell-7203-01","status":"publish","type":"product","link":"https:\/\/www.3p-gmbh.de\/es\/produkt\/polygraph-copplate-modell-7203-01\/","title":{"rendered":"Placa de pol\u00edgrafo modelo 7203.01"},"content":{"rendered":"<p>Formato del marco 750 x 640 mm<br \/>\nFormato de inserci\u00f3n 700 x 600 mm<br \/>\nL\u00e1mpara MH de 1 KW<br \/>\nSistema autom\u00e1tico de l\u00e1mina esparcidora<br \/>\nCajonera inferior<\/p>\n","protected":false},"excerpt":{"rendered":"<p>Formato del marco 750 x 640 mm Formato de inserci\u00f3n 700 x 600 mm L\u00e1mpara MH de 1 KW Sistema autom\u00e1tico de l\u00e1mina esparcidora Cajonera inferior<\/p>\n","protected":false},"featured_media":73162,"template":"","meta":[],"product_brand":[],"product_cat":[3000],"product_tag":[],"class_list":{"0":"post-90624","1":"product","2":"type-product","3":"status-publish","4":"has-post-thumbnail","6":"product_cat-tratamiento-de-las-planchas-de-impresion-es","7":"pa_hersteller-polygraph","8":"pa_typ-copplate-modell-7203-01","10":"first","11":"instock","12":"taxable","13":"shipping-taxable","14":"purchasable","15":"product-type-simple"},"jetpack_sharing_enabled":true,"_links":{"self":[{"href":"https:\/\/www.3p-gmbh.de\/es\/wp-json\/wp\/v2\/product\/90624","targetHints":{"allow":["GET"]}}],"collection":[{"href":"https:\/\/www.3p-gmbh.de\/es\/wp-json\/wp\/v2\/product"}],"about":[{"href":"https:\/\/www.3p-gmbh.de\/es\/wp-json\/wp\/v2\/types\/product"}],"wp:featuredmedia":[{"embeddable":true,"href":"https:\/\/www.3p-gmbh.de\/es\/wp-json\/wp\/v2\/media\/73162"}],"wp:attachment":[{"href":"https:\/\/www.3p-gmbh.de\/es\/wp-json\/wp\/v2\/media?parent=90624"}],"wp:term":[{"taxonomy":"product_brand","embeddable":true,"href":"https:\/\/www.3p-gmbh.de\/es\/wp-json\/wp\/v2\/product_brand?post=90624"},{"taxonomy":"product_cat","embeddable":true,"href":"https:\/\/www.3p-gmbh.de\/es\/wp-json\/wp\/v2\/product_cat?post=90624"},{"taxonomy":"product_tag","embeddable":true,"href":"https:\/\/www.3p-gmbh.de\/es\/wp-json\/wp\/v2\/product_tag?post=90624"}],"curies":[{"name":"wp","href":"https:\/\/api.w.org\/{rel}","templated":true}]}}