{"id":90617,"date":"2019-11-04T11:20:10","date_gmt":"2019-11-04T11:20:10","guid":{"rendered":"https:\/\/www.3p-gmbh.de\/produkt\/elevador-apilable-baumann-wohlenberg-nup-650\/"},"modified":"2019-11-04T11:20:10","modified_gmt":"2019-11-04T11:20:10","slug":"baumann-stack-lift-nup-650","status":"publish","type":"product","link":"https:\/\/www.3p-gmbh.de\/es\/produkt\/baumann-stack-lift-nup-650\/","title":{"rendered":"Elevador apilable Baumann Wohlenberg NUP 650"},"content":{"rendered":"<p><strong>Elevador apilable Baumann Wohlenberg NUP 650<\/strong><\/p>\n<p>Los elevadores apilables facilitan el trabajo a una altura c\u00f3moda.<br \/>\nAlta productividad gracias al r\u00e1pido cambio de pal\u00e9s (alta<br \/>\nvelocidad de descenso)<br \/>\nUso flexible (m\u00f3vil sobre ruedas giratorias) puede utilizarse en<br \/>\nDiferentes estaciones de trabajo (por ejemplo, cortadora, plegadora)<\/p>\n<p>Datos t\u00e9cnicos<br \/>\n&#8211; m\u00f3vil sobre ruedas giratorias<br \/>\n&#8211; Dimensiones interiores de la ba\u00f1era aprox. 785 x 1150 mm<br \/>\n&#8211; Altura de elevaci\u00f3n hasta 1000 mm<br \/>\n&#8211; Capacidad de carga m\u00e1xima kg 650<br \/>\n&#8211; Fotoc\u00e9lula regulable en altura para el ajuste autom\u00e1tico de la altura de trabajo<\/p>\n<p>&nbsp;<\/p>\n","protected":false},"excerpt":{"rendered":"<p>Elevador apilable Baumann Wohlenberg NUP 650 Los elevadores apilables facilitan el trabajo a una altura c\u00f3moda. Alta productividad gracias al r\u00e1pido cambio de pal\u00e9s (alta velocidad de descenso) Uso flexible (m\u00f3vil sobre ruedas giratorias) puede utilizarse en Diferentes estaciones de trabajo (por ejemplo, cortadora, plegadora) Datos t\u00e9cnicos &#8211; m\u00f3vil sobre ruedas giratorias &#8211; Dimensiones interiores [&hellip;]<\/p>\n","protected":false},"featured_media":77410,"template":"","meta":[],"product_brand":[],"product_cat":[2975],"product_tag":[],"class_list":{"0":"post-90617","1":"product","2":"type-product","3":"status-publish","4":"has-post-thumbnail","6":"product_cat-elevadores-y-apiladores","7":"pa_hersteller-baumann","8":"pa_typ-nup-650","10":"first","11":"instock","12":"taxable","13":"shipping-taxable","14":"purchasable","15":"product-type-simple"},"jetpack_sharing_enabled":true,"_links":{"self":[{"href":"https:\/\/www.3p-gmbh.de\/es\/wp-json\/wp\/v2\/product\/90617","targetHints":{"allow":["GET"]}}],"collection":[{"href":"https:\/\/www.3p-gmbh.de\/es\/wp-json\/wp\/v2\/product"}],"about":[{"href":"https:\/\/www.3p-gmbh.de\/es\/wp-json\/wp\/v2\/types\/product"}],"wp:featuredmedia":[{"embeddable":true,"href":"https:\/\/www.3p-gmbh.de\/es\/wp-json\/wp\/v2\/media\/77410"}],"wp:attachment":[{"href":"https:\/\/www.3p-gmbh.de\/es\/wp-json\/wp\/v2\/media?parent=90617"}],"wp:term":[{"taxonomy":"product_brand","embeddable":true,"href":"https:\/\/www.3p-gmbh.de\/es\/wp-json\/wp\/v2\/product_brand?post=90617"},{"taxonomy":"product_cat","embeddable":true,"href":"https:\/\/www.3p-gmbh.de\/es\/wp-json\/wp\/v2\/product_cat?post=90617"},{"taxonomy":"product_tag","embeddable":true,"href":"https:\/\/www.3p-gmbh.de\/es\/wp-json\/wp\/v2\/product_tag?post=90617"}],"curies":[{"name":"wp","href":"https:\/\/api.w.org\/{rel}","templated":true}]}}