{"id":90599,"date":"2019-11-04T13:31:11","date_gmt":"2019-11-04T13:31:11","guid":{"rendered":"https:\/\/www.3p-gmbh.de\/produkt\/hang-107-20-taladradora-de-papel\/"},"modified":"2019-11-04T13:31:11","modified_gmt":"2019-11-04T13:31:11","slug":"hang-107-20-taladro-de-papel","status":"publish","type":"product","link":"https:\/\/www.3p-gmbh.de\/es\/produkt\/hang-107-20-taladro-de-papel\/","title":{"rendered":"Hang 107 &#8211; 20 Taladradora de papel"},"content":{"rendered":"<ul>\n<li>taladradora autom\u00e1tica multihusillo para papel<\/li>\n<li>con 2 cabezales de perforaci\u00f3n<\/li>\n<li>Di\u00e1metro de la broca 3 &#8211; 14 mm<\/li>\n<li>Margen de ajuste de los husillos de perforaci\u00f3n de 36 &#8211; 420 mm<\/li>\n<li>Profundidad de trabajo muy grande 300 mm<\/li>\n<li>Sujeci\u00f3n r\u00e1pida de las brocas de papel<\/li>\n<li>Velocidad de perforaci\u00f3n regulable sin escalonamientos<\/li>\n<li>Modo Jog para ajustar la m\u00e1quina<\/li>\n<li>M\u00e1quina m\u00f3vil sobre rodillos orientables<\/li>\n<li>Topes de profundidad y laterales<\/li>\n<li>con motor trif\u00e1sico 380 V<\/li>\n<li>Activado por interruptor de pedal el\u00e9ctrico, circuito de inversi\u00f3n<\/li>\n<li>opcionalmente con dos o cuatro cabezales de perforaci\u00f3n<\/li>\n<\/ul>\n","protected":false},"excerpt":{"rendered":"<p>taladradora autom\u00e1tica multihusillo para papel con 2 cabezales de perforaci\u00f3n Di\u00e1metro de la broca 3 &#8211; 14 mm Margen de ajuste de los husillos de perforaci\u00f3n de 36 &#8211; 420 mm Profundidad de trabajo muy grande 300 mm Sujeci\u00f3n r\u00e1pida de las brocas de papel Velocidad de perforaci\u00f3n regulable sin escalonamientos Modo Jog para ajustar [&hellip;]<\/p>\n","protected":false},"featured_media":73402,"template":"","meta":[],"product_brand":[],"product_cat":[2956],"product_tag":[],"class_list":{"0":"post-90599","1":"product","2":"type-product","3":"status-publish","4":"has-post-thumbnail","6":"product_cat-taladros-de-papel","7":"pa_bezeichnung_typ-hang-107-20","8":"pa_hersteller-constantin-hang","10":"first","11":"instock","12":"taxable","13":"shipping-taxable","14":"purchasable","15":"product-type-simple"},"jetpack_sharing_enabled":true,"_links":{"self":[{"href":"https:\/\/www.3p-gmbh.de\/es\/wp-json\/wp\/v2\/product\/90599","targetHints":{"allow":["GET"]}}],"collection":[{"href":"https:\/\/www.3p-gmbh.de\/es\/wp-json\/wp\/v2\/product"}],"about":[{"href":"https:\/\/www.3p-gmbh.de\/es\/wp-json\/wp\/v2\/types\/product"}],"wp:featuredmedia":[{"embeddable":true,"href":"https:\/\/www.3p-gmbh.de\/es\/wp-json\/wp\/v2\/media\/73402"}],"wp:attachment":[{"href":"https:\/\/www.3p-gmbh.de\/es\/wp-json\/wp\/v2\/media?parent=90599"}],"wp:term":[{"taxonomy":"product_brand","embeddable":true,"href":"https:\/\/www.3p-gmbh.de\/es\/wp-json\/wp\/v2\/product_brand?post=90599"},{"taxonomy":"product_cat","embeddable":true,"href":"https:\/\/www.3p-gmbh.de\/es\/wp-json\/wp\/v2\/product_cat?post=90599"},{"taxonomy":"product_tag","embeddable":true,"href":"https:\/\/www.3p-gmbh.de\/es\/wp-json\/wp\/v2\/product_tag?post=90599"}],"curies":[{"name":"wp","href":"https:\/\/api.w.org\/{rel}","templated":true}]}}