{"id":90598,"date":"2019-11-04T13:14:30","date_gmt":"2019-11-04T13:14:30","guid":{"rendered":"https:\/\/www.3p-gmbh.de\/produkt\/linea-de-corte-polar-115-xt-con-vibrador-automatico-ra-4-y-dos-elevadores-de-pila-lw-1000-4-y-lw-1000-4-ev-y-bascula-contadora-opcional\/"},"modified":"2019-11-04T13:14:30","modified_gmt":"2019-11-04T13:14:30","slug":"polar-115-xt-linea-de-nieve","status":"publish","type":"product","link":"https:\/\/www.3p-gmbh.de\/es\/produkt\/polar-115-xt-linea-de-nieve\/","title":{"rendered":"L\u00ednea de corte Polar 115 XT con vibrador autom\u00e1tico RA-4 y dos elevadores de pila LW 1000-4 y LW 1000-4-EV y b\u00e1scula contadora opcional"},"content":{"rendered":"<p>El flujo de trabajo:<br \/>\nEl material a cortar se lleva a una altura de trabajo \u00f3ptima en el lado derecho con un elevador de carga,<br \/>\nEl operario coloca la cantidad exacta en el igualador autom\u00e1tico mediante la b\u00e1scula contadora opcional, donde se iguala.<br \/>\ny, a continuaci\u00f3n, se transporta a trav\u00e9s de un elemento de la mesa de transferencia a la mesa frontal de la cortadora de alta velocidad.<br \/>\nTras el corte, se coloca en el elevador de descarga con ayuda de apilado.<\/p>\n<p>Elevador apilable Polar LW 1000-4<br \/>\nde yr. 2004<br \/>\nPlataforma 80x126mm<br \/>\nLa elevaci\u00f3n autom\u00e1tica del material a cortar permite al operario cortar de la forma que m\u00e1s le convenga.<br \/>\naltura de trabajo ergon\u00f3micamente favorable, el material se introduce en el vibrador autom\u00e1tico o directamente en la<br \/>\ncargar la m\u00e1quina de corte.<br \/>\nEl elevador apilador tambi\u00e9n se puede utilizar para apilar material cortado y dispone de una ayuda de apilado ajustable.<br \/>\nLos elevadores apilables no tienen que anclarse al suelo, por lo que pueden desplazarse f\u00e1cilmente.<br \/>\nEst\u00e1n equipadas con barreras fotoel\u00e9ctricas de ajuste continuo para la elevaci\u00f3n o descenso autom\u00e1ticos.<\/p>\n<p>Jogger autom\u00e1tico RA-4 con rodillo esparcidor de aire<br \/>\nde yr. 2004<br \/>\nUna vez finalizado el proceso de vibraci\u00f3n, el aire se expulsa de la capa de corte.<br \/>\nSe puede esparcir 1 \u00f3 2 veces, siendo regulable la presi\u00f3n del primer esparcido.<br \/>\ny cuando la mesa est\u00e1 inclinada, tambi\u00e9n \u00abtachar en medio\u00bb.<\/p>\n<p>Tama\u00f1o de la mesa 900x1150mm acero inoxidable chapado<br \/>\nAltura de capa m\u00edn. 30 mm<br \/>\nHombre de altura de capa. 165 mm<br \/>\nAltura de la mesa 860 &#8211; 950 mm<br \/>\nConsumo de aire comprimido a 6 &#8211; 8 bar aprox. 2L\/min<\/p>\n<p>Cortadora Polar 115 XT con manejo t\u00e1ctil directo<br \/>\nde yr. 2004<br \/>\n&#8211; esquinas de aire de transferencia niqueladas<br \/>\n&#8211; mesa de aire niquelada<br \/>\n&#8211; dos mesas auxiliares Resopal 100&#215;100<br \/>\nLongitud de corte 1150 mm<br \/>\nAltura de inserci\u00f3n m\u00e1x. 165 mm<br \/>\n2 cuchillos<\/p>\n<p>Elevador de descarga con apilador Polar Mohr Elevador apilador LW 1000-4-EV<br \/>\nA\u00f1o de fabricaci\u00f3n 2004<br \/>\nPlataforma 80x126mm<\/p>\n<p>La elevaci\u00f3n autom\u00e1tica del material a cortar permite al operario cortar de la forma que m\u00e1s le convenga.<br \/>\naltura de trabajo ergon\u00f3micamente favorable, el material se introduce en el vibrador autom\u00e1tico o directamente en la<br \/>\ncargar la m\u00e1quina de corte.<br \/>\nEl elevador apilador tambi\u00e9n se puede utilizar para apilar material cortado y dispone de una ayuda de apilado ajustable.<br \/>\nLos elevadores apilables no tienen que anclarse al suelo, por lo que pueden desplazarse f\u00e1cilmente.<br \/>\nEst\u00e1n equipadas con barreras fotoel\u00e9ctricas de ajuste continuo para la elevaci\u00f3n o descenso autom\u00e1ticos.<\/p>\n<p>Dispositivo de apilado &#8211; La regla de alineaci\u00f3n lateral y la pared posterior facilitan la precisi\u00f3n de los bordes,<br \/>\nReapilado manual del material a cortar tras el corte<\/p>\n","protected":false},"excerpt":{"rendered":"<p>El flujo de trabajo: El material a cortar se lleva a una altura de trabajo \u00f3ptima en el lado derecho con un elevador de carga, El operario coloca la cantidad exacta en el igualador autom\u00e1tico mediante la b\u00e1scula contadora opcional, donde se iguala. y, a continuaci\u00f3n, se transporta a trav\u00e9s de un elemento de la [&hellip;]<\/p>\n","protected":false},"featured_media":77389,"template":"","meta":[],"product_brand":[],"product_cat":[3018],"product_tag":[],"class_list":{"0":"post-90598","1":"product","2":"type-product","3":"status-publish","4":"has-post-thumbnail","6":"product_cat-maquinas-de-corte-es","7":"pa_bezeichnung_typ-schneidelinie-polar-115-xt","8":"pa_hersteller-polar-mohr","10":"first","11":"instock","12":"taxable","13":"shipping-taxable","14":"purchasable","15":"product-type-simple"},"jetpack_sharing_enabled":true,"_links":{"self":[{"href":"https:\/\/www.3p-gmbh.de\/es\/wp-json\/wp\/v2\/product\/90598","targetHints":{"allow":["GET"]}}],"collection":[{"href":"https:\/\/www.3p-gmbh.de\/es\/wp-json\/wp\/v2\/product"}],"about":[{"href":"https:\/\/www.3p-gmbh.de\/es\/wp-json\/wp\/v2\/types\/product"}],"wp:featuredmedia":[{"embeddable":true,"href":"https:\/\/www.3p-gmbh.de\/es\/wp-json\/wp\/v2\/media\/77389"}],"wp:attachment":[{"href":"https:\/\/www.3p-gmbh.de\/es\/wp-json\/wp\/v2\/media?parent=90598"}],"wp:term":[{"taxonomy":"product_brand","embeddable":true,"href":"https:\/\/www.3p-gmbh.de\/es\/wp-json\/wp\/v2\/product_brand?post=90598"},{"taxonomy":"product_cat","embeddable":true,"href":"https:\/\/www.3p-gmbh.de\/es\/wp-json\/wp\/v2\/product_cat?post=90598"},{"taxonomy":"product_tag","embeddable":true,"href":"https:\/\/www.3p-gmbh.de\/es\/wp-json\/wp\/v2\/product_tag?post=90598"}],"curies":[{"name":"wp","href":"https:\/\/api.w.org\/{rel}","templated":true}]}}