{"id":90597,"date":"2019-11-04T13:51:28","date_gmt":"2019-11-04T13:51:28","guid":{"rendered":"https:\/\/www.3p-gmbh.de\/produkt\/clasificadora-de-transporte-con-pinzas-popp-ztm-078\/"},"modified":"2019-11-04T13:51:28","modified_gmt":"2019-11-04T13:51:28","slug":"popp-ztm-078-gripper-transport-collating-machine","status":"publish","type":"product","link":"https:\/\/www.3p-gmbh.de\/es\/produkt\/popp-ztm-078-gripper-transport-collating-machine\/","title":{"rendered":"Clasificadora de transporte con pinzas Popp ZTM 078"},"content":{"rendered":"<ul>\n<li>Recolectora Popp tipo 078-20, n\u00famero de serie. 001<\/li>\n<li>3 Estaciones de separaci\u00f3n Alimentador de fricci\u00f3n tipo MAX 063-00, n\u00famero de serie. 00810<\/li>\n<li>Anchura de trabajo 300 mm<\/li>\n<li>Anchura de la m\u00e1quina 450 mm<\/li>\n<li>Producto m\u00e1s peque\u00f1o L x A 60 x 60 mm x 80 g\/m\u00b2.<\/li>\n<li>Producto m\u00e1s grande L x A x P 300 x 300 x 20 mm<\/li>\n<li>Peso 300 kg<\/li>\n<\/ul>\n<p>Funci\u00f3n:<\/p>\n<ul>\n<li>Separaci\u00f3n de productos planos de 0-20 mm de grosor<\/li>\n<li>Separaci\u00f3n mediante cintas de aspiraci\u00f3n con bordes abiertos y cerrados en el sentido de la marcha<\/li>\n<li>Requisito del producto: el producto puede separarse del resto de la pila empujando el producto m\u00e1s bajo.<\/li>\n<\/ul>\n<p>Estructura:<\/p>\n<ul>\n<li>Altura del almac\u00e9n de apilado 200 mm<\/li>\n<li>Unidad de separaci\u00f3n, acelerador, control de doble hoja y armario de control<\/li>\n<li>El kit de vac\u00edo con 3 cintas permite cambiar r\u00e1pidamente a diferentes anchos de producto<\/li>\n<li>Vac\u00edo regulable y conmutable individualmente<\/li>\n<li>Bomba de vac\u00edo con filtro<\/li>\n<li>Mini esclusa para productos a partir de 30 mm de ancho o esclusa pendular para productos a partir de 120 mm de ancho<\/li>\n<li>Montaje sobre pie pesado en C<\/li>\n<li>Regulaci\u00f3n el\u00e9ctrica de la altura<\/li>\n<li>Extensi\u00f3n de descarga con longitud de 300 mm, opcionalmente tambi\u00e9n es posible de 150 mm y 450 mm<\/li>\n<\/ul>\n<p>Control:<\/p>\n<ul>\n<li>Panel de control y mando con arranque-parada del accionamiento, interruptor de parada de emergencia, llamada de ciclo \u00fanico<\/li>\n<li>Modos de funcionamiento: funcionamiento continuo y c\u00edclico, contador de preajustes, control de doble hoja<\/li>\n<li>Interfaz de se\u00f1ales con m\u00e1quinas de terceros mediante Popp X 20<\/li>\n<li>Cambio de idioma de visualizaci\u00f3n alem\u00e1n-ingl\u00e9s<\/li>\n<\/ul>\n<p>Datos t\u00e9cnicos comunes:<\/p>\n<ul>\n<li>Acceso longitudinal del producto<\/li>\n<li>Sujeci\u00f3n del producto mediante correas<\/li>\n<li>Espacio necesario Longitud 2000 mm<\/li>\n<li>Velocidad de la cinta 0-120 m\/min, rendimiento en funcionamiento continuo con tarjetas de pl\u00e1stico 1000 piezas\/minuto<\/li>\n<li>Fuente de alimentaci\u00f3n 1,0 kW, 240 V, 50 Hz; posibilidad de conversi\u00f3n al est\u00e1ndar estadounidense<\/li>\n<\/ul>\n","protected":false},"excerpt":{"rendered":"<p>Recolectora Popp tipo 078-20, n\u00famero de serie. 001 3 Estaciones de separaci\u00f3n Alimentador de fricci\u00f3n tipo MAX 063-00, n\u00famero de serie. 00810 Anchura de trabajo 300 mm Anchura de la m\u00e1quina 450 mm Producto m\u00e1s peque\u00f1o L x A 60 x 60 mm x 80 g\/m\u00b2. Producto m\u00e1s grande L x A x P 300 [&hellip;]<\/p>\n","protected":false},"featured_media":73435,"template":"","meta":[],"product_brand":[],"product_cat":[3044],"product_tag":[],"class_list":{"0":"post-90597","1":"product","2":"type-product","3":"status-publish","4":"has-post-thumbnail","6":"product_cat-maquinas-recolectoras","7":"pa_bezeichnung_typ-popp-ztm-078","8":"pa_hersteller-popp-maschinenbau","10":"first","11":"instock","12":"taxable","13":"shipping-taxable","14":"purchasable","15":"product-type-simple"},"jetpack_sharing_enabled":true,"_links":{"self":[{"href":"https:\/\/www.3p-gmbh.de\/es\/wp-json\/wp\/v2\/product\/90597","targetHints":{"allow":["GET"]}}],"collection":[{"href":"https:\/\/www.3p-gmbh.de\/es\/wp-json\/wp\/v2\/product"}],"about":[{"href":"https:\/\/www.3p-gmbh.de\/es\/wp-json\/wp\/v2\/types\/product"}],"wp:featuredmedia":[{"embeddable":true,"href":"https:\/\/www.3p-gmbh.de\/es\/wp-json\/wp\/v2\/media\/73435"}],"wp:attachment":[{"href":"https:\/\/www.3p-gmbh.de\/es\/wp-json\/wp\/v2\/media?parent=90597"}],"wp:term":[{"taxonomy":"product_brand","embeddable":true,"href":"https:\/\/www.3p-gmbh.de\/es\/wp-json\/wp\/v2\/product_brand?post=90597"},{"taxonomy":"product_cat","embeddable":true,"href":"https:\/\/www.3p-gmbh.de\/es\/wp-json\/wp\/v2\/product_cat?post=90597"},{"taxonomy":"product_tag","embeddable":true,"href":"https:\/\/www.3p-gmbh.de\/es\/wp-json\/wp\/v2\/product_tag?post=90597"}],"curies":[{"name":"wp","href":"https:\/\/api.w.org\/{rel}","templated":true}]}}