{"id":90569,"date":"2019-11-04T14:14:57","date_gmt":"2019-11-04T14:14:57","guid":{"rendered":"https:\/\/www.3p-gmbh.de\/produkt\/armario-para-sustancias-peligrosas-armario-de-seguridad-armario-de-proteccion-contra-incendios-armario-de-laboratorio-genios\/"},"modified":"2019-11-04T14:14:57","modified_gmt":"2019-11-04T14:14:57","slug":"armario-genios-sustancias-peligrosas-armario-de-seguridad-armario-proteccion-incendios-armario-laboratorio","status":"publish","type":"product","link":"https:\/\/www.3p-gmbh.de\/es\/produkt\/armario-genios-sustancias-peligrosas-armario-de-seguridad-armario-proteccion-incendios-armario-laboratorio\/","title":{"rendered":"Armario para sustancias peligrosas \/ armario de seguridad \/ armario de protecci\u00f3n contra incendios \/ armario de laboratorio Genios"},"content":{"rendered":"<p>para el almacenamiento de l\u00edquidos inflamables<\/p>\n<p>Aprobado para el almacenamiento de l\u00edquidos inflamables en el lugar de trabajo<br \/>\nseg\u00fan EN 14470-1 (Tipo 90) y TRGS 510, Anexo 3<br \/>\n&#8211; Construcci\u00f3n global probada y aprobada por un instituto de ensayo de materiales reconocido conforme a la norma EN 14470-1 (tipo 90) con una resistencia al fuego de &gt; 90 minutos<br \/>\n&#8211; Seguridad probada GS<br \/>\n&#8211; Aislamiento seg\u00fan DIN 4102<\/p>\n<p>&#8211; Carcasa exterior de chapa de acero, recubrimiento de polvo en RAL 7035 &#8211; gris claro<br \/>\n&#8211; 2 puertas batientes en RAL 1007 &#8211; amarillo narciso<br \/>\n&#8211; Carcasa interior de paneles revestidos de HPL &#8211; RAL 7035<br \/>\n&#8211; Ra\u00edl inferior de acero inoxidable &#8211; Niro Raute<br \/>\n&#8211; Altura de los estantes ajustable en incrementos de 64 mm<\/p>\n<p>Au\u00dfenma\u00dfe(BxTxH):1190x598x1935mm -753,00<br \/>\nInnenma\u00dfe(BxTxH):1087x430x1700mm<br \/>\nPeso: aprox. 505 kg<\/p>\n<p>Mobiliario interior, compuesto por:<br \/>\n1 x bandeja inferior (volumen de recogida 33 litros), seg\u00fan WHG &#8211; \u00dc-signo seg\u00fan StawaR<br \/>\n1 x tapa de chapa perforada como 1er nivel de almacenamiento<br \/>\n3 x estante<br \/>\n&#8211; dispositivo de seguridad para puertas<br \/>\n&#8211; En caso de incendio, autocierre autom\u00e1tico mediante termomec\u00e1nica<br \/>\n&#8211; puertas cuando la temperatura sube a &lt; 50 \u00b0C y<br \/>\n&#8211; Conductos de impulsi\u00f3n y extracci\u00f3n de aire cuando la temperatura sube a 70 \u00b0C<br \/>\n&#8211; Conexi\u00f3n de ventilaci\u00f3n mediante toma de tubo DN 80<br \/>\n&#8211; Operaci\u00f3n acc. TRGS 510, anexo 3 (\u00a1tambi\u00e9n homologado sin aire de escape!)<br \/>\n&#8211; Conexi\u00f3n a tierra seg\u00fan TRBS 2153 (evitar fuentes de ignici\u00f3n)<br \/>\n&#8211; Etiquetado seg\u00fan EN 14470-1 \/ TRGS 510, Anexo 3 \/ ISO 3864 \/ ASR A1.3<br \/>\n&#8211; Puertas bloqueables mediante cerradura de cilindro<\/p>\n","protected":false},"excerpt":{"rendered":"<p>para el almacenamiento de l\u00edquidos inflamables Aprobado para el almacenamiento de l\u00edquidos inflamables en el lugar de trabajo seg\u00fan EN 14470-1 (Tipo 90) y TRGS 510, Anexo 3 &#8211; Construcci\u00f3n global probada y aprobada por un instituto de ensayo de materiales reconocido conforme a la norma EN 14470-1 (tipo 90) con una resistencia al fuego [&hellip;]<\/p>\n","protected":false},"featured_media":73492,"template":"","meta":[],"product_brand":[],"product_cat":[2926],"product_tag":[],"class_list":{"0":"post-90569","1":"product","2":"type-product","3":"status-publish","4":"has-post-thumbnail","6":"product_cat-tecnologia-de-almacenamiento","7":"pa_hersteller-genios","9":"first","10":"instock","11":"taxable","12":"shipping-taxable","13":"purchasable","14":"product-type-simple"},"jetpack_sharing_enabled":true,"_links":{"self":[{"href":"https:\/\/www.3p-gmbh.de\/es\/wp-json\/wp\/v2\/product\/90569","targetHints":{"allow":["GET"]}}],"collection":[{"href":"https:\/\/www.3p-gmbh.de\/es\/wp-json\/wp\/v2\/product"}],"about":[{"href":"https:\/\/www.3p-gmbh.de\/es\/wp-json\/wp\/v2\/types\/product"}],"wp:featuredmedia":[{"embeddable":true,"href":"https:\/\/www.3p-gmbh.de\/es\/wp-json\/wp\/v2\/media\/73492"}],"wp:attachment":[{"href":"https:\/\/www.3p-gmbh.de\/es\/wp-json\/wp\/v2\/media?parent=90569"}],"wp:term":[{"taxonomy":"product_brand","embeddable":true,"href":"https:\/\/www.3p-gmbh.de\/es\/wp-json\/wp\/v2\/product_brand?post=90569"},{"taxonomy":"product_cat","embeddable":true,"href":"https:\/\/www.3p-gmbh.de\/es\/wp-json\/wp\/v2\/product_cat?post=90569"},{"taxonomy":"product_tag","embeddable":true,"href":"https:\/\/www.3p-gmbh.de\/es\/wp-json\/wp\/v2\/product_tag?post=90569"}],"curies":[{"name":"wp","href":"https:\/\/api.w.org\/{rel}","templated":true}]}}