{"id":90564,"date":"2019-11-04T15:00:41","date_gmt":"2019-11-04T15:00:41","guid":{"rendered":"https:\/\/www.3p-gmbh.de\/produkt\/horizon-maquina-recolectora-de-hojas-sueltas-por-vacio-ac-6000-s-cf-20-con-alimentador-de-tapas\/"},"modified":"2019-11-04T15:00:41","modified_gmt":"2019-11-04T15:00:41","slug":"combinador-aspirador-de-aire-de-cuchilla-sencilla-horizonte-ac-6000-s-cf-20-con-alimentador-giratorio","status":"publish","type":"product","link":"https:\/\/www.3p-gmbh.de\/es\/produkt\/combinador-aspirador-de-aire-de-cuchilla-sencilla-horizonte-ac-6000-s-cf-20-con-alimentador-giratorio\/","title":{"rendered":"HORIZON M\u00e1quina recolectora de hojas sueltas por vac\u00edo AC-6000 S CF-20 con alimentador de tapas"},"content":{"rendered":"<p>6 estaciones y muelle de transbordo adicional CF-20<br \/>\nLa alimentaci\u00f3n de papel mediante el principio de succi\u00f3n y chorro de aire garantiza un procesamiento fiable incluso con papeles muy cr\u00edticos<br \/>\nTama\u00f1os de papel de A5 a A3<br \/>\nGramajes de aprox. 50 -260 g\/m\u00b2.<br \/>\nControl de doble hoja<br \/>\nf\u00e1cil manejo<br \/>\nEspacio m\u00ednimo necesario<br \/>\nincl. Bomba DV<br \/>\nPantalla (izquierda)<\/p>\n","protected":false},"excerpt":{"rendered":"<p>6 estaciones y muelle de transbordo adicional CF-20 La alimentaci\u00f3n de papel mediante el principio de succi\u00f3n y chorro de aire garantiza un procesamiento fiable incluso con papeles muy cr\u00edticos Tama\u00f1os de papel de A5 a A3 Gramajes de aprox. 50 -260 g\/m\u00b2. Control de doble hoja f\u00e1cil manejo Espacio m\u00ednimo necesario incl. Bomba DV [&hellip;]<\/p>\n","protected":false},"featured_media":73540,"template":"","meta":[],"product_brand":[],"product_cat":[3044],"product_tag":[],"class_list":{"0":"post-90564","1":"product","2":"type-product","3":"status-publish","4":"has-post-thumbnail","6":"product_cat-maquinas-recolectoras","7":"pa_hersteller-horizon","8":"pa_typ-ac-6000-s-cf-20","10":"first","11":"instock","12":"taxable","13":"shipping-taxable","14":"purchasable","15":"product-type-simple"},"jetpack_sharing_enabled":true,"_links":{"self":[{"href":"https:\/\/www.3p-gmbh.de\/es\/wp-json\/wp\/v2\/product\/90564","targetHints":{"allow":["GET"]}}],"collection":[{"href":"https:\/\/www.3p-gmbh.de\/es\/wp-json\/wp\/v2\/product"}],"about":[{"href":"https:\/\/www.3p-gmbh.de\/es\/wp-json\/wp\/v2\/types\/product"}],"wp:featuredmedia":[{"embeddable":true,"href":"https:\/\/www.3p-gmbh.de\/es\/wp-json\/wp\/v2\/media\/73540"}],"wp:attachment":[{"href":"https:\/\/www.3p-gmbh.de\/es\/wp-json\/wp\/v2\/media?parent=90564"}],"wp:term":[{"taxonomy":"product_brand","embeddable":true,"href":"https:\/\/www.3p-gmbh.de\/es\/wp-json\/wp\/v2\/product_brand?post=90564"},{"taxonomy":"product_cat","embeddable":true,"href":"https:\/\/www.3p-gmbh.de\/es\/wp-json\/wp\/v2\/product_cat?post=90564"},{"taxonomy":"product_tag","embeddable":true,"href":"https:\/\/www.3p-gmbh.de\/es\/wp-json\/wp\/v2\/product_tag?post=90564"}],"curies":[{"name":"wp","href":"https:\/\/api.w.org\/{rel}","templated":true}]}}