{"id":90543,"date":"2019-11-04T16:57:38","date_gmt":"2019-11-04T16:57:38","guid":{"rendered":"https:\/\/www.3p-gmbh.de\/produkt\/plegadora-de-chapa-con-hebilla-eurofold-245-235-2x2-con-salida-larga-motorizada\/"},"modified":"2019-11-04T16:57:38","modified_gmt":"2019-11-04T16:57:38","slug":"2-x-2-pocket-folding-machine-eurofold-245-235-long-motorised-delivery","status":"publish","type":"product","link":"https:\/\/www.3p-gmbh.de\/es\/produkt\/2-x-2-pocket-folding-machine-eurofold-245-235-long-motorised-delivery\/","title":{"rendered":"Plegadora de chapa con hebilla Eurofold 245-235 2&#215;2 con salida larga motorizada"},"content":{"rendered":"<p>M\u00e1quina compuesta por:<\/p>\n<p>-Difusor de aspiraci\u00f3n bajo el suelo con aspiraci\u00f3n\/impulsi\u00f3n de aire<br \/>\n-Falzagreggat 245 con 2 bolsillos plegables 65cm<br \/>\n-contador de preselecci\u00f3n<br \/>\n-visualizaci\u00f3n de la nave<br \/>\n-bomba de vac\u00edo<\/p>\n<p>Tama\u00f1o del papel: 90 x 120 mm (m\u00edn.)<br \/>\nTama\u00f1o del papel: 50 x 650 mm (A2)<br \/>\nGramaje: 40 &#8211; 240 g\/m\u00b2.<br \/>\nVelocidad: hasta 30.000 hojas\/hora<br \/>\nLongitud del pliegue: 20 mm (m\u00edn.)<br \/>\nLongitud de plegado: 425 mm (m\u00e1x.)<br \/>\nConexi\u00f3n 220 \/ 240V Frecuencia: 50HZ<br \/>\nProtecci\u00f3n por fusible: m\u00e1x. 16 Amp.<\/p>\n","protected":false},"excerpt":{"rendered":"<p>M\u00e1quina compuesta por: -Difusor de aspiraci\u00f3n bajo el suelo con aspiraci\u00f3n\/impulsi\u00f3n de aire -Falzagreggat 245 con 2 bolsillos plegables 65cm -contador de preselecci\u00f3n -visualizaci\u00f3n de la nave -bomba de vac\u00edo Tama\u00f1o del papel: 90 x 120 mm (m\u00edn.) Tama\u00f1o del papel: 50 x 650 mm (A2) Gramaje: 40 &#8211; 240 g\/m\u00b2. Velocidad: hasta 30.000 hojas\/hora [&hellip;]<\/p>\n","protected":false},"featured_media":73654,"template":"","meta":[],"product_brand":[],"product_cat":[2982],"product_tag":[],"class_list":{"0":"post-90543","1":"product","2":"type-product","3":"status-publish","4":"has-post-thumbnail","6":"product_cat-plegadoras","7":"pa_hersteller-eurofold","8":"pa_typ-245-235","10":"first","11":"instock","12":"taxable","13":"shipping-taxable","14":"purchasable","15":"product-type-simple"},"jetpack_sharing_enabled":true,"_links":{"self":[{"href":"https:\/\/www.3p-gmbh.de\/es\/wp-json\/wp\/v2\/product\/90543","targetHints":{"allow":["GET"]}}],"collection":[{"href":"https:\/\/www.3p-gmbh.de\/es\/wp-json\/wp\/v2\/product"}],"about":[{"href":"https:\/\/www.3p-gmbh.de\/es\/wp-json\/wp\/v2\/types\/product"}],"wp:featuredmedia":[{"embeddable":true,"href":"https:\/\/www.3p-gmbh.de\/es\/wp-json\/wp\/v2\/media\/73654"}],"wp:attachment":[{"href":"https:\/\/www.3p-gmbh.de\/es\/wp-json\/wp\/v2\/media?parent=90543"}],"wp:term":[{"taxonomy":"product_brand","embeddable":true,"href":"https:\/\/www.3p-gmbh.de\/es\/wp-json\/wp\/v2\/product_brand?post=90543"},{"taxonomy":"product_cat","embeddable":true,"href":"https:\/\/www.3p-gmbh.de\/es\/wp-json\/wp\/v2\/product_cat?post=90543"},{"taxonomy":"product_tag","embeddable":true,"href":"https:\/\/www.3p-gmbh.de\/es\/wp-json\/wp\/v2\/product_tag?post=90543"}],"curies":[{"name":"wp","href":"https:\/\/api.w.org\/{rel}","templated":true}]}}