{"id":90536,"date":"2019-11-04T16:08:59","date_gmt":"2019-11-04T16:08:59","guid":{"rendered":"https:\/\/www.3p-gmbh.de\/produkt\/encoladora-de-dos-rodillos-sumbel-herold-400\/"},"modified":"2019-11-04T16:08:59","modified_gmt":"2019-11-04T16:08:59","slug":"sumbel-maquina-encoladora-de-dos-rodillos-herold-400","status":"publish","type":"product","link":"https:\/\/www.3p-gmbh.de\/es\/produkt\/sumbel-maquina-encoladora-de-dos-rodillos-herold-400\/","title":{"rendered":"Encoladora de dos rodillos Sumbel Herold 400"},"content":{"rendered":"<p>para papel, cart\u00f3n, cuero, etc4<\/p>\n<p>&#8211; Accionamiento del motor 230 voltios 1 fase, con conmutaci\u00f3n escalonada<br \/>\n&#8211; Rollos de lat\u00f3n inoxidable<br \/>\n&#8211; Piscina de plomo fr\u00edo, regulable en altura<br \/>\n&#8211; Anchura del rodillo: 400 mm<br \/>\n&#8211; Rascador<\/p>\n","protected":false},"excerpt":{"rendered":"<p>para papel, cart\u00f3n, cuero, etc4 &#8211; Accionamiento del motor 230 voltios 1 fase, con conmutaci\u00f3n escalonada &#8211; Rollos de lat\u00f3n inoxidable &#8211; Piscina de plomo fr\u00edo, regulable en altura &#8211; Anchura del rodillo: 400 mm &#8211; Rascador<\/p>\n","protected":false},"featured_media":73624,"template":"","meta":[],"product_brand":[],"product_cat":[2894],"product_tag":[],"class_list":{"0":"post-90536","1":"product","2":"type-product","3":"status-publish","4":"has-post-thumbnail","6":"product_cat-surtido-encuadernacion","7":"pa_hersteller-sumbel","8":"pa_typ-herold-500","10":"first","11":"instock","12":"taxable","13":"shipping-taxable","14":"purchasable","15":"product-type-simple"},"jetpack_sharing_enabled":true,"_links":{"self":[{"href":"https:\/\/www.3p-gmbh.de\/es\/wp-json\/wp\/v2\/product\/90536","targetHints":{"allow":["GET"]}}],"collection":[{"href":"https:\/\/www.3p-gmbh.de\/es\/wp-json\/wp\/v2\/product"}],"about":[{"href":"https:\/\/www.3p-gmbh.de\/es\/wp-json\/wp\/v2\/types\/product"}],"wp:featuredmedia":[{"embeddable":true,"href":"https:\/\/www.3p-gmbh.de\/es\/wp-json\/wp\/v2\/media\/73624"}],"wp:attachment":[{"href":"https:\/\/www.3p-gmbh.de\/es\/wp-json\/wp\/v2\/media?parent=90536"}],"wp:term":[{"taxonomy":"product_brand","embeddable":true,"href":"https:\/\/www.3p-gmbh.de\/es\/wp-json\/wp\/v2\/product_brand?post=90536"},{"taxonomy":"product_cat","embeddable":true,"href":"https:\/\/www.3p-gmbh.de\/es\/wp-json\/wp\/v2\/product_cat?post=90536"},{"taxonomy":"product_tag","embeddable":true,"href":"https:\/\/www.3p-gmbh.de\/es\/wp-json\/wp\/v2\/product_tag?post=90536"}],"curies":[{"name":"wp","href":"https:\/\/api.w.org\/{rel}","templated":true}]}}