{"id":90533,"date":"2019-11-04T15:56:41","date_gmt":"2019-11-04T15:56:41","guid":{"rendered":"https:\/\/www.3p-gmbh.de\/produkt\/sistema-de-cola-fria-hhs-c-220\/"},"modified":"2019-11-04T15:56:41","modified_gmt":"2019-11-04T15:56:41","slug":"sistema-de-encolado-en-frio-hhs-c-220","status":"publish","type":"product","link":"https:\/\/www.3p-gmbh.de\/es\/produkt\/sistema-de-encolado-en-frio-hhs-c-220\/","title":{"rendered":"Sistema de cola fr\u00eda HHS C 220"},"content":{"rendered":"<div><span style=\"font-family: @Arial Unicode MS;\">Sistema de cola fr\u00eda compuesto:  <\/span><\/div>\n<ul>\n<li><span style=\"font-family: @Arial Unicode MS;\">Controlador de 2 canales HHS C-220<\/span><\/li>\n<li><span style=\"font-family: @Arial Unicode MS;\">Codificador rotatorio<\/span><\/li>\n<li><span style=\"font-family: @Arial Unicode MS;\">Sensor<\/span><\/li>\n<li><span style=\"font-family: @Arial Unicode MS;\">boquilla ancha de cola fr\u00eda (salida aprox.30mm)<\/span><\/li>\n<li><span style=\"font-family: @Arial Unicode MS;\">Recipiente a presi\u00f3n<\/span><\/li>\n<\/ul>\n","protected":false},"excerpt":{"rendered":"<p>Sistema de cola fr\u00eda compuesto: Controlador de 2 canales HHS C-220 Codificador rotatorio Sensor boquilla ancha de cola fr\u00eda (salida aprox.30mm) Recipiente a presi\u00f3n<\/p>\n","protected":false},"featured_media":73612,"template":"","meta":[],"product_brand":[],"product_cat":[2873],"product_tag":[],"class_list":{"0":"post-90533","1":"product","2":"type-product","3":"status-publish","4":"has-post-thumbnail","6":"product_cat-otros-tratamientos-posteriores","7":"pa_hersteller-hhs","8":"pa_typ-c-220","10":"first","11":"instock","12":"taxable","13":"shipping-taxable","14":"purchasable","15":"product-type-simple"},"jetpack_sharing_enabled":true,"_links":{"self":[{"href":"https:\/\/www.3p-gmbh.de\/es\/wp-json\/wp\/v2\/product\/90533","targetHints":{"allow":["GET"]}}],"collection":[{"href":"https:\/\/www.3p-gmbh.de\/es\/wp-json\/wp\/v2\/product"}],"about":[{"href":"https:\/\/www.3p-gmbh.de\/es\/wp-json\/wp\/v2\/types\/product"}],"wp:featuredmedia":[{"embeddable":true,"href":"https:\/\/www.3p-gmbh.de\/es\/wp-json\/wp\/v2\/media\/73612"}],"wp:attachment":[{"href":"https:\/\/www.3p-gmbh.de\/es\/wp-json\/wp\/v2\/media?parent=90533"}],"wp:term":[{"taxonomy":"product_brand","embeddable":true,"href":"https:\/\/www.3p-gmbh.de\/es\/wp-json\/wp\/v2\/product_brand?post=90533"},{"taxonomy":"product_cat","embeddable":true,"href":"https:\/\/www.3p-gmbh.de\/es\/wp-json\/wp\/v2\/product_cat?post=90533"},{"taxonomy":"product_tag","embeddable":true,"href":"https:\/\/www.3p-gmbh.de\/es\/wp-json\/wp\/v2\/product_tag?post=90533"}],"curies":[{"name":"wp","href":"https:\/\/api.w.org\/{rel}","templated":true}]}}