{"id":90523,"date":"2019-11-04T16:53:39","date_gmt":"2019-11-04T16:53:39","guid":{"rendered":"https:\/\/www.3p-gmbh.de\/produkt\/plegadora-grafipli-3810-s\/"},"modified":"2019-11-04T16:53:39","modified_gmt":"2019-11-04T16:53:39","slug":"grafipli-3810-s-plegadora","status":"publish","type":"product","link":"https:\/\/www.3p-gmbh.de\/es\/produkt\/grafipli-3810-s-plegadora\/","title":{"rendered":"Plegadora Grafipli 3810 S"},"content":{"rendered":"<p>Formatos hasta DIN A3 extragrande<br \/>\n2 bolsillos<br \/>\nAlimentador por succi\u00f3n<br \/>\nAislamiento ac\u00fastico<br \/>\nVisualizaci\u00f3n de la cinta<br \/>\nArmario bajo con compresor<br \/>\npara gramajes de papel de 40 a 250 g\/m\u00b2.<\/p>\n","protected":false},"excerpt":{"rendered":"<p>Formatos hasta DIN A3 extragrande 2 bolsillos Alimentador por succi\u00f3n Aislamiento ac\u00fastico Visualizaci\u00f3n de la cinta Armario bajo con compresor para gramajes de papel de 40 a 250 g\/m\u00b2.<\/p>\n","protected":false},"featured_media":74254,"template":"","meta":[],"product_brand":[],"product_cat":[2982],"product_tag":[],"class_list":{"0":"post-90523","1":"product","2":"type-product","3":"status-publish","4":"has-post-thumbnail","6":"product_cat-plegadoras","7":"pa_hersteller-grafipli","8":"pa_typ-3810-s","10":"first","11":"instock","12":"taxable","13":"shipping-taxable","14":"purchasable","15":"product-type-simple"},"jetpack_sharing_enabled":true,"_links":{"self":[{"href":"https:\/\/www.3p-gmbh.de\/es\/wp-json\/wp\/v2\/product\/90523","targetHints":{"allow":["GET"]}}],"collection":[{"href":"https:\/\/www.3p-gmbh.de\/es\/wp-json\/wp\/v2\/product"}],"about":[{"href":"https:\/\/www.3p-gmbh.de\/es\/wp-json\/wp\/v2\/types\/product"}],"wp:featuredmedia":[{"embeddable":true,"href":"https:\/\/www.3p-gmbh.de\/es\/wp-json\/wp\/v2\/media\/74254"}],"wp:attachment":[{"href":"https:\/\/www.3p-gmbh.de\/es\/wp-json\/wp\/v2\/media?parent=90523"}],"wp:term":[{"taxonomy":"product_brand","embeddable":true,"href":"https:\/\/www.3p-gmbh.de\/es\/wp-json\/wp\/v2\/product_brand?post=90523"},{"taxonomy":"product_cat","embeddable":true,"href":"https:\/\/www.3p-gmbh.de\/es\/wp-json\/wp\/v2\/product_cat?post=90523"},{"taxonomy":"product_tag","embeddable":true,"href":"https:\/\/www.3p-gmbh.de\/es\/wp-json\/wp\/v2\/product_tag?post=90523"}],"curies":[{"name":"wp","href":"https:\/\/api.w.org\/{rel}","templated":true}]}}