{"id":90521,"date":"2019-11-05T09:45:38","date_gmt":"2019-11-05T09:45:38","guid":{"rendered":"https:\/\/www.3p-gmbh.de\/produkt\/rebajadora-automatica-matador-pneumatic-600\/"},"modified":"2019-11-05T09:45:38","modified_gmt":"2019-11-05T09:45:38","slug":"matador-pneumatic-600-faelzelautomat","status":"publish","type":"product","link":"https:\/\/www.3p-gmbh.de\/es\/produkt\/matador-pneumatic-600-faelzelautomat\/","title":{"rendered":"Rebajadora autom\u00e1tica Matador Pneumatic 600"},"content":{"rendered":"<p>La m\u00e1quina autom\u00e1tica F\u00c4LZEL con secuencia de funciones electr\u00f3nico-neum\u00e1tica<\/p>\n<p>equipado con dispensador de cinta para cintas autoadhesivas f\u00e1cilmente desenrollables<br \/>\nideal para blocs de escritorio grandes<\/p>\n<p>con dispositivo adicional Thermopli<br \/>\npara el uso de las cintas termofusibles Thermofan y Thermolin<br \/>\nLa temperatura se controla mediante un termostato integrado.<br \/>\nTiempo de calentamiento: 3 &#8211; 4 minutos.<\/p>\n<p>La soluci\u00f3n para todos los trabajos de plegado de folletos, calendarios y blocs cosidos o encolados.<\/p>\n<p>Anchura del lomo del bloque m\u00e1s peque\u00f1o 0,5 mm<br \/>\nAnchura del lomo del bloque m\u00e1s grande 20 mm<br \/>\nLongitud del bloque m\u00e1s grande 600 mm<br \/>\nAnchura m\u00ednima de la cinta 15 mm<br \/>\nAnchura m\u00e1xima de la cinta 50 mm<\/p>\n<p>Plegado absolutamente recto de la cinta plegable.<br \/>\nSecci\u00f3n de cinta de plisado al ras.<br \/>\nYa no es necesario volver a cortar.<br \/>\nautom\u00e1tico, r\u00e1pido y fiable.<\/p>\n<p>Dimensiones:<br \/>\nLongitud 1900 mm<br \/>\nAltura 1150 mm<br \/>\nProfundidad 730 mm<br \/>\nAltura de la mesa 850 mm<\/p>\n<p>Las secuencias funcionales de la galceadora autom\u00e1tica Matador Pneumatic 600 se accionan neum\u00e1ticamente &#8211; presi\u00f3n de servicio 6 bar.<br \/>\nInsertar bloques manualmente.<br \/>\nEl guiado de la cinta de procesamiento y la secci\u00f3n exacta, controlada por sensores, son totalmente autom\u00e1ticos.<br \/>\nRetire el bloque rebajado manualmente.<br \/>\nConexi\u00f3n de aire comprimido al suministro central o mediante compresor adicional.<br \/>\nEl control se realiza electr\u00f3nicamente mediante conmutaci\u00f3n centralizada.<br \/>\nValor de conexi\u00f3n 220 voltios.<\/p>\n","protected":false},"excerpt":{"rendered":"<p>La m\u00e1quina autom\u00e1tica F\u00c4LZEL con secuencia de funciones electr\u00f3nico-neum\u00e1tica equipado con dispensador de cinta para cintas autoadhesivas f\u00e1cilmente desenrollables ideal para blocs de escritorio grandes con dispositivo adicional Thermopli para el uso de las cintas termofusibles Thermofan y Thermolin La temperatura se controla mediante un termostato integrado. Tiempo de calentamiento: 3 &#8211; 4 minutos. La [&hellip;]<\/p>\n","protected":false},"featured_media":73738,"template":"","meta":[],"product_brand":[],"product_cat":[2894],"product_tag":[],"class_list":{"0":"post-90521","1":"product","2":"type-product","3":"status-publish","4":"has-post-thumbnail","6":"product_cat-surtido-encuadernacion","7":"pa_hersteller-matador","8":"pa_typ-pneumatic-600","10":"first","11":"instock","12":"taxable","13":"shipping-taxable","14":"purchasable","15":"product-type-simple"},"jetpack_sharing_enabled":true,"_links":{"self":[{"href":"https:\/\/www.3p-gmbh.de\/es\/wp-json\/wp\/v2\/product\/90521","targetHints":{"allow":["GET"]}}],"collection":[{"href":"https:\/\/www.3p-gmbh.de\/es\/wp-json\/wp\/v2\/product"}],"about":[{"href":"https:\/\/www.3p-gmbh.de\/es\/wp-json\/wp\/v2\/types\/product"}],"wp:featuredmedia":[{"embeddable":true,"href":"https:\/\/www.3p-gmbh.de\/es\/wp-json\/wp\/v2\/media\/73738"}],"wp:attachment":[{"href":"https:\/\/www.3p-gmbh.de\/es\/wp-json\/wp\/v2\/media?parent=90521"}],"wp:term":[{"taxonomy":"product_brand","embeddable":true,"href":"https:\/\/www.3p-gmbh.de\/es\/wp-json\/wp\/v2\/product_brand?post=90521"},{"taxonomy":"product_cat","embeddable":true,"href":"https:\/\/www.3p-gmbh.de\/es\/wp-json\/wp\/v2\/product_cat?post=90521"},{"taxonomy":"product_tag","embeddable":true,"href":"https:\/\/www.3p-gmbh.de\/es\/wp-json\/wp\/v2\/product_tag?post=90521"}],"curies":[{"name":"wp","href":"https:\/\/api.w.org\/{rel}","templated":true}]}}