{"id":90514,"date":"2019-11-05T09:26:04","date_gmt":"2019-11-05T09:26:04","guid":{"rendered":"https:\/\/www.3p-gmbh.de\/produkt\/plisadora-matator-42-perfect-elektromatic-con-dispensador-de-cinta\/"},"modified":"2019-11-05T09:26:04","modified_gmt":"2019-11-05T09:26:04","slug":"faelzelgeraet-matador-42-perfekt-elektromatic-with-tape-reeler","status":"publish","type":"product","link":"https:\/\/www.3p-gmbh.de\/es\/produkt\/faelzelgeraet-matador-42-perfekt-elektromatic-with-tape-reeler\/","title":{"rendered":"Plisadora Matator 42 perfect Elektromatic con dispensador de cinta"},"content":{"rendered":"<p>ofrece muchas posibilidades de plegado:<\/p>\n<p>Anchura del lomo del bloque m\u00e1s peque\u00f1o 2,5 mm<br \/>\nAnchura m\u00e1xima del lomo del bloque 25 mm<br \/>\nLongitud del bloque m\u00e1s grande 420 mm<br \/>\nAnchura m\u00ednima de la cinta 15 mm<br \/>\nAnchura m\u00e1xima de la cinta 50 mm<\/p>\n<ul>\n<li>Tapa de cinta de pliegues ajustable<\/li>\n<li>Recorrido absolutamente recto del cintur\u00f3n plisado<\/li>\n<li>cubierta trasera del cintur\u00f3n plegable ajustable con precisi\u00f3n en una escala<\/li>\n<li>descuento por descarga<\/li>\n<li>Ya no es necesario volver a cortar<\/li>\n<li>para un rendimiento especialmente alto<\/li>\n<li>Secci\u00f3n y tensado por electroim\u00e1n<\/li>\n<li>Pliegue la secci\u00f3n de cinta con precisi\u00f3n milim\u00e9trica tocando ligeramente el bloque del microinterruptor<\/li>\n<li>la plisadora con dispositivo de corte totalmente autom\u00e1tico<\/li>\n<\/ul>\n","protected":false},"excerpt":{"rendered":"<p>ofrece muchas posibilidades de plegado: Anchura del lomo del bloque m\u00e1s peque\u00f1o 2,5 mm Anchura m\u00e1xima del lomo del bloque 25 mm Longitud del bloque m\u00e1s grande 420 mm Anchura m\u00ednima de la cinta 15 mm Anchura m\u00e1xima de la cinta 50 mm Tapa de cinta de pliegues ajustable Recorrido absolutamente recto del cintur\u00f3n plisado [&hellip;]<\/p>\n","protected":false},"featured_media":73735,"template":"","meta":[],"product_brand":[],"product_cat":[2894],"product_tag":[],"class_list":{"0":"post-90514","1":"product","2":"type-product","3":"status-publish","4":"has-post-thumbnail","6":"product_cat-surtido-encuadernacion","7":"pa_hersteller-matador","9":"first","10":"instock","11":"taxable","12":"shipping-taxable","13":"purchasable","14":"product-type-simple"},"jetpack_sharing_enabled":true,"_links":{"self":[{"href":"https:\/\/www.3p-gmbh.de\/es\/wp-json\/wp\/v2\/product\/90514","targetHints":{"allow":["GET"]}}],"collection":[{"href":"https:\/\/www.3p-gmbh.de\/es\/wp-json\/wp\/v2\/product"}],"about":[{"href":"https:\/\/www.3p-gmbh.de\/es\/wp-json\/wp\/v2\/types\/product"}],"wp:featuredmedia":[{"embeddable":true,"href":"https:\/\/www.3p-gmbh.de\/es\/wp-json\/wp\/v2\/media\/73735"}],"wp:attachment":[{"href":"https:\/\/www.3p-gmbh.de\/es\/wp-json\/wp\/v2\/media?parent=90514"}],"wp:term":[{"taxonomy":"product_brand","embeddable":true,"href":"https:\/\/www.3p-gmbh.de\/es\/wp-json\/wp\/v2\/product_brand?post=90514"},{"taxonomy":"product_cat","embeddable":true,"href":"https:\/\/www.3p-gmbh.de\/es\/wp-json\/wp\/v2\/product_cat?post=90514"},{"taxonomy":"product_tag","embeddable":true,"href":"https:\/\/www.3p-gmbh.de\/es\/wp-json\/wp\/v2\/product_tag?post=90514"}],"curies":[{"name":"wp","href":"https:\/\/api.w.org\/{rel}","templated":true}]}}