{"id":90511,"date":"2019-11-05T10:33:39","date_gmt":"2019-11-05T10:33:39","guid":{"rendered":"https:\/\/www.3p-gmbh.de\/produkt\/hohner-accord-25-40-de-doble-cabezal-grapadora-de-alambre-con-kit-de-conversion-adicional-para-grapado-de-ojales-anulares\/"},"modified":"2019-11-05T10:33:39","modified_gmt":"2019-11-05T10:33:39","slug":"hohner-accord-25-40-maquina-de-grapado-de-doble-cabezal-con-kit-de-conversion-adicional-para-grapado-con-anilla-de-ojo","status":"publish","type":"product","link":"https:\/\/www.3p-gmbh.de\/es\/produkt\/hohner-accord-25-40-maquina-de-grapado-de-doble-cabezal-con-kit-de-conversion-adicional-para-grapado-con-anilla-de-ojo\/","title":{"rendered":"Hohner Accord 25-40 de doble cabezal &#8211; grapadora de alambre con kit de conversi\u00f3n adicional para grapado de ojales anulares"},"content":{"rendered":"<p>Para blocs y folletos con costura de ojal normal o de anilla (kit de conversi\u00f3n de ojal de anilla no incluido)<br \/>\n-Construcci\u00f3n s\u00f3lida con gran estabilidad para grapas limpias<br \/>\n-Mesa ajustable mediante asa: recta para blocs, inclinada para folletos<br \/>\n-Rodillos y embudos de alambre tubular para obtener resultados de grapado fiables incluso con grapas de mayor grosor<br \/>\n-espesor de la grapa: 2 hojas &#8211; 13 mm con la grapa doblada hacia abajo, hasta 23 mm perforada por ambos lados<br \/>\n-Capacidad m\u00e1xima de grapado: 206 grapas \/ min.<\/p>\n","protected":false},"excerpt":{"rendered":"<p>Para blocs y folletos con costura de ojal normal o de anilla (kit de conversi\u00f3n de ojal de anilla no incluido) -Construcci\u00f3n s\u00f3lida con gran estabilidad para grapas limpias -Mesa ajustable mediante asa: recta para blocs, inclinada para folletos -Rodillos y embudos de alambre tubular para obtener resultados de grapado fiables incluso con grapas de [&hellip;]<\/p>\n","protected":false},"featured_media":73825,"template":"","meta":[],"product_brand":[],"product_cat":[2990],"product_tag":[],"class_list":{"0":"post-90511","1":"product","2":"type-product","3":"status-publish","4":"has-post-thumbnail","6":"product_cat-grapadoras","7":"pa_hersteller-hohner","8":"pa_typ-accord-25-40","10":"first","11":"instock","12":"taxable","13":"shipping-taxable","14":"purchasable","15":"product-type-simple"},"jetpack_sharing_enabled":true,"_links":{"self":[{"href":"https:\/\/www.3p-gmbh.de\/es\/wp-json\/wp\/v2\/product\/90511","targetHints":{"allow":["GET"]}}],"collection":[{"href":"https:\/\/www.3p-gmbh.de\/es\/wp-json\/wp\/v2\/product"}],"about":[{"href":"https:\/\/www.3p-gmbh.de\/es\/wp-json\/wp\/v2\/types\/product"}],"wp:featuredmedia":[{"embeddable":true,"href":"https:\/\/www.3p-gmbh.de\/es\/wp-json\/wp\/v2\/media\/73825"}],"wp:attachment":[{"href":"https:\/\/www.3p-gmbh.de\/es\/wp-json\/wp\/v2\/media?parent=90511"}],"wp:term":[{"taxonomy":"product_brand","embeddable":true,"href":"https:\/\/www.3p-gmbh.de\/es\/wp-json\/wp\/v2\/product_brand?post=90511"},{"taxonomy":"product_cat","embeddable":true,"href":"https:\/\/www.3p-gmbh.de\/es\/wp-json\/wp\/v2\/product_cat?post=90511"},{"taxonomy":"product_tag","embeddable":true,"href":"https:\/\/www.3p-gmbh.de\/es\/wp-json\/wp\/v2\/product_tag?post=90511"}],"curies":[{"name":"wp","href":"https:\/\/api.w.org\/{rel}","templated":true}]}}