{"id":90504,"date":"2019-11-05T10:27:41","date_gmt":"2019-11-05T10:27:41","guid":{"rendered":"https:\/\/www.3p-gmbh.de\/produkt\/crisol-de-estampacion-en-caliente-heidelberg-oht-p-con-sistema-de-control-de-laminas-art\/"},"modified":"2019-11-05T10:27:41","modified_gmt":"2019-11-05T10:27:41","slug":"heidelberg-oht-p-hot-foil-practice-crucible-with-art-foil-control","status":"publish","type":"product","link":"https:\/\/www.3p-gmbh.de\/es\/produkt\/heidelberg-oht-p-hot-foil-practice-crucible-with-art-foil-control\/","title":{"rendered":"Crisol de estampaci\u00f3n en caliente Heidelberg OHT-P con sistema de control de l\u00e1minas ART"},"content":{"rendered":"<p>sin tintero ni rodillos entintadores<\/p>\n<p>hoja m\u00e1s grande 260 x 380 mm<br \/>\nhoja m\u00e1s peque\u00f1a 40 x70 mm<br \/>\nm\u00e1x. Tama\u00f1o del molde 260 x350 mm<br \/>\nFuerza de perforaci\u00f3n 40 toneladas<br \/>\nProducci\u00f3n 5500 bg.\/h<br \/>\n380 V 1,25 KW<br \/>\nPeso propio 1100 kg<br \/>\nDimensiones L1,68 x B1,24 x H1,85m<\/p>\n<p>2 Marco de cierre<br \/>\n2 placas calientes<\/p>\n","protected":false},"excerpt":{"rendered":"<p>sin tintero ni rodillos entintadores hoja m\u00e1s grande 260 x 380 mm hoja m\u00e1s peque\u00f1a 40 x70 mm m\u00e1x. Tama\u00f1o del molde 260 x350 mm Fuerza de perforaci\u00f3n 40 toneladas Producci\u00f3n 5500 bg.\/h 380 V 1,25 KW Peso propio 1100 kg Dimensiones L1,68 x B1,24 x H1,85m 2 Marco de cierre 2 placas calientes<\/p>\n","protected":false},"featured_media":73813,"template":"","meta":[],"product_brand":[],"product_cat":[2880],"product_tag":[],"class_list":{"0":"post-90504","1":"product","2":"type-product","3":"status-publish","4":"has-post-thumbnail","6":"product_cat-tipografia","7":"pa_hersteller-heidelberg","8":"pa_typ-oht-p","10":"first","11":"instock","12":"taxable","13":"shipping-taxable","14":"purchasable","15":"product-type-simple"},"jetpack_sharing_enabled":true,"_links":{"self":[{"href":"https:\/\/www.3p-gmbh.de\/es\/wp-json\/wp\/v2\/product\/90504","targetHints":{"allow":["GET"]}}],"collection":[{"href":"https:\/\/www.3p-gmbh.de\/es\/wp-json\/wp\/v2\/product"}],"about":[{"href":"https:\/\/www.3p-gmbh.de\/es\/wp-json\/wp\/v2\/types\/product"}],"wp:featuredmedia":[{"embeddable":true,"href":"https:\/\/www.3p-gmbh.de\/es\/wp-json\/wp\/v2\/media\/73813"}],"wp:attachment":[{"href":"https:\/\/www.3p-gmbh.de\/es\/wp-json\/wp\/v2\/media?parent=90504"}],"wp:term":[{"taxonomy":"product_brand","embeddable":true,"href":"https:\/\/www.3p-gmbh.de\/es\/wp-json\/wp\/v2\/product_brand?post=90504"},{"taxonomy":"product_cat","embeddable":true,"href":"https:\/\/www.3p-gmbh.de\/es\/wp-json\/wp\/v2\/product_cat?post=90504"},{"taxonomy":"product_tag","embeddable":true,"href":"https:\/\/www.3p-gmbh.de\/es\/wp-json\/wp\/v2\/product_tag?post=90504"}],"curies":[{"name":"wp","href":"https:\/\/api.w.org\/{rel}","templated":true}]}}