{"id":90497,"date":"2019-11-05T10:02:33","date_gmt":"2019-11-05T10:02:33","guid":{"rendered":"https:\/\/www.3p-gmbh.de\/produkt\/plegadora-planax-copy-binder-2\/"},"modified":"2019-11-05T10:02:33","modified_gmt":"2019-11-05T10:02:33","slug":"planax-copy-binder-2-faelzelgeraet","status":"publish","type":"product","link":"https:\/\/www.3p-gmbh.de\/es\/produkt\/planax-copy-binder-2-faelzelgeraet\/","title":{"rendered":"Plegadora Planax Copy Binder 2"},"content":{"rendered":"<ul>\n<li>Dise\u00f1o compacto y f\u00e1cil manejo<\/li>\n<li>Encuadernaciones de 5 a 330 hojas (sin cubiertas ni guardas)<\/li>\n<li>Procesado r\u00e1pido, preciso y limpio<\/li>\n<li>Lomo exacto para un aspecto profesional<\/li>\n<li>Comportamiento de impacto \u00f3ptimo para una agradable comodidad de lectura<\/li>\n<li>Alta durabilidad y resistencia de la encuadernaci\u00f3n<\/li>\n<\/ul>\n","protected":false},"excerpt":{"rendered":"<p>Dise\u00f1o compacto y f\u00e1cil manejo Encuadernaciones de 5 a 330 hojas (sin cubiertas ni guardas) Procesado r\u00e1pido, preciso y limpio Lomo exacto para un aspecto profesional Comportamiento de impacto \u00f3ptimo para una agradable comodidad de lectura Alta durabilidad y resistencia de la encuadernaci\u00f3n<\/p>\n","protected":false},"featured_media":73750,"template":"","meta":[],"product_brand":[],"product_cat":[2894],"product_tag":[],"class_list":{"0":"post-90497","1":"product","2":"type-product","3":"status-publish","4":"has-post-thumbnail","6":"product_cat-surtido-encuadernacion","7":"pa_hersteller-planax","8":"pa_typ-copy-binder-2","10":"first","11":"instock","12":"taxable","13":"shipping-taxable","14":"purchasable","15":"product-type-simple"},"jetpack_sharing_enabled":true,"_links":{"self":[{"href":"https:\/\/www.3p-gmbh.de\/es\/wp-json\/wp\/v2\/product\/90497","targetHints":{"allow":["GET"]}}],"collection":[{"href":"https:\/\/www.3p-gmbh.de\/es\/wp-json\/wp\/v2\/product"}],"about":[{"href":"https:\/\/www.3p-gmbh.de\/es\/wp-json\/wp\/v2\/types\/product"}],"wp:featuredmedia":[{"embeddable":true,"href":"https:\/\/www.3p-gmbh.de\/es\/wp-json\/wp\/v2\/media\/73750"}],"wp:attachment":[{"href":"https:\/\/www.3p-gmbh.de\/es\/wp-json\/wp\/v2\/media?parent=90497"}],"wp:term":[{"taxonomy":"product_brand","embeddable":true,"href":"https:\/\/www.3p-gmbh.de\/es\/wp-json\/wp\/v2\/product_brand?post=90497"},{"taxonomy":"product_cat","embeddable":true,"href":"https:\/\/www.3p-gmbh.de\/es\/wp-json\/wp\/v2\/product_cat?post=90497"},{"taxonomy":"product_tag","embeddable":true,"href":"https:\/\/www.3p-gmbh.de\/es\/wp-json\/wp\/v2\/product_tag?post=90497"}],"curies":[{"name":"wp","href":"https:\/\/api.w.org\/{rel}","templated":true}]}}