{"id":90492,"date":"2019-11-05T13:28:59","date_gmt":"2019-11-05T13:28:59","guid":{"rendered":"https:\/\/www.3p-gmbh.de\/produkt\/prensa-semiautomatica-de-libros-con-rodillos-zechini-gra-for-special-85\/"},"modified":"2019-11-05T13:28:59","modified_gmt":"2019-11-05T13:28:59","slug":"zechini-gra-for-special-85-rollable-semi-automatic-book-press-3","status":"publish","type":"product","link":"https:\/\/www.3p-gmbh.de\/es\/produkt\/zechini-gra-for-special-85-rollable-semi-automatic-book-press-3\/","title":{"rendered":"Prensa semiautom\u00e1tica de libros con rodillos Zechini Gra-for Special 85"},"content":{"rendered":"<p>m\u00e1x. Formato 38x55cm<br \/>\nm\u00e1x. Altura de inserci\u00f3n 44 cm<br \/>\nCondici\u00f3n revisada del taller<\/p>\n","protected":false},"excerpt":{"rendered":"<p>m\u00e1x. Formato 38x55cm m\u00e1x. Altura de inserci\u00f3n 44 cm Condici\u00f3n revisada del taller<\/p>\n","protected":false},"featured_media":73948,"template":"","meta":[],"product_brand":[],"product_cat":[2894],"product_tag":[],"class_list":{"0":"post-90492","1":"product","2":"type-product","3":"status-publish","4":"has-post-thumbnail","6":"product_cat-surtido-encuadernacion","7":"pa_hersteller-zechini-gra-for","8":"pa_typ-spezial-85","10":"first","11":"instock","12":"taxable","13":"shipping-taxable","14":"purchasable","15":"product-type-simple"},"jetpack_sharing_enabled":true,"_links":{"self":[{"href":"https:\/\/www.3p-gmbh.de\/es\/wp-json\/wp\/v2\/product\/90492","targetHints":{"allow":["GET"]}}],"collection":[{"href":"https:\/\/www.3p-gmbh.de\/es\/wp-json\/wp\/v2\/product"}],"about":[{"href":"https:\/\/www.3p-gmbh.de\/es\/wp-json\/wp\/v2\/types\/product"}],"wp:featuredmedia":[{"embeddable":true,"href":"https:\/\/www.3p-gmbh.de\/es\/wp-json\/wp\/v2\/media\/73948"}],"wp:attachment":[{"href":"https:\/\/www.3p-gmbh.de\/es\/wp-json\/wp\/v2\/media?parent=90492"}],"wp:term":[{"taxonomy":"product_brand","embeddable":true,"href":"https:\/\/www.3p-gmbh.de\/es\/wp-json\/wp\/v2\/product_brand?post=90492"},{"taxonomy":"product_cat","embeddable":true,"href":"https:\/\/www.3p-gmbh.de\/es\/wp-json\/wp\/v2\/product_cat?post=90492"},{"taxonomy":"product_tag","embeddable":true,"href":"https:\/\/www.3p-gmbh.de\/es\/wp-json\/wp\/v2\/product_tag?post=90492"}],"curies":[{"name":"wp","href":"https:\/\/api.w.org\/{rel}","templated":true}]}}