{"id":90491,"date":"2019-11-05T10:48:23","date_gmt":"2019-11-05T10:48:23","guid":{"rendered":"https:\/\/www.3p-gmbh.de\/produkt\/heidelberg-gt-a3-troqueladora-automatica-para-punzonado\/"},"modified":"2019-11-05T10:48:23","modified_gmt":"2019-11-05T10:48:23","slug":"heidelberg-gt-a3-crucible-maquina-para-perforar","status":"publish","type":"product","link":"https:\/\/www.3p-gmbh.de\/es\/produkt\/heidelberg-gt-a3-crucible-maquina-para-perforar\/","title":{"rendered":"Heidelberg GT A3 &#8211; Troqueladora autom\u00e1tica para punzonado"},"content":{"rendered":"<p>&#8211; sin unidad de entintado<br \/>\n&#8211; 2 Marco de cierre<\/p>\n<p>Datos t\u00e9cnicos:<br \/>\ntama\u00f1o de la hoja m\u00e1s grande 34 x 46 cm<br \/>\ntama\u00f1o de hoja m\u00e1s peque\u00f1o 8,5 x 12 cm<br \/>\nm\u00e1x. Tama\u00f1o de la hoja 34 x 46 cm<br \/>\nm\u00e1x. Tama\u00f1o del punz\u00f3n 32 x 45 cm<br \/>\nFuerza de perforaci\u00f3n 60 toneladas<br \/>\nm\u00e1x. Producci\u00f3n horaria 4000 hojas<br \/>\nPeso aprox. 2300 kg<br \/>\nDimensiones 2,08 x 1,48 x 2,10 m<\/p>\n","protected":false},"excerpt":{"rendered":"<p>&#8211; sin unidad de entintado &#8211; 2 Marco de cierre Datos t\u00e9cnicos: tama\u00f1o de la hoja m\u00e1s grande 34 x 46 cm tama\u00f1o de hoja m\u00e1s peque\u00f1o 8,5 x 12 cm m\u00e1x. Tama\u00f1o de la hoja 34 x 46 cm m\u00e1x. Tama\u00f1o del punz\u00f3n 32 x 45 cm Fuerza de perforaci\u00f3n 60 toneladas m\u00e1x. Producci\u00f3n [&hellip;]<\/p>\n","protected":false},"featured_media":73840,"template":"","meta":[],"product_brand":[],"product_cat":[2880],"product_tag":[],"class_list":{"0":"post-90491","1":"product","2":"type-product","3":"status-publish","4":"has-post-thumbnail","6":"product_cat-tipografia","7":"pa_hersteller-heidelberg","8":"pa_typ-oht-gt","10":"first","11":"instock","12":"taxable","13":"shipping-taxable","14":"purchasable","15":"product-type-simple"},"jetpack_sharing_enabled":true,"_links":{"self":[{"href":"https:\/\/www.3p-gmbh.de\/es\/wp-json\/wp\/v2\/product\/90491","targetHints":{"allow":["GET"]}}],"collection":[{"href":"https:\/\/www.3p-gmbh.de\/es\/wp-json\/wp\/v2\/product"}],"about":[{"href":"https:\/\/www.3p-gmbh.de\/es\/wp-json\/wp\/v2\/types\/product"}],"wp:featuredmedia":[{"embeddable":true,"href":"https:\/\/www.3p-gmbh.de\/es\/wp-json\/wp\/v2\/media\/73840"}],"wp:attachment":[{"href":"https:\/\/www.3p-gmbh.de\/es\/wp-json\/wp\/v2\/media?parent=90491"}],"wp:term":[{"taxonomy":"product_brand","embeddable":true,"href":"https:\/\/www.3p-gmbh.de\/es\/wp-json\/wp\/v2\/product_brand?post=90491"},{"taxonomy":"product_cat","embeddable":true,"href":"https:\/\/www.3p-gmbh.de\/es\/wp-json\/wp\/v2\/product_cat?post=90491"},{"taxonomy":"product_tag","embeddable":true,"href":"https:\/\/www.3p-gmbh.de\/es\/wp-json\/wp\/v2\/product_tag?post=90491"}],"curies":[{"name":"wp","href":"https:\/\/api.w.org\/{rel}","templated":true}]}}