{"id":90487,"date":"2019-11-05T11:00:19","date_gmt":"2019-11-05T11:00:19","guid":{"rendered":"https:\/\/www.3p-gmbh.de\/produkt\/fregadero-de-limpieza-trunk-pvc-anchura-de-insercion-del-fregadero-220-cm\/"},"modified":"2019-11-05T11:00:19","modified_gmt":"2019-11-05T11:00:19","slug":"tronco-pvc-lavabo-lavamanos-ancho-220-cm","status":"publish","type":"product","link":"https:\/\/www.3p-gmbh.de\/es\/produkt\/tronco-pvc-lavabo-lavamanos-ancho-220-cm\/","title":{"rendered":"Fregadero de limpieza Trunk PVC &#8211; Anchura de inserci\u00f3n del fregadero 220 cm"},"content":{"rendered":"<p>-de pl\u00e1stico PVC resistente a los golpes<br \/>\n-con grifo de agua, ducha y juego de desag\u00fce<br \/>\n-dos soportes de rodillos<\/p>\n<p>Anchura de inserci\u00f3n 220 cm<\/p>\n","protected":false},"excerpt":{"rendered":"<p>-de pl\u00e1stico PVC resistente a los golpes -con grifo de agua, ducha y juego de desag\u00fce -dos soportes de rodillos Anchura de inserci\u00f3n 220 cm<\/p>\n","protected":false},"featured_media":73858,"template":"","meta":[],"product_brand":[],"product_cat":[2899],"product_tag":[],"class_list":{"0":"post-90487","1":"product","2":"type-product","3":"status-publish","4":"has-post-thumbnail","6":"product_cat-accesorios-y-piezas-de-recambio-para-prensas","7":"pa_hersteller-herbert-stamm","9":"first","10":"instock","11":"taxable","12":"shipping-taxable","13":"purchasable","14":"product-type-simple"},"jetpack_sharing_enabled":true,"_links":{"self":[{"href":"https:\/\/www.3p-gmbh.de\/es\/wp-json\/wp\/v2\/product\/90487","targetHints":{"allow":["GET"]}}],"collection":[{"href":"https:\/\/www.3p-gmbh.de\/es\/wp-json\/wp\/v2\/product"}],"about":[{"href":"https:\/\/www.3p-gmbh.de\/es\/wp-json\/wp\/v2\/types\/product"}],"wp:featuredmedia":[{"embeddable":true,"href":"https:\/\/www.3p-gmbh.de\/es\/wp-json\/wp\/v2\/media\/73858"}],"wp:attachment":[{"href":"https:\/\/www.3p-gmbh.de\/es\/wp-json\/wp\/v2\/media?parent=90487"}],"wp:term":[{"taxonomy":"product_brand","embeddable":true,"href":"https:\/\/www.3p-gmbh.de\/es\/wp-json\/wp\/v2\/product_brand?post=90487"},{"taxonomy":"product_cat","embeddable":true,"href":"https:\/\/www.3p-gmbh.de\/es\/wp-json\/wp\/v2\/product_cat?post=90487"},{"taxonomy":"product_tag","embeddable":true,"href":"https:\/\/www.3p-gmbh.de\/es\/wp-json\/wp\/v2\/product_tag?post=90487"}],"curies":[{"name":"wp","href":"https:\/\/api.w.org\/{rel}","templated":true}]}}