{"id":90482,"date":"2019-11-05T11:26:18","date_gmt":"2019-11-05T11:26:18","guid":{"rendered":"https:\/\/www.3p-gmbh.de\/produkt\/apilador-schneider-enginneering-transomat-modelo-1058\/"},"modified":"2019-11-05T11:26:18","modified_gmt":"2019-11-05T11:26:18","slug":"schneider-engineering-apilador-transomat-modelo-1058","status":"publish","type":"product","link":"https:\/\/www.3p-gmbh.de\/es\/produkt\/schneider-engineering-apilador-transomat-modelo-1058\/","title":{"rendered":"Apilador Schneider Enginneering (Transomat) Modelo 1058"},"content":{"rendered":"<p>De pie a la izquierda<\/p>\n<p>Como alternativa al elevador de pila que mejora el rendimiento, los Transomats pueden utilizarse para descargar una guillotina de alta velocidad.<\/p>\n<p>Esto coloca autom\u00e1ticamente las capas divididas y no divididas en pal\u00e9s mientras el corte contin\u00faa al mismo tiempo.<\/p>\n<p>Esto reduce los costes de producci\u00f3n entre un 25% y un 70%, seg\u00fan el programa de corte.<\/p>\n<p>El apilador consigue una gran precisi\u00f3n en los bordes.<\/p>\n<p>Ventajas:<\/p>\n<p>-Aumentar la productividad: apilar al mismo tiempo que se corta<br \/>\n-Mayor calidad: las pilas con bordes especialmente precisos pueden procesarse directamente y con mayor rapidez.<\/p>\n","protected":false},"excerpt":{"rendered":"<p>De pie a la izquierda Como alternativa al elevador de pila que mejora el rendimiento, los Transomats pueden utilizarse para descargar una guillotina de alta velocidad. Esto coloca autom\u00e1ticamente las capas divididas y no divididas en pal\u00e9s mientras el corte contin\u00faa al mismo tiempo. Esto reduce los costes de producci\u00f3n entre un 25% y un [&hellip;]<\/p>\n","protected":false},"featured_media":73891,"template":"","meta":[],"product_brand":[],"product_cat":[3018],"product_tag":[],"class_list":{"0":"post-90482","1":"product","2":"type-product","3":"status-publish","4":"has-post-thumbnail","6":"product_cat-maquinas-de-corte-es","7":"pa_hersteller-schneider-engineering","8":"pa_typ-modell-1058","10":"first","11":"instock","12":"taxable","13":"shipping-taxable","14":"purchasable","15":"product-type-simple"},"jetpack_sharing_enabled":true,"_links":{"self":[{"href":"https:\/\/www.3p-gmbh.de\/es\/wp-json\/wp\/v2\/product\/90482","targetHints":{"allow":["GET"]}}],"collection":[{"href":"https:\/\/www.3p-gmbh.de\/es\/wp-json\/wp\/v2\/product"}],"about":[{"href":"https:\/\/www.3p-gmbh.de\/es\/wp-json\/wp\/v2\/types\/product"}],"wp:featuredmedia":[{"embeddable":true,"href":"https:\/\/www.3p-gmbh.de\/es\/wp-json\/wp\/v2\/media\/73891"}],"wp:attachment":[{"href":"https:\/\/www.3p-gmbh.de\/es\/wp-json\/wp\/v2\/media?parent=90482"}],"wp:term":[{"taxonomy":"product_brand","embeddable":true,"href":"https:\/\/www.3p-gmbh.de\/es\/wp-json\/wp\/v2\/product_brand?post=90482"},{"taxonomy":"product_cat","embeddable":true,"href":"https:\/\/www.3p-gmbh.de\/es\/wp-json\/wp\/v2\/product_cat?post=90482"},{"taxonomy":"product_tag","embeddable":true,"href":"https:\/\/www.3p-gmbh.de\/es\/wp-json\/wp\/v2\/product_tag?post=90482"}],"curies":[{"name":"wp","href":"https:\/\/api.w.org\/{rel}","templated":true}]}}