{"id":90478,"date":"2019-11-05T11:36:32","date_gmt":"2019-11-05T11:36:32","guid":{"rendered":"https:\/\/www.3p-gmbh.de\/produkt\/flejadora-automatica-exs-108\/"},"modified":"2019-11-05T11:36:32","modified_gmt":"2019-11-05T11:36:32","slug":"automatic-band-strapping-machine-exs-108","status":"publish","type":"product","link":"https:\/\/www.3p-gmbh.de\/es\/produkt\/automatic-band-strapping-machine-exs-108\/","title":{"rendered":"Flejadora autom\u00e1tica EXS-108"},"content":{"rendered":"<p>Esta flejadora autom\u00e1tica de bastidores controlada por microprocesador triunfa por su dise\u00f1o robusto y su facilidad de funcionamiento y manejo,<br \/>\nSu alto rendimiento y su amplia gama de tama\u00f1os de bastidor las hacen especialmente adecuadas para el uso individual con tama\u00f1os de envase que cambian con frecuencia.<\/p>\n<p>Dimensiones del marco: 850 x 600 mm<br \/>\n&#8211; Controlado por microprocesador<br \/>\n&#8211; Almacenamiento en cinta integrado<br \/>\n&#8211; Dise\u00f1o que ahorra energ\u00eda: el motor s\u00f3lo funciona durante las operaciones de flejado<br \/>\n&#8211; Portabobinas externo para cambiar r\u00e1pidamente la cinta<br \/>\n&#8211; M\u00e1quina compacta, manejo sencillo<br \/>\n&#8211; El motor se detiene autom\u00e1ticamente una vez finalizado el proceso de flejado<br \/>\n&#8211; Ruedas integradas en el tablero<br \/>\n&#8211; Arranque de la m\u00e1quina mediante: Rodillo de desbloqueo en el tablero, bot\u00f3n de arranque o pedal<br \/>\n&#8211; M\u00e1quina con marcado CE<\/p>\n<p>Dimensiones:<br \/>\nTama\u00f1o del marco 850 x 600 mm<br \/>\nCapacidad 26 flejes\/min.<br \/>\nLongitud 1.450 mm<br \/>\nAnchura 650 mm<br \/>\nAltura 1.500 mm<br \/>\nAltura de la mesa 820 mm<br \/>\nPeso 230 kg<br \/>\nSoporte del n\u00facleo 200 mm<br \/>\nAjuste de la correa de 8 a 15 mm, ajustado a 12 mm<br \/>\ncorreas est\u00e1ndar de PP<br \/>\nelectr. Conexi\u00f3n 230 V, 50 Hz, 1 Ph+N+PE<\/p>\n","protected":false},"excerpt":{"rendered":"<p>Esta flejadora autom\u00e1tica de bastidores controlada por microprocesador triunfa por su dise\u00f1o robusto y su facilidad de funcionamiento y manejo, Su alto rendimiento y su amplia gama de tama\u00f1os de bastidor las hacen especialmente adecuadas para el uso individual con tama\u00f1os de envase que cambian con frecuencia. Dimensiones del marco: 850 x 600 mm &#8211; [&hellip;]<\/p>\n","protected":false},"featured_media":73924,"template":"","meta":[],"product_brand":[],"product_cat":[3006],"product_tag":[],"class_list":{"0":"post-90478","1":"product","2":"type-product","3":"status-publish","4":"has-post-thumbnail","6":"product_cat-flejadoras","7":"pa_typ-exs-108","9":"first","10":"instock","11":"taxable","12":"shipping-taxable","13":"purchasable","14":"product-type-simple"},"jetpack_sharing_enabled":true,"_links":{"self":[{"href":"https:\/\/www.3p-gmbh.de\/es\/wp-json\/wp\/v2\/product\/90478","targetHints":{"allow":["GET"]}}],"collection":[{"href":"https:\/\/www.3p-gmbh.de\/es\/wp-json\/wp\/v2\/product"}],"about":[{"href":"https:\/\/www.3p-gmbh.de\/es\/wp-json\/wp\/v2\/types\/product"}],"wp:featuredmedia":[{"embeddable":true,"href":"https:\/\/www.3p-gmbh.de\/es\/wp-json\/wp\/v2\/media\/73924"}],"wp:attachment":[{"href":"https:\/\/www.3p-gmbh.de\/es\/wp-json\/wp\/v2\/media?parent=90478"}],"wp:term":[{"taxonomy":"product_brand","embeddable":true,"href":"https:\/\/www.3p-gmbh.de\/es\/wp-json\/wp\/v2\/product_brand?post=90478"},{"taxonomy":"product_cat","embeddable":true,"href":"https:\/\/www.3p-gmbh.de\/es\/wp-json\/wp\/v2\/product_cat?post=90478"},{"taxonomy":"product_tag","embeddable":true,"href":"https:\/\/www.3p-gmbh.de\/es\/wp-json\/wp\/v2\/product_tag?post=90478"}],"curies":[{"name":"wp","href":"https:\/\/api.w.org\/{rel}","templated":true}]}}